{"id":4025,"date":"2020-12-30T11:42:07","date_gmt":"2020-12-30T10:42:07","guid":{"rendered":"https:\/\/www.echosens.com\/privacy-policy\/"},"modified":"2025-10-03T14:48:06","modified_gmt":"2025-10-03T12:48:06","slug":"datenschutz","status":"publish","type":"page","link":"https:\/\/www.echosens.com\/de\/datenschutz\/","title":{"rendered":"Datenschutz"},"content":{"rendered":"<p>Datenschutzpolitik, die von Echosens auf seiner Website gesammelt wird: V2 Updated on Feb. 15, 2023<\/p>\n<h2>Einleitung<\/h2>\n<p>Der Datenschutzhinweis von Echosens ist Ausdruck der Verpflichtung von Echosens, eingetragen im Pariser Handels- und Gesellschaftsregister unter der Nummer 438 209 157, mit Hauptsitz in 6, rue Ferrus, 75014 Paris, Frankreich, als f\u00fcr die Verarbeitung Verantwortlicher, sich f\u00fcr den Schutz der personenbezogenen Daten der Nutzer (Interessenten, Kunden, Lieferanten, Internetnutzer, zusammen die &#8222;Nutzer&#8220;) der Echosens-Website (&#8222;Website&#8220;) einzusetzen.<\/p>\n<h2>Zweck des Hinweises<\/h2>\n<p>Zweck dieses Hinweises ist es, die Nutzer \u00fcber die Verarbeitung ihrer personenbezogenen Daten, die im Rahmen der Nutzung der Website erhoben wurden, sowie \u00fcber ihre Rechte in Bezug auf diese Verarbeitungen zu informieren.<\/p>\n<h2>Einzelheiten zu den Verarbeitungen<\/h2>\n<h3>Zweck der Verarbeitung<\/h3>\n<p>&#8211; Bearbeitung von Anfragen\/Nachrichten, die \u00fcber die entsprechenden Kontaktformulare eingereicht werden;<\/p>\n<p>&#8211; Verwaltung der kommerziellen Mitteilungen \u00fcber Produkte, Dienstleistungen und Veranstaltungen von Echosens;<\/p>\n<p>&#8211; Verwaltung der Website;<\/p>\n<p>&#8211; Messung des Publikums, der Leistung und der Erstellung von statistischen Berichten \/ gezielter Werbung (siehe Cookie-Richtlinie);<\/p>\n<p>&#8211; Verbesserung unserer Online-Dienste;<\/p>\n<p>&#8211; Kontaktaufnahme mit der technischen Unterst\u00fctzung von Echosens;<\/p>\n<p>&#8211; Anmeldung bei der Echosens Academy (E-Learning-Plattform).<\/p>\n<h3>Rechtsgrundlage f\u00fcr die Verarbeitung<\/h3>\n<p>&#8211; Das berechtigte Interesse von Echosens an der Durchf\u00fchrung kommerzieller Kommunikation, der Verwaltung der Website und der Registrierung bei der Echosens Academy (e-learning Plattform);<\/p>\n<p>&#8211; Ergreifung von Ma\u00dfnahmen vor dem Abschluss eines Vertrags.<\/p>\n<h3>Kategorie der personenbezogenen Daten<\/h3>\n<p>&#8211; Identifizierungsdaten (Name, Vorname, IP-Adresse, Region oder Land);<\/p>\n<p>&#8211; Kontaktangaben (pers\u00f6nliche oder berufliche E-Mail-Adresse und Telefonnummer);<\/p>\n<p>&#8211; Berufliche Daten (Unternehmen, Position, Missionen);<\/p>\n<p>&#8211; Alle personenbezogenen Daten, die in der an Echosens \u00fcber Kontaktformulare gesendeten Nachricht angegeben sind;<\/p>\n<p>&#8211; Log-Daten;<\/p>\n<p>&#8211; Cookies-Daten.<\/p>\n<h3>Kategorie der betroffenen Personen<\/h3>\n<p>&#8211; Je nach Zweck der Verarbeitung: Kunden, Interessenten, Lieferanten oder Internetnutzer<\/p>\n<h3>Dauer der Verarbeitung<\/h3>\n<p>&#8211; Kaufinteressenten: 3 Jahre ab dem letzten Kontakt mit dem Interessenten;<\/p>\n<p>&#8211; Kunden: Dauer des Vertragsverh\u00e4ltnisses im aktiven Zustand und 5 Jahre im Zwischenzustand zu Beweiszwecken;<\/p>\n<p>&#8211; Lieferanten: Dauer des Vertragsverh\u00e4ltnisses auf aktiver Basis und 5 Jahre auf Zwischenbasis zu Beweiszwecken;<\/p>\n<p>&#8211; Cookies: maximal 25 Monate<\/p>\n<p>&#8211; Protokolldaten: 1 Jahr ab der Erhebung.<\/p>\n<p>&nbsp;<\/p>\n<h2>Empf\u00e4nger der personenbezogenen Daten<\/h2>\n<p>Echosens kann die personenbezogenen Daten der Benutzer an autorisierte Empf\u00e4nger weitergeben, die einer angemessenen Vertraulichkeitsverpflichtung unterliegen, wobei es sich je nach Fall um interne oder externe Empf\u00e4nger handeln kann:<\/p>\n<p>Interne Empf\u00e4nger sind alle Mitarbeiter von Echosens, deren Aufgaben, Funktionen und Auftr\u00e4ge die Verarbeitung der personenbezogenen Daten der Benutzer erfordern (Kundenabteilung, IT-Abteilung usw.), und zwar ausschlie\u00dflich zu den in diesem Datenschutzhinweis genannten Zwecken und im Rahmen der technischen und organisatorischen Ma\u00dfnahmen, die von Echosens zur Wahrung der Vertraulichkeit und Sicherheit der personenbezogenen Daten getroffen werden;<\/p>\n<p>Bei den externen Empf\u00e4ngern handelt es sich je nach dem Zweck der Verarbeitung um<\/p>\n<ul>\n<li>Dienstleister oder Auftragsverarbeiter, die Echosens im Rahmen der Verwaltung seiner Beziehungen zu den Nutzern in Anspruch nehmen kann (z. B.: Website-Hosting-Anbieter);<\/li>\n<li>Einrichtungen, die mit der Beratung, der Pr\u00fcfung (einschlie\u00dflich der Lizenzpr\u00fcfung) und der Finanzkontrolle von Echosens beauftragt sind (Wirtschaftspr\u00fcfer, Rechtsanw\u00e4lte, Buchpr\u00fcfer);<\/li>\n<li>Verwaltungs- oder Justizbeh\u00f6rden im Rahmen ihrer Befugnisse;<\/li>\n<li>Im Falle eines Vorhabens zur Mittelbeschaffung, zum Erwerb oder zur Ver\u00e4u\u00dferung einer T\u00e4tigkeit oder von Verm\u00f6genswerten von Echosens, gleichg\u00fcltig mit welchen Mitteln, einschlie\u00dflich des Verkaufs des Unternehmens, das diese T\u00e4tigkeit aus\u00fcbt oder Eigent\u00fcmer dieser Verm\u00f6genswerte ist, werden der oder die potenziellen K\u00e4ufer und ihre Berater vor der Transaktion gepr\u00fcft.<\/li>\n<\/ul>\n<h2>\u00a0<\/h2>\n<h2>\nRechte der Nutzer<\/h2>\n<p>Je nachdem, wo sich der Nutzer befindet, hat er das Recht, auf seine personenbezogenen Daten zuzugreifen. Der Nutzer hat auch das Recht auf Berichtigung und L\u00f6schung seiner personenbezogenen Daten sowie das Recht, der Verarbeitung zu widersprechen und ggf. seine Zustimmung zur Verarbeitung zu widerrufen. Dar\u00fcber hinaus hat der Nutzer das Recht auf die \u00dcbertragbarkeit seiner personenbezogenen Daten, auf die Einschr\u00e4nkung ihrer Verarbeitung und das Recht, Richtlinien f\u00fcr die Verarbeitung seiner personenbezogenen Daten nach seinem Tod zu formulieren.<\/p>\n<p>Der Nutzer kann die oben genannten Rechte aus\u00fcben, indem er sich per Post an Echosens, 6 rue Ferrus, 75014 Paris, oder per E-Mail an folgende Adresse wendet: <a href=\"mailto:dpo@echosens.com\">dpo@echosens.com<\/a>.<br \/>\nDie Anfrage des Nutzers muss von ihm selbst stammen (es sei denn, er erteilt einem Dritten einen ordnungsgem\u00e4\u00dfen Auftrag) und so klar und ausf\u00fchrlich wie m\u00f6glich sein, damit Echosens so schnell wie m\u00f6glich antworten kann, was je nach Komplexit\u00e4t zwischen einem und drei Monaten dauern kann.<\/p>\n<p>Echosens kann den Nutzer auffordern, seine Anfrage zu vervollst\u00e4ndigen, wenn sie nicht hinreichend pr\u00e4zise ist, wenn das Recht, das er aus\u00fcben m\u00f6chte, nicht leicht erkennbar ist oder wenn er seine Identit\u00e4t nicht feststellen kann; in diesem Fall kann Echosens ihn auffordern, zus\u00e4tzliche Informationen und insbesondere einen Identit\u00e4tsnachweis vorzulegen, der nach \u00dcberpr\u00fcfung seiner Identit\u00e4t gel\u00f6scht wird.<\/p>\n<p>Dar\u00fcber hinaus ist Echosens nicht verpflichtet, dem Ersuchen eines Benutzers nachzukommen, wenn es offensichtlich unbegr\u00fcndet oder \u00fcbertrieben ist, insbesondere wenn das Ersuchen sich wiederholt oder zu komplex ist, um bearbeitet werden zu k\u00f6nnen, und dies den Zweck oder die Wirkung h\u00e4tte, die T\u00e4tigkeit von Echosens zu destabilisieren oder vom Zweck der Rechte des Einzelnen in Bezug auf seine personenbezogenen Daten abzuweichen.<\/p>\n<h2>\u00dcbermittlung personenbezogener Daten ins Ausland<\/h2>\n<p>Personenbezogene Daten von Benutzern, die sich im Europ\u00e4ischen Wirtschaftsraum (EWR) befinden, k\u00f6nnen in L\u00e4nder au\u00dferhalb des EWR \u00fcbertragen werden. In diesem Fall erf\u00fcllt Echosens alle Verpflichtungen in Bezug auf die \u00dcbermittlung personenbezogener Daten in ein Drittland und setzt geeignete Schutzma\u00dfnahmen wie Standardvertragsklauseln (SCC), BCR oder andere Ma\u00dfnahmen zur Gew\u00e4hrleistung der Sicherheit personenbezogener Daten ein.<\/p>\n<h2>Sicherheit<\/h2>\n<p>Echosens ergreift die technischen und organisatorischen Sicherheitsma\u00dfnahmen, die es f\u00fcr angemessen h\u00e4lt, um die Vertraulichkeit und Sicherheit der von ihm verarbeiteten personenbezogenen Daten zu wahren und deren unbefugte Zerst\u00f6rung, Verlust, \u00c4nderung oder Weitergabe zu verhindern.<br \/>\nF\u00fcr den Fall, dass Echosens Auftragsverarbeiter einsetzt, d. h. Dienstleister, denen Echosens die gesamte oder einen Teil der Verarbeitung \u00fcbertragen hat und die die personenbezogenen Daten der Nutzer gem\u00e4\u00df den Anweisungen von Echosens verarbeiten, verpflichtet sich Echosens, diesen vertraglich \u00e4hnliche Sicherheitsgarantien aufzuerlegen, wie sie Echosens zum Schutz der personenbezogenen Daten anwendet, und beh\u00e4lt sich das Recht vor, diese zu \u00fcberpr\u00fcfen, um die Einhaltung ihrer Verpflichtungen zu gew\u00e4hrleisten.<\/p>\n<h2>Aktualisierung des vorliegenden Hinweises<\/h2>\n<p>Echosens kann diesen Hinweis jederzeit \u00e4ndern, erg\u00e4nzen oder aktualisieren, um der Entwicklung von Gesetzen, Vorschriften und\/oder der Rechtsprechung, einer \u00c4nderung der Merkmale der Verarbeitungen oder der Einf\u00fchrung einer neuen Verarbeitung Rechnung zu tragen. Jede neue Version dieses Hinweises wird den Benutzern auf jede von Echosens gew\u00e4hlte Weise zur Kenntnis gebracht.<\/p>\n<h2>Ansprechpartner<\/h2>\n<p>Die Nutzer k\u00f6nnen Fragen, Beschwerden, Empfehlungen oder Kommentare zu dieser Mitteilung schriftlich an die folgende Adresse richten:<br \/>\n&#8211; Per Post: Echosens, 6 rue Ferrus, 75014 Paris<br \/>\n&#8211; Per E-Mail: <a href=\"mailto:dpo@echosens.com\">dpo@echosens.com<\/a><\/p>\n<p>Nutzer, die sich im EWR befinden, k\u00f6nnen sich auch an ihre nationale Datenschutzbeh\u00f6rde wenden, wenn sie Fragen zur Verarbeitung ihrer personenbezogenen Daten haben oder eine Beschwerde einreichen m\u00f6chten.<\/p>\n<p>&nbsp;<\/p>\n","protected":false},"excerpt":{"rendered":"<p>Datenschutzpolitik, die von Echosens auf seiner Website gesammelt wird: V2 Updated on Feb. 15, 2023 Einleitung Der Datenschutzhinweis von Echosens ist Ausdruck der Verpflichtung von Echosens, eingetragen im Pariser Handels- und Gesellschaftsregister unter der Nummer 438 209 157, mit Hauptsitz in 6, rue Ferrus, 75014 Paris, Frankreich, als f\u00fcr die Verarbeitung Verantwortlicher, sich f\u00fcr den [&hellip;]<\/p>\n","protected":false},"author":1,"featured_media":0,"parent":0,"menu_order":0,"comment_status":"closed","ping_status":"closed","template":"templates\/cms.php","meta":{"_acf_changed":false,"_searchwp_excluded":"","footnotes":""},"class_list":["post-4025","page","type-page","status-publish","hentry"],"acf":[],"yoast_head":"<!-- This site is optimized with the Yoast SEO plugin v27.4 - https:\/\/yoast.com\/product\/yoast-seo-wordpress\/ -->\n<title>Datenschutz - Echosens<\/title>\n<meta name=\"description\" content=\"Die Datenschutzerkl\u00e4rung von Echosens bringt die Verpflichtung von Echosens zum Ausdruck, eingetragen im Handels- und Gesellschaftsregister von Paris.\" \/>\n<meta name=\"robots\" content=\"index, follow, max-snippet:-1, max-image-preview:large, max-video-preview:-1\" \/>\n<link rel=\"canonical\" href=\"https:\/\/www.echosens.com\/de\/datenschutz\/\" \/>\n<meta property=\"og:locale\" content=\"de_DE\" \/>\n<meta property=\"og:type\" content=\"article\" \/>\n<meta property=\"og:title\" content=\"Datenschutz - Echosens\" \/>\n<meta property=\"og:description\" content=\"Die Datenschutzerkl\u00e4rung von Echosens bringt die Verpflichtung von Echosens zum Ausdruck, eingetragen im Handels- und Gesellschaftsregister von Paris.\" \/>\n<meta property=\"og:url\" content=\"https:\/\/www.echosens.com\/de\/datenschutz\/\" \/>\n<meta property=\"og:site_name\" content=\"Echosens\" \/>\n<meta property=\"article:publisher\" content=\"https:\/\/www.facebook.com\/fibroscan.echosens\" \/>\n<meta property=\"article:modified_time\" content=\"2025-10-03T12:48:06+00:00\" \/>\n<meta name=\"twitter:card\" content=\"summary_large_image\" \/>\n<meta name=\"twitter:site\" content=\"@Echosens\" \/>\n<meta name=\"twitter:label1\" content=\"Gesch\u00e4tzte Lesezeit\" \/>\n\t<meta name=\"twitter:data1\" content=\"5\u00a0Minuten\" \/>\n<script type=\"application\/ld+json\" class=\"yoast-schema-graph\">{\"@context\":\"https:\\\/\\\/schema.org\",\"@graph\":[{\"@type\":\"WebPage\",\"@id\":\"https:\\\/\\\/www.echosens.com\\\/de\\\/datenschutz\\\/\",\"url\":\"https:\\\/\\\/www.echosens.com\\\/de\\\/datenschutz\\\/\",\"name\":\"Datenschutz - Echosens\",\"isPartOf\":{\"@id\":\"https:\\\/\\\/www.echosens.com\\\/de\\\/#website\"},\"datePublished\":\"2020-12-30T10:42:07+00:00\",\"dateModified\":\"2025-10-03T12:48:06+00:00\",\"description\":\"Die Datenschutzerkl\u00e4rung von Echosens bringt die Verpflichtung von Echosens zum Ausdruck, eingetragen im Handels- und Gesellschaftsregister von Paris.\",\"breadcrumb\":{\"@id\":\"https:\\\/\\\/www.echosens.com\\\/de\\\/datenschutz\\\/#breadcrumb\"},\"inLanguage\":\"de\",\"potentialAction\":[{\"@type\":\"ReadAction\",\"target\":[\"https:\\\/\\\/www.echosens.com\\\/de\\\/datenschutz\\\/\"]}]},{\"@type\":\"BreadcrumbList\",\"@id\":\"https:\\\/\\\/www.echosens.com\\\/de\\\/datenschutz\\\/#breadcrumb\",\"itemListElement\":[{\"@type\":\"ListItem\",\"position\":1,\"name\":\"Home\",\"item\":\"https:\\\/\\\/www.echosens.com\\\/de\\\/\"},{\"@type\":\"ListItem\",\"position\":2,\"name\":\"Datenschutz\"}]},{\"@type\":\"WebSite\",\"@id\":\"https:\\\/\\\/www.echosens.com\\\/de\\\/#website\",\"url\":\"https:\\\/\\\/www.echosens.com\\\/de\\\/\",\"name\":\"Echosens\",\"description\":\"Un site utilisant WordPress\",\"publisher\":{\"@id\":\"https:\\\/\\\/www.echosens.com\\\/de\\\/#organization\"},\"potentialAction\":[{\"@type\":\"SearchAction\",\"target\":{\"@type\":\"EntryPoint\",\"urlTemplate\":\"https:\\\/\\\/www.echosens.com\\\/de\\\/?s={search_term_string}\"},\"query-input\":{\"@type\":\"PropertyValueSpecification\",\"valueRequired\":true,\"valueName\":\"search_term_string\"}}],\"inLanguage\":\"de\"},{\"@type\":\"Organization\",\"@id\":\"https:\\\/\\\/www.echosens.com\\\/de\\\/#organization\",\"name\":\"ECHOSENS\",\"url\":\"https:\\\/\\\/www.echosens.com\\\/de\\\/\",\"logo\":{\"@type\":\"ImageObject\",\"inLanguage\":\"de\",\"@id\":\"https:\\\/\\\/www.echosens.com\\\/de\\\/#\\\/schema\\\/logo\\\/image\\\/\",\"url\":\"https:\\\/\\\/www.echosens.com\\\/wp-content\\\/uploads\\\/2020\\\/12\\\/logo.svg\",\"contentUrl\":\"https:\\\/\\\/www.echosens.com\\\/wp-content\\\/uploads\\\/2020\\\/12\\\/logo.svg\",\"width\":1,\"height\":1,\"caption\":\"ECHOSENS\"},\"image\":{\"@id\":\"https:\\\/\\\/www.echosens.com\\\/de\\\/#\\\/schema\\\/logo\\\/image\\\/\"},\"sameAs\":[\"https:\\\/\\\/www.facebook.com\\\/fibroscan.echosens\",\"https:\\\/\\\/x.com\\\/Echosens\",\"https:\\\/\\\/www.linkedin.com\\\/company\\\/echosens\\\/\",\"https:\\\/\\\/www.youtube.com\\\/channel\\\/UC1myqoq18t1dKPTz0u1eEgg\"]}]}<\/script>\n<!-- \/ Yoast SEO plugin. -->","yoast_head_json":{"title":"Datenschutz - Echosens","description":"Die Datenschutzerkl\u00e4rung von Echosens bringt die Verpflichtung von Echosens zum Ausdruck, eingetragen im Handels- und Gesellschaftsregister von Paris.","robots":{"index":"index","follow":"follow","max-snippet":"max-snippet:-1","max-image-preview":"max-image-preview:large","max-video-preview":"max-video-preview:-1"},"canonical":"https:\/\/www.echosens.com\/de\/datenschutz\/","og_locale":"de_DE","og_type":"article","og_title":"Datenschutz - Echosens","og_description":"Die Datenschutzerkl\u00e4rung von Echosens bringt die Verpflichtung von Echosens zum Ausdruck, eingetragen im Handels- und Gesellschaftsregister von Paris.","og_url":"https:\/\/www.echosens.com\/de\/datenschutz\/","og_site_name":"Echosens","article_publisher":"https:\/\/www.facebook.com\/fibroscan.echosens","article_modified_time":"2025-10-03T12:48:06+00:00","twitter_card":"summary_large_image","twitter_site":"@Echosens","twitter_misc":{"Gesch\u00e4tzte Lesezeit":"5\u00a0Minuten"},"schema":{"@context":"https:\/\/schema.org","@graph":[{"@type":"WebPage","@id":"https:\/\/www.echosens.com\/de\/datenschutz\/","url":"https:\/\/www.echosens.com\/de\/datenschutz\/","name":"Datenschutz - Echosens","isPartOf":{"@id":"https:\/\/www.echosens.com\/de\/#website"},"datePublished":"2020-12-30T10:42:07+00:00","dateModified":"2025-10-03T12:48:06+00:00","description":"Die Datenschutzerkl\u00e4rung von Echosens bringt die Verpflichtung von Echosens zum Ausdruck, eingetragen im Handels- und Gesellschaftsregister von Paris.","breadcrumb":{"@id":"https:\/\/www.echosens.com\/de\/datenschutz\/#breadcrumb"},"inLanguage":"de","potentialAction":[{"@type":"ReadAction","target":["https:\/\/www.echosens.com\/de\/datenschutz\/"]}]},{"@type":"BreadcrumbList","@id":"https:\/\/www.echosens.com\/de\/datenschutz\/#breadcrumb","itemListElement":[{"@type":"ListItem","position":1,"name":"Home","item":"https:\/\/www.echosens.com\/de\/"},{"@type":"ListItem","position":2,"name":"Datenschutz"}]},{"@type":"WebSite","@id":"https:\/\/www.echosens.com\/de\/#website","url":"https:\/\/www.echosens.com\/de\/","name":"Echosens","description":"Un site utilisant WordPress","publisher":{"@id":"https:\/\/www.echosens.com\/de\/#organization"},"potentialAction":[{"@type":"SearchAction","target":{"@type":"EntryPoint","urlTemplate":"https:\/\/www.echosens.com\/de\/?s={search_term_string}"},"query-input":{"@type":"PropertyValueSpecification","valueRequired":true,"valueName":"search_term_string"}}],"inLanguage":"de"},{"@type":"Organization","@id":"https:\/\/www.echosens.com\/de\/#organization","name":"ECHOSENS","url":"https:\/\/www.echosens.com\/de\/","logo":{"@type":"ImageObject","inLanguage":"de","@id":"https:\/\/www.echosens.com\/de\/#\/schema\/logo\/image\/","url":"https:\/\/www.echosens.com\/wp-content\/uploads\/2020\/12\/logo.svg","contentUrl":"https:\/\/www.echosens.com\/wp-content\/uploads\/2020\/12\/logo.svg","width":1,"height":1,"caption":"ECHOSENS"},"image":{"@id":"https:\/\/www.echosens.com\/de\/#\/schema\/logo\/image\/"},"sameAs":["https:\/\/www.facebook.com\/fibroscan.echosens","https:\/\/x.com\/Echosens","https:\/\/www.linkedin.com\/company\/echosens\/","https:\/\/www.youtube.com\/channel\/UC1myqoq18t1dKPTz0u1eEgg"]}]}},"_links":{"self":[{"href":"https:\/\/www.echosens.com\/de\/wp-json\/wp\/v2\/pages\/4025","targetHints":{"allow":["GET"]}}],"collection":[{"href":"https:\/\/www.echosens.com\/de\/wp-json\/wp\/v2\/pages"}],"about":[{"href":"https:\/\/www.echosens.com\/de\/wp-json\/wp\/v2\/types\/page"}],"author":[{"embeddable":true,"href":"https:\/\/www.echosens.com\/de\/wp-json\/wp\/v2\/users\/1"}],"replies":[{"embeddable":true,"href":"https:\/\/www.echosens.com\/de\/wp-json\/wp\/v2\/comments?post=4025"}],"version-history":[{"count":7,"href":"https:\/\/www.echosens.com\/de\/wp-json\/wp\/v2\/pages\/4025\/revisions"}],"predecessor-version":[{"id":92167,"href":"https:\/\/www.echosens.com\/de\/wp-json\/wp\/v2\/pages\/4025\/revisions\/92167"}],"wp:attachment":[{"href":"https:\/\/www.echosens.com\/de\/wp-json\/wp\/v2\/media?parent=4025"}],"curies":[{"name":"wp","href":"https:\/\/api.w.org\/{rel}","templated":true}]}}