{"id":4050,"date":"2020-12-30T11:41:45","date_gmt":"2020-12-30T10:41:45","guid":{"rendered":"https:\/\/www.echosens.com\/legal-notice\/"},"modified":"2025-10-03T14:39:09","modified_gmt":"2025-10-03T12:39:09","slug":"impressum","status":"publish","type":"page","link":"https:\/\/www.echosens.com\/de\/impressum\/","title":{"rendered":"Impressum"},"content":{"rendered":"<p><strong>Herausgeber<\/strong><\/p>\n<p>Gem\u00e4\u00df den Bestimmungen des franz\u00f6sischen Gesetzes Nr. 2004-575 vom 21. Juni 2004 \u00fcber das Vertrauen in die digitale Wirtschaft ist der Herausgeber der Website https:\/\/echosens.com:<\/p>\n<p>Echosens SA, franz\u00f6sische Aktiengesellschaft mit Verwaltungsrat (soci\u00e9t\u00e9 anonyme \u00e0 conseil d&#8217;administration)<\/p>\n<p>mit einem Grundkapital von 270.934,44 Euros<\/p>\n<p>&nbsp;<\/p>\n<p>Hauptsitz: 6, rue Ferrus &#8211; 75014 Paris, Frankreich<\/p>\n<p>Telefon. +33.1.44.82.78.50<\/p>\n<p>E-Mail: contact@echosens.com\u00a0<\/p>\n<p>Umsatzsteuer-Identifikationsnummer: VAT FR 63 438 209 157<\/p>\n<p>SIRET : 438 209 157 00090<\/p>\n<p>&nbsp;<\/p>\n<p>&nbsp;<\/p>\n<p><strong>Direktor der Publikation <\/strong><\/p>\n<p>Der Direktor der Publikation ist M. Dominique Legros, CEO von Echosens SA.<\/p>\n<p>&nbsp;<\/p>\n<p><strong>Hosting<\/strong><\/p>\n<p>Die Referenzen des Hosting-Dienstleisters, der die direkte und dauerhafte Speicherung der Website https:\/\/www.echosens.com\/ gew\u00e4hrleistet, sind die folgenden:<\/p>\n<p>SAS AVENIR TELEMATIQUE &#8211; ATE<\/p>\n<p>21 Avenue de la Cr\u00e9ativit\u00e9<\/p>\n<p>59650 Villeneuve d&#8217;Ascq &#8211; Frankreich<\/p>\n<p>Telefon: +33 (0)3 28 800 300<\/p>\n<p>E-Mail: https:\/\/www.ate.info\/contact\/<\/p>\n<p>&nbsp;<\/p>\n<p><strong>Geistiges Eigentum <\/strong><\/p>\n<p>Der Inhalt der Website, ihre Struktur sowie die Software, Texte, Bilder (animiert oder nicht), Fotografien, ihr Know-how und alle anderen Elemente, aus denen sich die Website zusammensetzt, sind ausschlie\u00dfliches Eigentum von Echosens.<\/p>\n<p>Jede vollst\u00e4ndige oder teilweise Darstellung dieser Website durch irgendeine Person ohne die ausdr\u00fcckliche vorherige Genehmigung von Echosens ist strengstens untersagt und stellt eine Verletzung dar, die durch die entsprechenden Artikel des franz\u00f6sischen Gesetzes \u00fcber geistiges Eigentum sanktioniert wird.<\/p>\n<p>Das Gleiche gilt f\u00fcr die gegebenenfalls auf der Website genannten Datenbanken, die ebenfalls gesetzlich gesch\u00fctzt sind.<\/p>\n<p>Die Unterscheidungsmerkmale von Echosens, wie Marken, Domainnamen, Bezeichnungen, Logos usw., die auf der Website erw\u00e4hnt werden, genie\u00dfen ebenfalls den Schutz des franz\u00f6sischen Gesetzes \u00fcber geistiges Eigentum.<\/p>\n<p>Jede vollst\u00e4ndige oder teilweise Vervielf\u00e4ltigung dieser Unterscheidungsmerkmale aus Elementen der Website ohne die ausdr\u00fcckliche vorherige Genehmigung von Echosens ist daher verboten.<\/p>\n<p>Echosens&#x2122; und FibroScan<sup>\u00ae<\/sup>\u00a0sind Marken im Besitz von Echosens SA. Alle Rechte vorbehalten.<\/p>\n<p>&nbsp;<\/p>\n<p><strong>Bilder<\/strong><\/p>\n<p>www.gettyimages.com<\/p>\n<p>www.shutterstock.com<\/p>\n<p>\u00a9 Alexis Paoli f\u00fcr Moore Design<\/p>\n<p>\u00a0\u00a9 Echosens<\/p>\n<p><!-- OneTrust Cookies List start --><\/p>\n<div id=\"ot-sdk-cookie-policy\">\u00a0<\/div>\n<p><!-- OneTrust Cookies List end --><\/p>\n","protected":false},"excerpt":{"rendered":"<p>Herausgeber Gem\u00e4\u00df den Bestimmungen des franz\u00f6sischen Gesetzes Nr. 2004-575 vom 21. Juni 2004 \u00fcber das Vertrauen in die digitale Wirtschaft ist der Herausgeber der Website https:\/\/echosens.com: Echosens SA, franz\u00f6sische Aktiengesellschaft mit Verwaltungsrat (soci\u00e9t\u00e9 anonyme \u00e0 conseil d&#8217;administration) mit einem Grundkapital von 270.934,44 Euros &nbsp; Hauptsitz: 6, rue Ferrus &#8211; 75014 Paris, Frankreich Telefon. +33.1.44.82.78.50 E-Mail: [&hellip;]<\/p>\n","protected":false},"author":1,"featured_media":0,"parent":0,"menu_order":0,"comment_status":"closed","ping_status":"closed","template":"templates\/cms.php","meta":{"_acf_changed":false,"_searchwp_excluded":"","footnotes":""},"class_list":["post-4050","page","type-page","status-publish","hentry"],"acf":[],"yoast_head":"<!-- This site is optimized with the Yoast SEO plugin v27.4 - https:\/\/yoast.com\/product\/yoast-seo-wordpress\/ -->\n<title>Impressum - Echosens<\/title>\n<meta name=\"description\" content=\"Impressum . Rechtliche Hinweise zur Website www.echosens.com. Echosens stellt FibroScan\u00ae her, eine nicht-invasive L\u00f6sung f\u00fcr die Behandlung von Lebererkrankungen.\" \/>\n<meta name=\"robots\" content=\"index, follow, max-snippet:-1, max-image-preview:large, max-video-preview:-1\" \/>\n<link rel=\"canonical\" href=\"https:\/\/www.echosens.com\/de\/impressum\/\" \/>\n<meta property=\"og:locale\" content=\"de_DE\" \/>\n<meta property=\"og:type\" content=\"article\" \/>\n<meta property=\"og:title\" content=\"Impressum - Echosens\" \/>\n<meta property=\"og:description\" content=\"Impressum . Rechtliche Hinweise zur Website www.echosens.com. Echosens stellt FibroScan\u00ae her, eine nicht-invasive L\u00f6sung f\u00fcr die Behandlung von Lebererkrankungen.\" \/>\n<meta property=\"og:url\" content=\"https:\/\/www.echosens.com\/de\/impressum\/\" \/>\n<meta property=\"og:site_name\" content=\"Echosens\" \/>\n<meta property=\"article:publisher\" content=\"https:\/\/www.facebook.com\/fibroscan.echosens\" \/>\n<meta property=\"article:modified_time\" content=\"2025-10-03T12:39:09+00:00\" \/>\n<meta name=\"twitter:card\" content=\"summary_large_image\" \/>\n<meta name=\"twitter:site\" content=\"@Echosens\" \/>\n<meta name=\"twitter:label1\" content=\"Gesch\u00e4tzte Lesezeit\" \/>\n\t<meta name=\"twitter:data1\" content=\"2\u00a0Minuten\" \/>\n<script type=\"application\/ld+json\" class=\"yoast-schema-graph\">{\"@context\":\"https:\\\/\\\/schema.org\",\"@graph\":[{\"@type\":\"WebPage\",\"@id\":\"https:\\\/\\\/www.echosens.com\\\/de\\\/impressum\\\/\",\"url\":\"https:\\\/\\\/www.echosens.com\\\/de\\\/impressum\\\/\",\"name\":\"Impressum - Echosens\",\"isPartOf\":{\"@id\":\"https:\\\/\\\/www.echosens.com\\\/de\\\/#website\"},\"datePublished\":\"2020-12-30T10:41:45+00:00\",\"dateModified\":\"2025-10-03T12:39:09+00:00\",\"description\":\"Impressum . Rechtliche Hinweise zur Website www.echosens.com. Echosens stellt FibroScan\u00ae her, eine nicht-invasive L\u00f6sung f\u00fcr die Behandlung von Lebererkrankungen.\",\"breadcrumb\":{\"@id\":\"https:\\\/\\\/www.echosens.com\\\/de\\\/impressum\\\/#breadcrumb\"},\"inLanguage\":\"de\",\"potentialAction\":[{\"@type\":\"ReadAction\",\"target\":[\"https:\\\/\\\/www.echosens.com\\\/de\\\/impressum\\\/\"]}]},{\"@type\":\"BreadcrumbList\",\"@id\":\"https:\\\/\\\/www.echosens.com\\\/de\\\/impressum\\\/#breadcrumb\",\"itemListElement\":[{\"@type\":\"ListItem\",\"position\":1,\"name\":\"Home\",\"item\":\"https:\\\/\\\/www.echosens.com\\\/de\\\/\"},{\"@type\":\"ListItem\",\"position\":2,\"name\":\"Impressum\"}]},{\"@type\":\"WebSite\",\"@id\":\"https:\\\/\\\/www.echosens.com\\\/de\\\/#website\",\"url\":\"https:\\\/\\\/www.echosens.com\\\/de\\\/\",\"name\":\"Echosens\",\"description\":\"Un site utilisant WordPress\",\"publisher\":{\"@id\":\"https:\\\/\\\/www.echosens.com\\\/de\\\/#organization\"},\"potentialAction\":[{\"@type\":\"SearchAction\",\"target\":{\"@type\":\"EntryPoint\",\"urlTemplate\":\"https:\\\/\\\/www.echosens.com\\\/de\\\/?s={search_term_string}\"},\"query-input\":{\"@type\":\"PropertyValueSpecification\",\"valueRequired\":true,\"valueName\":\"search_term_string\"}}],\"inLanguage\":\"de\"},{\"@type\":\"Organization\",\"@id\":\"https:\\\/\\\/www.echosens.com\\\/de\\\/#organization\",\"name\":\"ECHOSENS\",\"url\":\"https:\\\/\\\/www.echosens.com\\\/de\\\/\",\"logo\":{\"@type\":\"ImageObject\",\"inLanguage\":\"de\",\"@id\":\"https:\\\/\\\/www.echosens.com\\\/de\\\/#\\\/schema\\\/logo\\\/image\\\/\",\"url\":\"https:\\\/\\\/www.echosens.com\\\/wp-content\\\/uploads\\\/2020\\\/12\\\/logo.svg\",\"contentUrl\":\"https:\\\/\\\/www.echosens.com\\\/wp-content\\\/uploads\\\/2020\\\/12\\\/logo.svg\",\"width\":1,\"height\":1,\"caption\":\"ECHOSENS\"},\"image\":{\"@id\":\"https:\\\/\\\/www.echosens.com\\\/de\\\/#\\\/schema\\\/logo\\\/image\\\/\"},\"sameAs\":[\"https:\\\/\\\/www.facebook.com\\\/fibroscan.echosens\",\"https:\\\/\\\/x.com\\\/Echosens\",\"https:\\\/\\\/www.linkedin.com\\\/company\\\/echosens\\\/\",\"https:\\\/\\\/www.youtube.com\\\/channel\\\/UC1myqoq18t1dKPTz0u1eEgg\"]}]}<\/script>\n<!-- \/ Yoast SEO plugin. -->","yoast_head_json":{"title":"Impressum - Echosens","description":"Impressum . Rechtliche Hinweise zur Website www.echosens.com. Echosens stellt FibroScan\u00ae her, eine nicht-invasive L\u00f6sung f\u00fcr die Behandlung von Lebererkrankungen.","robots":{"index":"index","follow":"follow","max-snippet":"max-snippet:-1","max-image-preview":"max-image-preview:large","max-video-preview":"max-video-preview:-1"},"canonical":"https:\/\/www.echosens.com\/de\/impressum\/","og_locale":"de_DE","og_type":"article","og_title":"Impressum - Echosens","og_description":"Impressum . Rechtliche Hinweise zur Website www.echosens.com. Echosens stellt FibroScan\u00ae her, eine nicht-invasive L\u00f6sung f\u00fcr die Behandlung von Lebererkrankungen.","og_url":"https:\/\/www.echosens.com\/de\/impressum\/","og_site_name":"Echosens","article_publisher":"https:\/\/www.facebook.com\/fibroscan.echosens","article_modified_time":"2025-10-03T12:39:09+00:00","twitter_card":"summary_large_image","twitter_site":"@Echosens","twitter_misc":{"Gesch\u00e4tzte Lesezeit":"2\u00a0Minuten"},"schema":{"@context":"https:\/\/schema.org","@graph":[{"@type":"WebPage","@id":"https:\/\/www.echosens.com\/de\/impressum\/","url":"https:\/\/www.echosens.com\/de\/impressum\/","name":"Impressum - Echosens","isPartOf":{"@id":"https:\/\/www.echosens.com\/de\/#website"},"datePublished":"2020-12-30T10:41:45+00:00","dateModified":"2025-10-03T12:39:09+00:00","description":"Impressum . Rechtliche Hinweise zur Website www.echosens.com. Echosens stellt FibroScan\u00ae her, eine nicht-invasive L\u00f6sung f\u00fcr die Behandlung von Lebererkrankungen.","breadcrumb":{"@id":"https:\/\/www.echosens.com\/de\/impressum\/#breadcrumb"},"inLanguage":"de","potentialAction":[{"@type":"ReadAction","target":["https:\/\/www.echosens.com\/de\/impressum\/"]}]},{"@type":"BreadcrumbList","@id":"https:\/\/www.echosens.com\/de\/impressum\/#breadcrumb","itemListElement":[{"@type":"ListItem","position":1,"name":"Home","item":"https:\/\/www.echosens.com\/de\/"},{"@type":"ListItem","position":2,"name":"Impressum"}]},{"@type":"WebSite","@id":"https:\/\/www.echosens.com\/de\/#website","url":"https:\/\/www.echosens.com\/de\/","name":"Echosens","description":"Un site utilisant WordPress","publisher":{"@id":"https:\/\/www.echosens.com\/de\/#organization"},"potentialAction":[{"@type":"SearchAction","target":{"@type":"EntryPoint","urlTemplate":"https:\/\/www.echosens.com\/de\/?s={search_term_string}"},"query-input":{"@type":"PropertyValueSpecification","valueRequired":true,"valueName":"search_term_string"}}],"inLanguage":"de"},{"@type":"Organization","@id":"https:\/\/www.echosens.com\/de\/#organization","name":"ECHOSENS","url":"https:\/\/www.echosens.com\/de\/","logo":{"@type":"ImageObject","inLanguage":"de","@id":"https:\/\/www.echosens.com\/de\/#\/schema\/logo\/image\/","url":"https:\/\/www.echosens.com\/wp-content\/uploads\/2020\/12\/logo.svg","contentUrl":"https:\/\/www.echosens.com\/wp-content\/uploads\/2020\/12\/logo.svg","width":1,"height":1,"caption":"ECHOSENS"},"image":{"@id":"https:\/\/www.echosens.com\/de\/#\/schema\/logo\/image\/"},"sameAs":["https:\/\/www.facebook.com\/fibroscan.echosens","https:\/\/x.com\/Echosens","https:\/\/www.linkedin.com\/company\/echosens\/","https:\/\/www.youtube.com\/channel\/UC1myqoq18t1dKPTz0u1eEgg"]}]}},"_links":{"self":[{"href":"https:\/\/www.echosens.com\/de\/wp-json\/wp\/v2\/pages\/4050","targetHints":{"allow":["GET"]}}],"collection":[{"href":"https:\/\/www.echosens.com\/de\/wp-json\/wp\/v2\/pages"}],"about":[{"href":"https:\/\/www.echosens.com\/de\/wp-json\/wp\/v2\/types\/page"}],"author":[{"embeddable":true,"href":"https:\/\/www.echosens.com\/de\/wp-json\/wp\/v2\/users\/1"}],"replies":[{"embeddable":true,"href":"https:\/\/www.echosens.com\/de\/wp-json\/wp\/v2\/comments?post=4050"}],"version-history":[{"count":12,"href":"https:\/\/www.echosens.com\/de\/wp-json\/wp\/v2\/pages\/4050\/revisions"}],"predecessor-version":[{"id":231150,"href":"https:\/\/www.echosens.com\/de\/wp-json\/wp\/v2\/pages\/4050\/revisions\/231150"}],"wp:attachment":[{"href":"https:\/\/www.echosens.com\/de\/wp-json\/wp\/v2\/media?parent=4050"}],"curies":[{"name":"wp","href":"https:\/\/api.w.org\/{rel}","templated":true}]}}