{"id":92184,"date":"2023-02-01T14:37:20","date_gmt":"2023-02-01T13:37:20","guid":{"rendered":"https:\/\/www.echosens.com\/fs-go-test-your-eligibility\/"},"modified":"2023-03-15T11:58:45","modified_gmt":"2023-03-15T10:58:45","slug":"fs-go-testen-bedarf","status":"publish","type":"page","link":"https:\/\/www.echosens.com\/de\/fs-go-testen-bedarf\/","title":{"rendered":"Testen Sie Ihren Bedarf f\u00fcr FibroScan<sup>\u00ae<\/sup> GO"},"content":{"rendered":"","protected":false},"excerpt":{"rendered":"","protected":false},"author":1,"featured_media":0,"parent":0,"menu_order":0,"comment_status":"closed","ping_status":"closed","template":"templates\/quizz_form.php","meta":{"_acf_changed":false,"_searchwp_excluded":"","footnotes":""},"class_list":["post-92184","page","type-page","status-publish","hentry"],"acf":[],"yoast_head":"<!-- This site is optimized with the Yoast SEO plugin v27.4 - https:\/\/yoast.com\/product\/yoast-seo-wordpress\/ -->\n<title>Testen Sie Ihren Bedarf f\u00fcr FibroScan\u00ae GO - Echosens<\/title>\n<meta name=\"description\" content=\"FibroScan\u00ae GO Online-Konfigurator, f\u00fcllen Sie das untenstehende Formular, um festzustellen, ob diese L\u00f6sung f\u00fcr Sie in Frage kommt.\" \/>\n<meta name=\"robots\" content=\"index, follow, max-snippet:-1, max-image-preview:large, max-video-preview:-1\" \/>\n<link rel=\"canonical\" href=\"https:\/\/www.echosens.com\/de\/fs-go-testen-bedarf\/\" \/>\n<meta property=\"og:locale\" content=\"de_DE\" \/>\n<meta property=\"og:type\" content=\"article\" \/>\n<meta property=\"og:title\" content=\"Testen Sie Ihren Bedarf f\u00fcr FibroScan\u00ae GO - Echosens\" \/>\n<meta property=\"og:description\" content=\"FibroScan\u00ae GO Online-Konfigurator, f\u00fcllen Sie das untenstehende Formular, um festzustellen, ob diese L\u00f6sung f\u00fcr Sie in Frage kommt.\" \/>\n<meta property=\"og:url\" content=\"https:\/\/www.echosens.com\/de\/fs-go-testen-bedarf\/\" \/>\n<meta property=\"og:site_name\" content=\"Echosens\" \/>\n<meta property=\"article:publisher\" content=\"https:\/\/www.facebook.com\/fibroscan.echosens\" \/>\n<meta property=\"article:modified_time\" content=\"2023-03-15T10:58:45+00:00\" \/>\n<meta name=\"twitter:card\" content=\"summary_large_image\" \/>\n<meta name=\"twitter:site\" content=\"@Echosens\" \/>\n<script type=\"application\/ld+json\" class=\"yoast-schema-graph\">{\"@context\":\"https:\\\/\\\/schema.org\",\"@graph\":[{\"@type\":\"WebPage\",\"@id\":\"https:\\\/\\\/www.echosens.com\\\/de\\\/fs-go-testen-bedarf\\\/\",\"url\":\"https:\\\/\\\/www.echosens.com\\\/de\\\/fs-go-testen-bedarf\\\/\",\"name\":\"Testen Sie Ihren Bedarf f\u00fcr FibroScan\u00ae GO - Echosens\",\"isPartOf\":{\"@id\":\"https:\\\/\\\/www.echosens.com\\\/de\\\/#website\"},\"datePublished\":\"2023-02-01T13:37:20+00:00\",\"dateModified\":\"2023-03-15T10:58:45+00:00\",\"description\":\"FibroScan\u00ae GO Online-Konfigurator, f\u00fcllen Sie das untenstehende Formular, um festzustellen, ob diese L\u00f6sung f\u00fcr Sie in Frage kommt.\",\"breadcrumb\":{\"@id\":\"https:\\\/\\\/www.echosens.com\\\/de\\\/fs-go-testen-bedarf\\\/#breadcrumb\"},\"inLanguage\":\"de\",\"potentialAction\":[{\"@type\":\"ReadAction\",\"target\":[\"https:\\\/\\\/www.echosens.com\\\/de\\\/fs-go-testen-bedarf\\\/\"]}]},{\"@type\":\"BreadcrumbList\",\"@id\":\"https:\\\/\\\/www.echosens.com\\\/de\\\/fs-go-testen-bedarf\\\/#breadcrumb\",\"itemListElement\":[{\"@type\":\"ListItem\",\"position\":1,\"name\":\"Home\",\"item\":\"https:\\\/\\\/www.echosens.com\\\/de\\\/\"},{\"@type\":\"ListItem\",\"position\":2,\"name\":\"Testen Sie Ihren Bedarf f\u00fcr FibroScan\u00ae GO\"}]},{\"@type\":\"WebSite\",\"@id\":\"https:\\\/\\\/www.echosens.com\\\/de\\\/#website\",\"url\":\"https:\\\/\\\/www.echosens.com\\\/de\\\/\",\"name\":\"Echosens\",\"description\":\"Un site utilisant WordPress\",\"publisher\":{\"@id\":\"https:\\\/\\\/www.echosens.com\\\/de\\\/#organization\"},\"potentialAction\":[{\"@type\":\"SearchAction\",\"target\":{\"@type\":\"EntryPoint\",\"urlTemplate\":\"https:\\\/\\\/www.echosens.com\\\/de\\\/?s={search_term_string}\"},\"query-input\":{\"@type\":\"PropertyValueSpecification\",\"valueRequired\":true,\"valueName\":\"search_term_string\"}}],\"inLanguage\":\"de\"},{\"@type\":\"Organization\",\"@id\":\"https:\\\/\\\/www.echosens.com\\\/de\\\/#organization\",\"name\":\"ECHOSENS\",\"url\":\"https:\\\/\\\/www.echosens.com\\\/de\\\/\",\"logo\":{\"@type\":\"ImageObject\",\"inLanguage\":\"de\",\"@id\":\"https:\\\/\\\/www.echosens.com\\\/de\\\/#\\\/schema\\\/logo\\\/image\\\/\",\"url\":\"https:\\\/\\\/www.echosens.com\\\/wp-content\\\/uploads\\\/2020\\\/12\\\/logo.svg\",\"contentUrl\":\"https:\\\/\\\/www.echosens.com\\\/wp-content\\\/uploads\\\/2020\\\/12\\\/logo.svg\",\"width\":1,\"height\":1,\"caption\":\"ECHOSENS\"},\"image\":{\"@id\":\"https:\\\/\\\/www.echosens.com\\\/de\\\/#\\\/schema\\\/logo\\\/image\\\/\"},\"sameAs\":[\"https:\\\/\\\/www.facebook.com\\\/fibroscan.echosens\",\"https:\\\/\\\/x.com\\\/Echosens\",\"https:\\\/\\\/www.linkedin.com\\\/company\\\/echosens\\\/\",\"https:\\\/\\\/www.youtube.com\\\/channel\\\/UC1myqoq18t1dKPTz0u1eEgg\"]}]}<\/script>\n<!-- \/ Yoast SEO plugin. -->","yoast_head_json":{"title":"Testen Sie Ihren Bedarf f\u00fcr FibroScan\u00ae GO - Echosens","description":"FibroScan\u00ae GO Online-Konfigurator, f\u00fcllen Sie das untenstehende Formular, um festzustellen, ob diese L\u00f6sung f\u00fcr Sie in Frage kommt.","robots":{"index":"index","follow":"follow","max-snippet":"max-snippet:-1","max-image-preview":"max-image-preview:large","max-video-preview":"max-video-preview:-1"},"canonical":"https:\/\/www.echosens.com\/de\/fs-go-testen-bedarf\/","og_locale":"de_DE","og_type":"article","og_title":"Testen Sie Ihren Bedarf f\u00fcr FibroScan\u00ae GO - Echosens","og_description":"FibroScan\u00ae GO Online-Konfigurator, f\u00fcllen Sie das untenstehende Formular, um festzustellen, ob diese L\u00f6sung f\u00fcr Sie in Frage kommt.","og_url":"https:\/\/www.echosens.com\/de\/fs-go-testen-bedarf\/","og_site_name":"Echosens","article_publisher":"https:\/\/www.facebook.com\/fibroscan.echosens","article_modified_time":"2023-03-15T10:58:45+00:00","twitter_card":"summary_large_image","twitter_site":"@Echosens","schema":{"@context":"https:\/\/schema.org","@graph":[{"@type":"WebPage","@id":"https:\/\/www.echosens.com\/de\/fs-go-testen-bedarf\/","url":"https:\/\/www.echosens.com\/de\/fs-go-testen-bedarf\/","name":"Testen Sie Ihren Bedarf f\u00fcr FibroScan\u00ae GO - Echosens","isPartOf":{"@id":"https:\/\/www.echosens.com\/de\/#website"},"datePublished":"2023-02-01T13:37:20+00:00","dateModified":"2023-03-15T10:58:45+00:00","description":"FibroScan\u00ae GO Online-Konfigurator, f\u00fcllen Sie das untenstehende Formular, um festzustellen, ob diese L\u00f6sung f\u00fcr Sie in Frage kommt.","breadcrumb":{"@id":"https:\/\/www.echosens.com\/de\/fs-go-testen-bedarf\/#breadcrumb"},"inLanguage":"de","potentialAction":[{"@type":"ReadAction","target":["https:\/\/www.echosens.com\/de\/fs-go-testen-bedarf\/"]}]},{"@type":"BreadcrumbList","@id":"https:\/\/www.echosens.com\/de\/fs-go-testen-bedarf\/#breadcrumb","itemListElement":[{"@type":"ListItem","position":1,"name":"Home","item":"https:\/\/www.echosens.com\/de\/"},{"@type":"ListItem","position":2,"name":"Testen Sie Ihren Bedarf f\u00fcr FibroScan\u00ae GO"}]},{"@type":"WebSite","@id":"https:\/\/www.echosens.com\/de\/#website","url":"https:\/\/www.echosens.com\/de\/","name":"Echosens","description":"Un site utilisant WordPress","publisher":{"@id":"https:\/\/www.echosens.com\/de\/#organization"},"potentialAction":[{"@type":"SearchAction","target":{"@type":"EntryPoint","urlTemplate":"https:\/\/www.echosens.com\/de\/?s={search_term_string}"},"query-input":{"@type":"PropertyValueSpecification","valueRequired":true,"valueName":"search_term_string"}}],"inLanguage":"de"},{"@type":"Organization","@id":"https:\/\/www.echosens.com\/de\/#organization","name":"ECHOSENS","url":"https:\/\/www.echosens.com\/de\/","logo":{"@type":"ImageObject","inLanguage":"de","@id":"https:\/\/www.echosens.com\/de\/#\/schema\/logo\/image\/","url":"https:\/\/www.echosens.com\/wp-content\/uploads\/2020\/12\/logo.svg","contentUrl":"https:\/\/www.echosens.com\/wp-content\/uploads\/2020\/12\/logo.svg","width":1,"height":1,"caption":"ECHOSENS"},"image":{"@id":"https:\/\/www.echosens.com\/de\/#\/schema\/logo\/image\/"},"sameAs":["https:\/\/www.facebook.com\/fibroscan.echosens","https:\/\/x.com\/Echosens","https:\/\/www.linkedin.com\/company\/echosens\/","https:\/\/www.youtube.com\/channel\/UC1myqoq18t1dKPTz0u1eEgg"]}]}},"_links":{"self":[{"href":"https:\/\/www.echosens.com\/de\/wp-json\/wp\/v2\/pages\/92184","targetHints":{"allow":["GET"]}}],"collection":[{"href":"https:\/\/www.echosens.com\/de\/wp-json\/wp\/v2\/pages"}],"about":[{"href":"https:\/\/www.echosens.com\/de\/wp-json\/wp\/v2\/types\/page"}],"author":[{"embeddable":true,"href":"https:\/\/www.echosens.com\/de\/wp-json\/wp\/v2\/users\/1"}],"replies":[{"embeddable":true,"href":"https:\/\/www.echosens.com\/de\/wp-json\/wp\/v2\/comments?post=92184"}],"version-history":[{"count":6,"href":"https:\/\/www.echosens.com\/de\/wp-json\/wp\/v2\/pages\/92184\/revisions"}],"predecessor-version":[{"id":95039,"href":"https:\/\/www.echosens.com\/de\/wp-json\/wp\/v2\/pages\/92184\/revisions\/95039"}],"wp:attachment":[{"href":"https:\/\/www.echosens.com\/de\/wp-json\/wp\/v2\/media?parent=92184"}],"curies":[{"name":"wp","href":"https:\/\/api.w.org\/{rel}","templated":true}]}}