{"id":3365,"date":"2020-12-30T11:41:45","date_gmt":"2020-12-30T10:41:45","guid":{"rendered":"https:\/\/www.echosens.com\/legal-notice\/"},"modified":"2025-10-03T14:41:43","modified_gmt":"2025-10-03T12:41:43","slug":"legal-notice","status":"publish","type":"page","link":"https:\/\/www.echosens.com\/en-us\/legal-notice\/","title":{"rendered":"Legal notice"},"content":{"rendered":"<p><strong>Editor<\/strong><\/p>\n<p>Accordingly to the provisions of French Law No. 2004-575 dated 21 June 2004 on confidence in the digital economy, the publisher of the website <a href=\"https:\/\/www.echosens.com\/en-us\/\">https:\/\/echosens.com<\/a> is:<\/p>\n<p>Echosens SA,<\/p>\n<p>French joint-stock company with a Board of Directors (soci\u00e9t\u00e9 anonyme \u00e0 conseil d\u2019administration)<\/p>\n<p>With a share capital of 270.934,44 euros<\/p>\n<p>Head Office: 6, rue Ferrus &#8211; 75014 Paris, France<\/p>\n<p>Tel. +33.1.44.82.78.50<\/p>\n<p>E-mail address: <a href=\"mailto:contact@echosens.com\">contact@echosens.com<\/a> \u00a0<\/p>\n<p>Intracommunity VAT number: VAT FR 63 438 209\u00a0157<\/p>\n<p>SIRET : 438 209 157 00090<\/p>\n<p>&nbsp;<\/p>\n<p>&nbsp;<\/p>\n<p><strong>Director of Publication <\/strong><\/p>\n<p>The Director of the publication is M. Dominique Legros, CEO of Echosens SA.<\/p>\n<p>&nbsp;<\/p>\n<p><strong>Hosting<\/strong><\/p>\n<p>The references of the hosting service provider ensuring the direct and permanent storage of the site <a href=\"https:\/\/www.echosens.com\/en-us\/contact\/\">https:\/\/www.echosens.com\/<\/a>\u00a0 are the following:<\/p>\n<p>SAS AVENIR TELEMATIQUE \u2013 ATE<\/p>\n<p>21 Avenue de la Cr\u00e9ativit\u00e9<\/p>\n<p>59650 Villeneuve d\u2019Ascq &#8211; France<\/p>\n<p>Tel. +33 (0)3 28 800\u00a0300<\/p>\n<p>E-mail address: <a href=\"https:\/\/www.ate.info\/contact\/\">https:\/\/www.ate.info\/contact\/<\/a><\/p>\n<p>&nbsp;<\/p>\n<p><strong>Intellectual Property <\/strong><\/p>\n<p>The content of the site, its structure, as well as the software, texts, images (animated or not), photographs, its know-how, and all other elements composing the site are the exclusive property of Echosens.<\/p>\n<p>Any total or partial representation of this site by any person whatsoever, without the express prior authorization of Echosens, is strictly prohibited and would constitute an infringement sanctioned by the relevant articles of the French Intellectual Property Code.<\/p>\n<p>The same applies to databases mentioned, where applicable, on the website which are also protected by law.<\/p>\n<p>The distinctive signs of Echosens, such as trademarks, domain names, denominations, logos, etc. mentioned on the site also benefit from the protection of the French Intellectual Property Code.<\/p>\n<p>Any total or partial reproduction of these distinctive signs made from elements of the site without the express prior authorization of Echosens is therefore prohibited.<\/p>\n<p>\u00a0Echosens&#x2122;, FibroScan<sup>\u00ae<\/sup>, among others, are trademarks and\/or service mark of Echosens Group and are registered\u00a0in the U.S. and\/or other countries.\u00a0<\/p>\n<p>&nbsp;<\/p>\n<p><strong>Pictures<\/strong><\/p>\n<p><a href=\"http:\/\/www.gettyimages.com\">www.gettyimages.com<\/a><\/p>\n<p><a href=\"http:\/\/www.shutterstock.com\">www.shutterstock.com<\/a><\/p>\n<p>\u00a9 Alexis Paoli for Moore Design<\/p>\n<p>\u00a9 Echosens\u00a0<\/p>\n<p><!-- OneTrust Cookies List start --><\/p>\n<div id=\"ot-sdk-cookie-policy\">\u00a0<\/div>\n<p><!-- OneTrust Cookies List end --><\/p>\n","protected":false},"excerpt":{"rendered":"<p>Editor Accordingly to the provisions of French Law No. 2004-575 dated 21 June 2004 on confidence in the digital economy, the publisher of the website https:\/\/echosens.com is: Echosens SA, French joint-stock company with a Board of Directors (soci\u00e9t\u00e9 anonyme \u00e0 conseil d\u2019administration) With a share capital of 270.934,44 euros Head Office: 6, rue Ferrus &#8211; [&hellip;]<\/p>\n","protected":false},"author":1,"featured_media":0,"parent":0,"menu_order":0,"comment_status":"closed","ping_status":"closed","template":"templates\/cms.php","meta":{"_acf_changed":false,"_searchwp_excluded":"","footnotes":""},"class_list":["post-3365","page","type-page","status-publish","hentry"],"acf":[],"yoast_head":"<!-- This site is optimized with the Yoast SEO plugin v27.4 - https:\/\/yoast.com\/product\/yoast-seo-wordpress\/ -->\n<title>Legal notice - Echosens<\/title>\n<meta name=\"description\" content=\"Legal notices for the website www.echosens.com. Echosens manufactures FibroScan\u00ae, a non-invasive solution for the management of liver disease.\" \/>\n<meta name=\"robots\" content=\"index, follow, max-snippet:-1, max-image-preview:large, max-video-preview:-1\" \/>\n<link rel=\"canonical\" href=\"https:\/\/www.echosens.com\/en-us\/legal-notice\/\" \/>\n<meta property=\"og:locale\" content=\"en_US\" \/>\n<meta property=\"og:type\" content=\"article\" \/>\n<meta property=\"og:title\" content=\"Legal notice - Echosens\" \/>\n<meta property=\"og:description\" content=\"Legal notices for the website www.echosens.com. Echosens manufactures FibroScan\u00ae, a non-invasive solution for the management of liver disease.\" \/>\n<meta property=\"og:url\" content=\"https:\/\/www.echosens.com\/en-us\/legal-notice\/\" \/>\n<meta property=\"og:site_name\" content=\"Echosens\" \/>\n<meta property=\"article:publisher\" content=\"https:\/\/www.facebook.com\/fibroscan.echosens\" \/>\n<meta property=\"article:modified_time\" content=\"2025-10-03T12:41:43+00:00\" \/>\n<meta name=\"twitter:card\" content=\"summary_large_image\" \/>\n<meta name=\"twitter:site\" content=\"@Echosens\" \/>\n<meta name=\"twitter:label1\" content=\"Est. reading time\" \/>\n\t<meta name=\"twitter:data1\" content=\"2 minutes\" \/>\n<script type=\"application\/ld+json\" class=\"yoast-schema-graph\">{\"@context\":\"https:\\\/\\\/schema.org\",\"@graph\":[{\"@type\":\"WebPage\",\"@id\":\"https:\\\/\\\/www.echosens.com\\\/en-us\\\/legal-notice\\\/\",\"url\":\"https:\\\/\\\/www.echosens.com\\\/en-us\\\/legal-notice\\\/\",\"name\":\"Legal notice - Echosens\",\"isPartOf\":{\"@id\":\"https:\\\/\\\/www.echosens.com\\\/en-us\\\/#website\"},\"datePublished\":\"2020-12-30T10:41:45+00:00\",\"dateModified\":\"2025-10-03T12:41:43+00:00\",\"description\":\"Legal notices for the website www.echosens.com. Echosens manufactures FibroScan\u00ae, a non-invasive solution for the management of liver disease.\",\"breadcrumb\":{\"@id\":\"https:\\\/\\\/www.echosens.com\\\/en-us\\\/legal-notice\\\/#breadcrumb\"},\"inLanguage\":\"en-US\",\"potentialAction\":[{\"@type\":\"ReadAction\",\"target\":[\"https:\\\/\\\/www.echosens.com\\\/en-us\\\/legal-notice\\\/\"]}]},{\"@type\":\"BreadcrumbList\",\"@id\":\"https:\\\/\\\/www.echosens.com\\\/en-us\\\/legal-notice\\\/#breadcrumb\",\"itemListElement\":[{\"@type\":\"ListItem\",\"position\":1,\"name\":\"Home\",\"item\":\"https:\\\/\\\/www.echosens.com\\\/en-us\\\/\"},{\"@type\":\"ListItem\",\"position\":2,\"name\":\"Legal notice\"}]},{\"@type\":\"WebSite\",\"@id\":\"https:\\\/\\\/www.echosens.com\\\/en-us\\\/#website\",\"url\":\"https:\\\/\\\/www.echosens.com\\\/en-us\\\/\",\"name\":\"Echosens\",\"description\":\"Un site utilisant WordPress\",\"publisher\":{\"@id\":\"https:\\\/\\\/www.echosens.com\\\/en-us\\\/#organization\"},\"potentialAction\":[{\"@type\":\"SearchAction\",\"target\":{\"@type\":\"EntryPoint\",\"urlTemplate\":\"https:\\\/\\\/www.echosens.com\\\/en-us\\\/?s={search_term_string}\"},\"query-input\":{\"@type\":\"PropertyValueSpecification\",\"valueRequired\":true,\"valueName\":\"search_term_string\"}}],\"inLanguage\":\"en-US\"},{\"@type\":\"Organization\",\"@id\":\"https:\\\/\\\/www.echosens.com\\\/en-us\\\/#organization\",\"name\":\"ECHOSENS\",\"url\":\"https:\\\/\\\/www.echosens.com\\\/en-us\\\/\",\"logo\":{\"@type\":\"ImageObject\",\"inLanguage\":\"en-US\",\"@id\":\"https:\\\/\\\/www.echosens.com\\\/en-us\\\/#\\\/schema\\\/logo\\\/image\\\/\",\"url\":\"https:\\\/\\\/www.echosens.com\\\/wp-content\\\/uploads\\\/2020\\\/12\\\/logo.svg\",\"contentUrl\":\"https:\\\/\\\/www.echosens.com\\\/wp-content\\\/uploads\\\/2020\\\/12\\\/logo.svg\",\"width\":1,\"height\":1,\"caption\":\"ECHOSENS\"},\"image\":{\"@id\":\"https:\\\/\\\/www.echosens.com\\\/en-us\\\/#\\\/schema\\\/logo\\\/image\\\/\"},\"sameAs\":[\"https:\\\/\\\/www.facebook.com\\\/fibroscan.echosens\",\"https:\\\/\\\/x.com\\\/Echosens\",\"https:\\\/\\\/www.linkedin.com\\\/company\\\/echosens\\\/\",\"https:\\\/\\\/www.youtube.com\\\/channel\\\/UC1myqoq18t1dKPTz0u1eEgg\"]}]}<\/script>\n<!-- \/ Yoast SEO plugin. -->","yoast_head_json":{"title":"Legal notice - Echosens","description":"Legal notices for the website www.echosens.com. Echosens manufactures FibroScan\u00ae, a non-invasive solution for the management of liver disease.","robots":{"index":"index","follow":"follow","max-snippet":"max-snippet:-1","max-image-preview":"max-image-preview:large","max-video-preview":"max-video-preview:-1"},"canonical":"https:\/\/www.echosens.com\/en-us\/legal-notice\/","og_locale":"en_US","og_type":"article","og_title":"Legal notice - Echosens","og_description":"Legal notices for the website www.echosens.com. Echosens manufactures FibroScan\u00ae, a non-invasive solution for the management of liver disease.","og_url":"https:\/\/www.echosens.com\/en-us\/legal-notice\/","og_site_name":"Echosens","article_publisher":"https:\/\/www.facebook.com\/fibroscan.echosens","article_modified_time":"2025-10-03T12:41:43+00:00","twitter_card":"summary_large_image","twitter_site":"@Echosens","twitter_misc":{"Est. reading time":"2 minutes"},"schema":{"@context":"https:\/\/schema.org","@graph":[{"@type":"WebPage","@id":"https:\/\/www.echosens.com\/en-us\/legal-notice\/","url":"https:\/\/www.echosens.com\/en-us\/legal-notice\/","name":"Legal notice - Echosens","isPartOf":{"@id":"https:\/\/www.echosens.com\/en-us\/#website"},"datePublished":"2020-12-30T10:41:45+00:00","dateModified":"2025-10-03T12:41:43+00:00","description":"Legal notices for the website www.echosens.com. Echosens manufactures FibroScan\u00ae, a non-invasive solution for the management of liver disease.","breadcrumb":{"@id":"https:\/\/www.echosens.com\/en-us\/legal-notice\/#breadcrumb"},"inLanguage":"en-US","potentialAction":[{"@type":"ReadAction","target":["https:\/\/www.echosens.com\/en-us\/legal-notice\/"]}]},{"@type":"BreadcrumbList","@id":"https:\/\/www.echosens.com\/en-us\/legal-notice\/#breadcrumb","itemListElement":[{"@type":"ListItem","position":1,"name":"Home","item":"https:\/\/www.echosens.com\/en-us\/"},{"@type":"ListItem","position":2,"name":"Legal notice"}]},{"@type":"WebSite","@id":"https:\/\/www.echosens.com\/en-us\/#website","url":"https:\/\/www.echosens.com\/en-us\/","name":"Echosens","description":"Un site utilisant WordPress","publisher":{"@id":"https:\/\/www.echosens.com\/en-us\/#organization"},"potentialAction":[{"@type":"SearchAction","target":{"@type":"EntryPoint","urlTemplate":"https:\/\/www.echosens.com\/en-us\/?s={search_term_string}"},"query-input":{"@type":"PropertyValueSpecification","valueRequired":true,"valueName":"search_term_string"}}],"inLanguage":"en-US"},{"@type":"Organization","@id":"https:\/\/www.echosens.com\/en-us\/#organization","name":"ECHOSENS","url":"https:\/\/www.echosens.com\/en-us\/","logo":{"@type":"ImageObject","inLanguage":"en-US","@id":"https:\/\/www.echosens.com\/en-us\/#\/schema\/logo\/image\/","url":"https:\/\/www.echosens.com\/wp-content\/uploads\/2020\/12\/logo.svg","contentUrl":"https:\/\/www.echosens.com\/wp-content\/uploads\/2020\/12\/logo.svg","width":1,"height":1,"caption":"ECHOSENS"},"image":{"@id":"https:\/\/www.echosens.com\/en-us\/#\/schema\/logo\/image\/"},"sameAs":["https:\/\/www.facebook.com\/fibroscan.echosens","https:\/\/x.com\/Echosens","https:\/\/www.linkedin.com\/company\/echosens\/","https:\/\/www.youtube.com\/channel\/UC1myqoq18t1dKPTz0u1eEgg"]}]}},"_links":{"self":[{"href":"https:\/\/www.echosens.com\/en-us\/wp-json\/wp\/v2\/pages\/3365","targetHints":{"allow":["GET"]}}],"collection":[{"href":"https:\/\/www.echosens.com\/en-us\/wp-json\/wp\/v2\/pages"}],"about":[{"href":"https:\/\/www.echosens.com\/en-us\/wp-json\/wp\/v2\/types\/page"}],"author":[{"embeddable":true,"href":"https:\/\/www.echosens.com\/en-us\/wp-json\/wp\/v2\/users\/1"}],"replies":[{"embeddable":true,"href":"https:\/\/www.echosens.com\/en-us\/wp-json\/wp\/v2\/comments?post=3365"}],"version-history":[{"count":12,"href":"https:\/\/www.echosens.com\/en-us\/wp-json\/wp\/v2\/pages\/3365\/revisions"}],"predecessor-version":[{"id":232460,"href":"https:\/\/www.echosens.com\/en-us\/wp-json\/wp\/v2\/pages\/3365\/revisions\/232460"}],"wp:attachment":[{"href":"https:\/\/www.echosens.com\/en-us\/wp-json\/wp\/v2\/media?parent=3365"}],"curies":[{"name":"wp","href":"https:\/\/api.w.org\/{rel}","templated":true}]}}