{"id":138936,"date":"2024-04-16T12:34:59","date_gmt":"2024-04-16T10:34:59","guid":{"rendered":"https:\/\/www.echosens.com\/wp-guided-vcte\/"},"modified":"2024-06-07T17:00:50","modified_gmt":"2024-06-07T15:00:50","slug":"wp-guided-vcte","status":"publish","type":"page","link":"https:\/\/www.echosens.com\/es\/wp-guided-vcte\/","title":{"rendered":"Libro Blanco &#8211; La tecnolog\u00eda detr\u00e1s de Guided VCTE&#x2122;"},"content":{"rendered":"","protected":false},"excerpt":{"rendered":"","protected":false},"author":2,"featured_media":0,"parent":0,"menu_order":0,"comment_status":"closed","ping_status":"closed","template":"templates\/land.php","meta":{"_acf_changed":false,"_searchwp_excluded":"","footnotes":""},"class_list":["post-138936","page","type-page","status-publish","hentry"],"acf":[],"yoast_head":"<!-- This site is optimized with the Yoast SEO plugin v27.4 - https:\/\/yoast.com\/product\/yoast-seo-wordpress\/ -->\n<title>Libro Blanco - La tecnolog\u00eda detr\u00e1s de Guided VCTE&#x2122; - Echosens<\/title>\n<meta name=\"description\" content=\"Libro Blanco - La tecnolog\u00eda detr\u00e1s de Guided VCTE&#x2122; - ofrece una visi\u00f3n general de la tecnolog\u00eda Guided VCTE\u2122 y sus ventajas.\" \/>\n<meta name=\"robots\" content=\"index, follow, max-snippet:-1, max-image-preview:large, max-video-preview:-1\" \/>\n<link rel=\"canonical\" href=\"https:\/\/www.echosens.com\/es\/wp-guided-vcte\/\" \/>\n<meta property=\"og:locale\" content=\"es_ES\" \/>\n<meta property=\"og:type\" content=\"article\" \/>\n<meta property=\"og:title\" content=\"Libro Blanco - La tecnolog\u00eda detr\u00e1s de Guided VCTE&#x2122; - Echosens\" \/>\n<meta property=\"og:description\" content=\"Libro Blanco - La tecnolog\u00eda detr\u00e1s de Guided VCTE&#x2122; - ofrece una visi\u00f3n general de la tecnolog\u00eda Guided VCTE\u2122 y sus ventajas.\" \/>\n<meta property=\"og:url\" content=\"https:\/\/www.echosens.com\/es\/wp-guided-vcte\/\" \/>\n<meta property=\"og:site_name\" content=\"Echosens\" \/>\n<meta property=\"article:publisher\" content=\"https:\/\/www.facebook.com\/fibroscan.echosens\" \/>\n<meta property=\"article:modified_time\" content=\"2024-06-07T15:00:50+00:00\" \/>\n<meta name=\"twitter:card\" content=\"summary_large_image\" \/>\n<meta name=\"twitter:site\" content=\"@Echosens\" \/>\n<script type=\"application\/ld+json\" class=\"yoast-schema-graph\">{\"@context\":\"https:\\\/\\\/schema.org\",\"@graph\":[{\"@type\":\"WebPage\",\"@id\":\"https:\\\/\\\/www.echosens.com\\\/es\\\/wp-guided-vcte\\\/\",\"url\":\"https:\\\/\\\/www.echosens.com\\\/es\\\/wp-guided-vcte\\\/\",\"name\":\"Libro Blanco - La tecnolog\u00eda detr\u00e1s de Guided VCTE&#x2122; - Echosens\",\"isPartOf\":{\"@id\":\"https:\\\/\\\/www.echosens.com\\\/es\\\/#website\"},\"datePublished\":\"2024-04-16T10:34:59+00:00\",\"dateModified\":\"2024-06-07T15:00:50+00:00\",\"description\":\"Libro Blanco - La tecnolog\u00eda detr\u00e1s de Guided VCTE&#x2122; - ofrece una visi\u00f3n general de la tecnolog\u00eda Guided VCTE\u2122 y sus ventajas.\",\"breadcrumb\":{\"@id\":\"https:\\\/\\\/www.echosens.com\\\/es\\\/wp-guided-vcte\\\/#breadcrumb\"},\"inLanguage\":\"es\",\"potentialAction\":[{\"@type\":\"ReadAction\",\"target\":[\"https:\\\/\\\/www.echosens.com\\\/es\\\/wp-guided-vcte\\\/\"]}]},{\"@type\":\"BreadcrumbList\",\"@id\":\"https:\\\/\\\/www.echosens.com\\\/es\\\/wp-guided-vcte\\\/#breadcrumb\",\"itemListElement\":[{\"@type\":\"ListItem\",\"position\":1,\"name\":\"Home\",\"item\":\"https:\\\/\\\/www.echosens.com\\\/es\\\/\"},{\"@type\":\"ListItem\",\"position\":2,\"name\":\"Libro Blanco &#8211; La tecnolog\u00eda detr\u00e1s de Guided VCTE&#x2122;\"}]},{\"@type\":\"WebSite\",\"@id\":\"https:\\\/\\\/www.echosens.com\\\/es\\\/#website\",\"url\":\"https:\\\/\\\/www.echosens.com\\\/es\\\/\",\"name\":\"Echosens\",\"description\":\"Un site utilisant WordPress\",\"publisher\":{\"@id\":\"https:\\\/\\\/www.echosens.com\\\/es\\\/#organization\"},\"potentialAction\":[{\"@type\":\"SearchAction\",\"target\":{\"@type\":\"EntryPoint\",\"urlTemplate\":\"https:\\\/\\\/www.echosens.com\\\/es\\\/?s={search_term_string}\"},\"query-input\":{\"@type\":\"PropertyValueSpecification\",\"valueRequired\":true,\"valueName\":\"search_term_string\"}}],\"inLanguage\":\"es\"},{\"@type\":\"Organization\",\"@id\":\"https:\\\/\\\/www.echosens.com\\\/es\\\/#organization\",\"name\":\"ECHOSENS\",\"url\":\"https:\\\/\\\/www.echosens.com\\\/es\\\/\",\"logo\":{\"@type\":\"ImageObject\",\"inLanguage\":\"es\",\"@id\":\"https:\\\/\\\/www.echosens.com\\\/es\\\/#\\\/schema\\\/logo\\\/image\\\/\",\"url\":\"https:\\\/\\\/www.echosens.com\\\/wp-content\\\/uploads\\\/2020\\\/12\\\/logo.svg\",\"contentUrl\":\"https:\\\/\\\/www.echosens.com\\\/wp-content\\\/uploads\\\/2020\\\/12\\\/logo.svg\",\"width\":1,\"height\":1,\"caption\":\"ECHOSENS\"},\"image\":{\"@id\":\"https:\\\/\\\/www.echosens.com\\\/es\\\/#\\\/schema\\\/logo\\\/image\\\/\"},\"sameAs\":[\"https:\\\/\\\/www.facebook.com\\\/fibroscan.echosens\",\"https:\\\/\\\/x.com\\\/Echosens\",\"https:\\\/\\\/www.linkedin.com\\\/company\\\/echosens\\\/\",\"https:\\\/\\\/www.youtube.com\\\/channel\\\/UC1myqoq18t1dKPTz0u1eEgg\"]}]}<\/script>\n<!-- \/ Yoast SEO plugin. -->","yoast_head_json":{"title":"Libro Blanco - La tecnolog\u00eda detr\u00e1s de Guided VCTE&#x2122; - Echosens","description":"Libro Blanco - La tecnolog\u00eda detr\u00e1s de Guided VCTE&#x2122; - ofrece una visi\u00f3n general de la tecnolog\u00eda Guided VCTE\u2122 y sus ventajas.","robots":{"index":"index","follow":"follow","max-snippet":"max-snippet:-1","max-image-preview":"max-image-preview:large","max-video-preview":"max-video-preview:-1"},"canonical":"https:\/\/www.echosens.com\/es\/wp-guided-vcte\/","og_locale":"es_ES","og_type":"article","og_title":"Libro Blanco - La tecnolog\u00eda detr\u00e1s de Guided VCTE&#x2122; - Echosens","og_description":"Libro Blanco - La tecnolog\u00eda detr\u00e1s de Guided VCTE&#x2122; - ofrece una visi\u00f3n general de la tecnolog\u00eda Guided VCTE\u2122 y sus ventajas.","og_url":"https:\/\/www.echosens.com\/es\/wp-guided-vcte\/","og_site_name":"Echosens","article_publisher":"https:\/\/www.facebook.com\/fibroscan.echosens","article_modified_time":"2024-06-07T15:00:50+00:00","twitter_card":"summary_large_image","twitter_site":"@Echosens","schema":{"@context":"https:\/\/schema.org","@graph":[{"@type":"WebPage","@id":"https:\/\/www.echosens.com\/es\/wp-guided-vcte\/","url":"https:\/\/www.echosens.com\/es\/wp-guided-vcte\/","name":"Libro Blanco - La tecnolog\u00eda detr\u00e1s de Guided VCTE&#x2122; - Echosens","isPartOf":{"@id":"https:\/\/www.echosens.com\/es\/#website"},"datePublished":"2024-04-16T10:34:59+00:00","dateModified":"2024-06-07T15:00:50+00:00","description":"Libro Blanco - La tecnolog\u00eda detr\u00e1s de Guided VCTE&#x2122; - ofrece una visi\u00f3n general de la tecnolog\u00eda Guided VCTE\u2122 y sus ventajas.","breadcrumb":{"@id":"https:\/\/www.echosens.com\/es\/wp-guided-vcte\/#breadcrumb"},"inLanguage":"es","potentialAction":[{"@type":"ReadAction","target":["https:\/\/www.echosens.com\/es\/wp-guided-vcte\/"]}]},{"@type":"BreadcrumbList","@id":"https:\/\/www.echosens.com\/es\/wp-guided-vcte\/#breadcrumb","itemListElement":[{"@type":"ListItem","position":1,"name":"Home","item":"https:\/\/www.echosens.com\/es\/"},{"@type":"ListItem","position":2,"name":"Libro Blanco &#8211; La tecnolog\u00eda detr\u00e1s de Guided VCTE&#x2122;"}]},{"@type":"WebSite","@id":"https:\/\/www.echosens.com\/es\/#website","url":"https:\/\/www.echosens.com\/es\/","name":"Echosens","description":"Un site utilisant WordPress","publisher":{"@id":"https:\/\/www.echosens.com\/es\/#organization"},"potentialAction":[{"@type":"SearchAction","target":{"@type":"EntryPoint","urlTemplate":"https:\/\/www.echosens.com\/es\/?s={search_term_string}"},"query-input":{"@type":"PropertyValueSpecification","valueRequired":true,"valueName":"search_term_string"}}],"inLanguage":"es"},{"@type":"Organization","@id":"https:\/\/www.echosens.com\/es\/#organization","name":"ECHOSENS","url":"https:\/\/www.echosens.com\/es\/","logo":{"@type":"ImageObject","inLanguage":"es","@id":"https:\/\/www.echosens.com\/es\/#\/schema\/logo\/image\/","url":"https:\/\/www.echosens.com\/wp-content\/uploads\/2020\/12\/logo.svg","contentUrl":"https:\/\/www.echosens.com\/wp-content\/uploads\/2020\/12\/logo.svg","width":1,"height":1,"caption":"ECHOSENS"},"image":{"@id":"https:\/\/www.echosens.com\/es\/#\/schema\/logo\/image\/"},"sameAs":["https:\/\/www.facebook.com\/fibroscan.echosens","https:\/\/x.com\/Echosens","https:\/\/www.linkedin.com\/company\/echosens\/","https:\/\/www.youtube.com\/channel\/UC1myqoq18t1dKPTz0u1eEgg"]}]}},"_links":{"self":[{"href":"https:\/\/www.echosens.com\/es\/wp-json\/wp\/v2\/pages\/138936","targetHints":{"allow":["GET"]}}],"collection":[{"href":"https:\/\/www.echosens.com\/es\/wp-json\/wp\/v2\/pages"}],"about":[{"href":"https:\/\/www.echosens.com\/es\/wp-json\/wp\/v2\/types\/page"}],"author":[{"embeddable":true,"href":"https:\/\/www.echosens.com\/es\/wp-json\/wp\/v2\/users\/2"}],"replies":[{"embeddable":true,"href":"https:\/\/www.echosens.com\/es\/wp-json\/wp\/v2\/comments?post=138936"}],"version-history":[{"count":7,"href":"https:\/\/www.echosens.com\/es\/wp-json\/wp\/v2\/pages\/138936\/revisions"}],"predecessor-version":[{"id":178504,"href":"https:\/\/www.echosens.com\/es\/wp-json\/wp\/v2\/pages\/138936\/revisions\/178504"}],"wp:attachment":[{"href":"https:\/\/www.echosens.com\/es\/wp-json\/wp\/v2\/media?parent=138936"}],"curies":[{"name":"wp","href":"https:\/\/api.w.org\/{rel}","templated":true}]}}