{"id":287866,"date":"2026-01-19T13:59:52","date_gmt":"2026-01-19T12:59:52","guid":{"rendered":"https:\/\/www.echosens.com\/lsm-vcte-post-fontan-patients\/"},"modified":"2026-01-19T14:42:11","modified_gmt":"2026-01-19T13:42:11","slug":"lsm-vcte-pacientes-post-fontan","status":"publish","type":"page","link":"https:\/\/www.echosens.com\/es\/lsm-vcte-pacientes-post-fontan\/","title":{"rendered":"LSM by VCTE en pacientes post-Fontan: establecimiento de umbrales diagn\u00f3sticos y valor pron\u00f3stico para la enfermedad hep\u00e1tica asociada al procedimiento de Fontan"},"content":{"rendered":"","protected":false},"excerpt":{"rendered":"","protected":false},"author":13,"featured_media":0,"parent":0,"menu_order":0,"comment_status":"closed","ping_status":"closed","template":"templates\/modular.php","meta":{"_acf_changed":false,"_searchwp_excluded":"","footnotes":""},"class_list":["post-287866","page","type-page","status-publish","hentry"],"acf":[],"yoast_head":"<!-- This site is optimized with the Yoast SEO plugin v27.2 - https:\/\/yoast.com\/product\/yoast-seo-wordpress\/ -->\n<title>LSM by VCTE en pacientes post-Fontan - Echosens<\/title>\n<meta name=\"description\" content=\"LSM by VCTE en pacientes post-Fontan: establecimiento de umbrales diagn\u00f3sticos y valor pron\u00f3stico para la enfermedad hep\u00e1tica asociada al procedimiento de Fontan\" \/>\n<meta name=\"robots\" content=\"index, follow, max-snippet:-1, max-image-preview:large, max-video-preview:-1\" \/>\n<link rel=\"canonical\" href=\"https:\/\/www.echosens.com\/es\/lsm-vcte-pacientes-post-fontan\/\" \/>\n<meta property=\"og:locale\" content=\"es_ES\" \/>\n<meta property=\"og:type\" content=\"article\" \/>\n<meta property=\"og:title\" content=\"LSM by VCTE en pacientes post-Fontan - Echosens\" \/>\n<meta property=\"og:description\" content=\"LSM by VCTE en pacientes post-Fontan: establecimiento de umbrales diagn\u00f3sticos y valor pron\u00f3stico para la enfermedad hep\u00e1tica asociada al procedimiento de Fontan\" \/>\n<meta property=\"og:url\" content=\"https:\/\/www.echosens.com\/es\/lsm-vcte-pacientes-post-fontan\/\" \/>\n<meta property=\"og:site_name\" content=\"Echosens\" \/>\n<meta property=\"article:publisher\" content=\"https:\/\/www.facebook.com\/fibroscan.echosens\" \/>\n<meta property=\"article:modified_time\" content=\"2026-01-19T13:42:11+00:00\" \/>\n<meta name=\"twitter:card\" content=\"summary_large_image\" \/>\n<meta name=\"twitter:site\" content=\"@Echosens\" \/>\n<script type=\"application\/ld+json\" class=\"yoast-schema-graph\">{\"@context\":\"https:\/\/schema.org\",\"@graph\":[{\"@type\":\"WebPage\",\"@id\":\"https:\/\/www.echosens.com\/es\/lsm-vcte-pacientes-post-fontan\/\",\"url\":\"https:\/\/www.echosens.com\/es\/lsm-vcte-pacientes-post-fontan\/\",\"name\":\"LSM by VCTE en pacientes post-Fontan - Echosens\",\"isPartOf\":{\"@id\":\"https:\/\/www.echosens.com\/es\/#website\"},\"datePublished\":\"2026-01-19T12:59:52+00:00\",\"dateModified\":\"2026-01-19T13:42:11+00:00\",\"description\":\"LSM by VCTE en pacientes post-Fontan: establecimiento de umbrales diagn\u00f3sticos y valor pron\u00f3stico para la enfermedad hep\u00e1tica asociada al procedimiento de Fontan\",\"breadcrumb\":{\"@id\":\"https:\/\/www.echosens.com\/es\/lsm-vcte-pacientes-post-fontan\/#breadcrumb\"},\"inLanguage\":\"es\",\"potentialAction\":[{\"@type\":\"ReadAction\",\"target\":[\"https:\/\/www.echosens.com\/es\/lsm-vcte-pacientes-post-fontan\/\"]}]},{\"@type\":\"BreadcrumbList\",\"@id\":\"https:\/\/www.echosens.com\/es\/lsm-vcte-pacientes-post-fontan\/#breadcrumb\",\"itemListElement\":[{\"@type\":\"ListItem\",\"position\":1,\"name\":\"Home\",\"item\":\"https:\/\/www.echosens.com\/es\/\"},{\"@type\":\"ListItem\",\"position\":2,\"name\":\"LSM by VCTE en pacientes post-Fontan: establecimiento de umbrales diagn\u00f3sticos y valor pron\u00f3stico para la enfermedad hep\u00e1tica asociada al procedimiento de Fontan\"}]},{\"@type\":\"WebSite\",\"@id\":\"https:\/\/www.echosens.com\/es\/#website\",\"url\":\"https:\/\/www.echosens.com\/es\/\",\"name\":\"Echosens\",\"description\":\"Un site utilisant WordPress\",\"publisher\":{\"@id\":\"https:\/\/www.echosens.com\/es\/#organization\"},\"potentialAction\":[{\"@type\":\"SearchAction\",\"target\":{\"@type\":\"EntryPoint\",\"urlTemplate\":\"https:\/\/www.echosens.com\/es\/?s={search_term_string}\"},\"query-input\":{\"@type\":\"PropertyValueSpecification\",\"valueRequired\":true,\"valueName\":\"search_term_string\"}}],\"inLanguage\":\"es\"},{\"@type\":\"Organization\",\"@id\":\"https:\/\/www.echosens.com\/es\/#organization\",\"name\":\"ECHOSENS\",\"url\":\"https:\/\/www.echosens.com\/es\/\",\"logo\":{\"@type\":\"ImageObject\",\"inLanguage\":\"es\",\"@id\":\"https:\/\/www.echosens.com\/es\/#\/schema\/logo\/image\/\",\"url\":\"https:\/\/www.echosens.com\/wp-content\/uploads\/2020\/12\/logo.svg\",\"contentUrl\":\"https:\/\/www.echosens.com\/wp-content\/uploads\/2020\/12\/logo.svg\",\"width\":1,\"height\":1,\"caption\":\"ECHOSENS\"},\"image\":{\"@id\":\"https:\/\/www.echosens.com\/es\/#\/schema\/logo\/image\/\"},\"sameAs\":[\"https:\/\/www.facebook.com\/fibroscan.echosens\",\"https:\/\/x.com\/Echosens\",\"https:\/\/www.linkedin.com\/company\/echosens\/\",\"https:\/\/www.youtube.com\/channel\/UC1myqoq18t1dKPTz0u1eEgg\"]}]}<\/script>\n<!-- \/ Yoast SEO plugin. -->","yoast_head_json":{"title":"LSM by VCTE en pacientes post-Fontan - Echosens","description":"LSM by VCTE en pacientes post-Fontan: establecimiento de umbrales diagn\u00f3sticos y valor pron\u00f3stico para la enfermedad hep\u00e1tica asociada al procedimiento de Fontan","robots":{"index":"index","follow":"follow","max-snippet":"max-snippet:-1","max-image-preview":"max-image-preview:large","max-video-preview":"max-video-preview:-1"},"canonical":"https:\/\/www.echosens.com\/es\/lsm-vcte-pacientes-post-fontan\/","og_locale":"es_ES","og_type":"article","og_title":"LSM by VCTE en pacientes post-Fontan - Echosens","og_description":"LSM by VCTE en pacientes post-Fontan: establecimiento de umbrales diagn\u00f3sticos y valor pron\u00f3stico para la enfermedad hep\u00e1tica asociada al procedimiento de Fontan","og_url":"https:\/\/www.echosens.com\/es\/lsm-vcte-pacientes-post-fontan\/","og_site_name":"Echosens","article_publisher":"https:\/\/www.facebook.com\/fibroscan.echosens","article_modified_time":"2026-01-19T13:42:11+00:00","twitter_card":"summary_large_image","twitter_site":"@Echosens","schema":{"@context":"https:\/\/schema.org","@graph":[{"@type":"WebPage","@id":"https:\/\/www.echosens.com\/es\/lsm-vcte-pacientes-post-fontan\/","url":"https:\/\/www.echosens.com\/es\/lsm-vcte-pacientes-post-fontan\/","name":"LSM by VCTE en pacientes post-Fontan - Echosens","isPartOf":{"@id":"https:\/\/www.echosens.com\/es\/#website"},"datePublished":"2026-01-19T12:59:52+00:00","dateModified":"2026-01-19T13:42:11+00:00","description":"LSM by VCTE en pacientes post-Fontan: establecimiento de umbrales diagn\u00f3sticos y valor pron\u00f3stico para la enfermedad hep\u00e1tica asociada al procedimiento de Fontan","breadcrumb":{"@id":"https:\/\/www.echosens.com\/es\/lsm-vcte-pacientes-post-fontan\/#breadcrumb"},"inLanguage":"es","potentialAction":[{"@type":"ReadAction","target":["https:\/\/www.echosens.com\/es\/lsm-vcte-pacientes-post-fontan\/"]}]},{"@type":"BreadcrumbList","@id":"https:\/\/www.echosens.com\/es\/lsm-vcte-pacientes-post-fontan\/#breadcrumb","itemListElement":[{"@type":"ListItem","position":1,"name":"Home","item":"https:\/\/www.echosens.com\/es\/"},{"@type":"ListItem","position":2,"name":"LSM by VCTE en pacientes post-Fontan: establecimiento de umbrales diagn\u00f3sticos y valor pron\u00f3stico para la enfermedad hep\u00e1tica asociada al procedimiento de Fontan"}]},{"@type":"WebSite","@id":"https:\/\/www.echosens.com\/es\/#website","url":"https:\/\/www.echosens.com\/es\/","name":"Echosens","description":"Un site utilisant WordPress","publisher":{"@id":"https:\/\/www.echosens.com\/es\/#organization"},"potentialAction":[{"@type":"SearchAction","target":{"@type":"EntryPoint","urlTemplate":"https:\/\/www.echosens.com\/es\/?s={search_term_string}"},"query-input":{"@type":"PropertyValueSpecification","valueRequired":true,"valueName":"search_term_string"}}],"inLanguage":"es"},{"@type":"Organization","@id":"https:\/\/www.echosens.com\/es\/#organization","name":"ECHOSENS","url":"https:\/\/www.echosens.com\/es\/","logo":{"@type":"ImageObject","inLanguage":"es","@id":"https:\/\/www.echosens.com\/es\/#\/schema\/logo\/image\/","url":"https:\/\/www.echosens.com\/wp-content\/uploads\/2020\/12\/logo.svg","contentUrl":"https:\/\/www.echosens.com\/wp-content\/uploads\/2020\/12\/logo.svg","width":1,"height":1,"caption":"ECHOSENS"},"image":{"@id":"https:\/\/www.echosens.com\/es\/#\/schema\/logo\/image\/"},"sameAs":["https:\/\/www.facebook.com\/fibroscan.echosens","https:\/\/x.com\/Echosens","https:\/\/www.linkedin.com\/company\/echosens\/","https:\/\/www.youtube.com\/channel\/UC1myqoq18t1dKPTz0u1eEgg"]}]}},"_links":{"self":[{"href":"https:\/\/www.echosens.com\/es\/wp-json\/wp\/v2\/pages\/287866","targetHints":{"allow":["GET"]}}],"collection":[{"href":"https:\/\/www.echosens.com\/es\/wp-json\/wp\/v2\/pages"}],"about":[{"href":"https:\/\/www.echosens.com\/es\/wp-json\/wp\/v2\/types\/page"}],"author":[{"embeddable":true,"href":"https:\/\/www.echosens.com\/es\/wp-json\/wp\/v2\/users\/13"}],"replies":[{"embeddable":true,"href":"https:\/\/www.echosens.com\/es\/wp-json\/wp\/v2\/comments?post=287866"}],"version-history":[{"count":7,"href":"https:\/\/www.echosens.com\/es\/wp-json\/wp\/v2\/pages\/287866\/revisions"}],"predecessor-version":[{"id":287873,"href":"https:\/\/www.echosens.com\/es\/wp-json\/wp\/v2\/pages\/287866\/revisions\/287873"}],"wp:attachment":[{"href":"https:\/\/www.echosens.com\/es\/wp-json\/wp\/v2\/media?parent=287866"}],"curies":[{"name":"wp","href":"https:\/\/api.w.org\/{rel}","templated":true}]}}