{"id":3294,"date":"2020-12-29T21:48:44","date_gmt":"2020-12-29T20:48:44","guid":{"rendered":"https:\/\/www.echosens.com\/fibroscanprocedure\/"},"modified":"2026-03-05T10:30:48","modified_gmt":"2026-03-05T09:30:48","slug":"procedimiento-de-examen","status":"publish","type":"page","link":"https:\/\/www.echosens.com\/es\/procedimiento-de-examen\/","title":{"rendered":"Recomendaci\u00f3n"},"content":{"rendered":"","protected":false},"excerpt":{"rendered":"","protected":false},"author":1,"featured_media":0,"parent":0,"menu_order":0,"comment_status":"closed","ping_status":"closed","template":"templates\/modular.php","meta":{"_acf_changed":false,"_searchwp_excluded":"","footnotes":""},"class_list":["post-3294","page","type-page","status-publish","hentry"],"acf":[],"yoast_head":"<!-- This site is optimized with the Yoast SEO plugin v27.2 - https:\/\/yoast.com\/product\/yoast-seo-wordpress\/ -->\n<title>Procedimiento FibroScan\u00ae para usuarios - Echosens<\/title>\n<meta name=\"description\" content=\"Recomendaciones para realizar un examen con FibroScan\u00ae: preparaci\u00f3n, selecci\u00f3n de sonda, criterios de fiabilidad. No hay contraindicaci\u00f3n.\" \/>\n<meta name=\"robots\" content=\"index, follow, max-snippet:-1, max-image-preview:large, max-video-preview:-1\" \/>\n<link rel=\"canonical\" href=\"https:\/\/www.echosens.com\/es\/procedimiento-de-examen\/\" \/>\n<meta property=\"og:locale\" content=\"es_ES\" \/>\n<meta property=\"og:type\" content=\"article\" \/>\n<meta property=\"og:title\" content=\"Procedimiento FibroScan\u00ae para usuarios - Echosens\" \/>\n<meta property=\"og:description\" content=\"Recomendaciones para realizar un examen con FibroScan\u00ae: preparaci\u00f3n, selecci\u00f3n de sonda, criterios de fiabilidad. No hay contraindicaci\u00f3n.\" \/>\n<meta property=\"og:url\" content=\"https:\/\/www.echosens.com\/es\/procedimiento-de-examen\/\" \/>\n<meta property=\"og:site_name\" content=\"Echosens\" \/>\n<meta property=\"article:publisher\" content=\"https:\/\/www.facebook.com\/fibroscan.echosens\" \/>\n<meta property=\"article:modified_time\" content=\"2026-03-05T09:30:48+00:00\" \/>\n<meta name=\"twitter:card\" content=\"summary_large_image\" \/>\n<meta name=\"twitter:site\" content=\"@Echosens\" \/>\n<script type=\"application\/ld+json\" class=\"yoast-schema-graph\">{\"@context\":\"https:\/\/schema.org\",\"@graph\":[{\"@type\":\"WebPage\",\"@id\":\"https:\/\/www.echosens.com\/es\/procedimiento-de-examen\/\",\"url\":\"https:\/\/www.echosens.com\/es\/procedimiento-de-examen\/\",\"name\":\"Procedimiento FibroScan\u00ae para usuarios - Echosens\",\"isPartOf\":{\"@id\":\"https:\/\/www.echosens.com\/es\/#website\"},\"datePublished\":\"2020-12-29T20:48:44+00:00\",\"dateModified\":\"2026-03-05T09:30:48+00:00\",\"description\":\"Recomendaciones para realizar un examen con FibroScan\u00ae: preparaci\u00f3n, selecci\u00f3n de sonda, criterios de fiabilidad. No hay contraindicaci\u00f3n.\",\"breadcrumb\":{\"@id\":\"https:\/\/www.echosens.com\/es\/procedimiento-de-examen\/#breadcrumb\"},\"inLanguage\":\"es\",\"potentialAction\":[{\"@type\":\"ReadAction\",\"target\":[\"https:\/\/www.echosens.com\/es\/procedimiento-de-examen\/\"]}]},{\"@type\":\"BreadcrumbList\",\"@id\":\"https:\/\/www.echosens.com\/es\/procedimiento-de-examen\/#breadcrumb\",\"itemListElement\":[{\"@type\":\"ListItem\",\"position\":1,\"name\":\"Home\",\"item\":\"https:\/\/www.echosens.com\/es\/\"},{\"@type\":\"ListItem\",\"position\":2,\"name\":\"Recomendaci\u00f3n\"}]},{\"@type\":\"WebSite\",\"@id\":\"https:\/\/www.echosens.com\/es\/#website\",\"url\":\"https:\/\/www.echosens.com\/es\/\",\"name\":\"Echosens\",\"description\":\"Un site utilisant WordPress\",\"publisher\":{\"@id\":\"https:\/\/www.echosens.com\/es\/#organization\"},\"potentialAction\":[{\"@type\":\"SearchAction\",\"target\":{\"@type\":\"EntryPoint\",\"urlTemplate\":\"https:\/\/www.echosens.com\/es\/?s={search_term_string}\"},\"query-input\":{\"@type\":\"PropertyValueSpecification\",\"valueRequired\":true,\"valueName\":\"search_term_string\"}}],\"inLanguage\":\"es\"},{\"@type\":\"Organization\",\"@id\":\"https:\/\/www.echosens.com\/es\/#organization\",\"name\":\"ECHOSENS\",\"url\":\"https:\/\/www.echosens.com\/es\/\",\"logo\":{\"@type\":\"ImageObject\",\"inLanguage\":\"es\",\"@id\":\"https:\/\/www.echosens.com\/es\/#\/schema\/logo\/image\/\",\"url\":\"https:\/\/www.echosens.com\/wp-content\/uploads\/2020\/12\/logo.svg\",\"contentUrl\":\"https:\/\/www.echosens.com\/wp-content\/uploads\/2020\/12\/logo.svg\",\"width\":1,\"height\":1,\"caption\":\"ECHOSENS\"},\"image\":{\"@id\":\"https:\/\/www.echosens.com\/es\/#\/schema\/logo\/image\/\"},\"sameAs\":[\"https:\/\/www.facebook.com\/fibroscan.echosens\",\"https:\/\/x.com\/Echosens\",\"https:\/\/www.linkedin.com\/company\/echosens\/\",\"https:\/\/www.youtube.com\/channel\/UC1myqoq18t1dKPTz0u1eEgg\"]}]}<\/script>\n<!-- \/ Yoast SEO plugin. -->","yoast_head_json":{"title":"Procedimiento FibroScan\u00ae para usuarios - Echosens","description":"Recomendaciones para realizar un examen con FibroScan\u00ae: preparaci\u00f3n, selecci\u00f3n de sonda, criterios de fiabilidad. No hay contraindicaci\u00f3n.","robots":{"index":"index","follow":"follow","max-snippet":"max-snippet:-1","max-image-preview":"max-image-preview:large","max-video-preview":"max-video-preview:-1"},"canonical":"https:\/\/www.echosens.com\/es\/procedimiento-de-examen\/","og_locale":"es_ES","og_type":"article","og_title":"Procedimiento FibroScan\u00ae para usuarios - Echosens","og_description":"Recomendaciones para realizar un examen con FibroScan\u00ae: preparaci\u00f3n, selecci\u00f3n de sonda, criterios de fiabilidad. No hay contraindicaci\u00f3n.","og_url":"https:\/\/www.echosens.com\/es\/procedimiento-de-examen\/","og_site_name":"Echosens","article_publisher":"https:\/\/www.facebook.com\/fibroscan.echosens","article_modified_time":"2026-03-05T09:30:48+00:00","twitter_card":"summary_large_image","twitter_site":"@Echosens","schema":{"@context":"https:\/\/schema.org","@graph":[{"@type":"WebPage","@id":"https:\/\/www.echosens.com\/es\/procedimiento-de-examen\/","url":"https:\/\/www.echosens.com\/es\/procedimiento-de-examen\/","name":"Procedimiento FibroScan\u00ae para usuarios - Echosens","isPartOf":{"@id":"https:\/\/www.echosens.com\/es\/#website"},"datePublished":"2020-12-29T20:48:44+00:00","dateModified":"2026-03-05T09:30:48+00:00","description":"Recomendaciones para realizar un examen con FibroScan\u00ae: preparaci\u00f3n, selecci\u00f3n de sonda, criterios de fiabilidad. No hay contraindicaci\u00f3n.","breadcrumb":{"@id":"https:\/\/www.echosens.com\/es\/procedimiento-de-examen\/#breadcrumb"},"inLanguage":"es","potentialAction":[{"@type":"ReadAction","target":["https:\/\/www.echosens.com\/es\/procedimiento-de-examen\/"]}]},{"@type":"BreadcrumbList","@id":"https:\/\/www.echosens.com\/es\/procedimiento-de-examen\/#breadcrumb","itemListElement":[{"@type":"ListItem","position":1,"name":"Home","item":"https:\/\/www.echosens.com\/es\/"},{"@type":"ListItem","position":2,"name":"Recomendaci\u00f3n"}]},{"@type":"WebSite","@id":"https:\/\/www.echosens.com\/es\/#website","url":"https:\/\/www.echosens.com\/es\/","name":"Echosens","description":"Un site utilisant WordPress","publisher":{"@id":"https:\/\/www.echosens.com\/es\/#organization"},"potentialAction":[{"@type":"SearchAction","target":{"@type":"EntryPoint","urlTemplate":"https:\/\/www.echosens.com\/es\/?s={search_term_string}"},"query-input":{"@type":"PropertyValueSpecification","valueRequired":true,"valueName":"search_term_string"}}],"inLanguage":"es"},{"@type":"Organization","@id":"https:\/\/www.echosens.com\/es\/#organization","name":"ECHOSENS","url":"https:\/\/www.echosens.com\/es\/","logo":{"@type":"ImageObject","inLanguage":"es","@id":"https:\/\/www.echosens.com\/es\/#\/schema\/logo\/image\/","url":"https:\/\/www.echosens.com\/wp-content\/uploads\/2020\/12\/logo.svg","contentUrl":"https:\/\/www.echosens.com\/wp-content\/uploads\/2020\/12\/logo.svg","width":1,"height":1,"caption":"ECHOSENS"},"image":{"@id":"https:\/\/www.echosens.com\/es\/#\/schema\/logo\/image\/"},"sameAs":["https:\/\/www.facebook.com\/fibroscan.echosens","https:\/\/x.com\/Echosens","https:\/\/www.linkedin.com\/company\/echosens\/","https:\/\/www.youtube.com\/channel\/UC1myqoq18t1dKPTz0u1eEgg"]}]}},"_links":{"self":[{"href":"https:\/\/www.echosens.com\/es\/wp-json\/wp\/v2\/pages\/3294","targetHints":{"allow":["GET"]}}],"collection":[{"href":"https:\/\/www.echosens.com\/es\/wp-json\/wp\/v2\/pages"}],"about":[{"href":"https:\/\/www.echosens.com\/es\/wp-json\/wp\/v2\/types\/page"}],"author":[{"embeddable":true,"href":"https:\/\/www.echosens.com\/es\/wp-json\/wp\/v2\/users\/1"}],"replies":[{"embeddable":true,"href":"https:\/\/www.echosens.com\/es\/wp-json\/wp\/v2\/comments?post=3294"}],"version-history":[{"count":26,"href":"https:\/\/www.echosens.com\/es\/wp-json\/wp\/v2\/pages\/3294\/revisions"}],"predecessor-version":[{"id":288191,"href":"https:\/\/www.echosens.com\/es\/wp-json\/wp\/v2\/pages\/3294\/revisions\/288191"}],"wp:attachment":[{"href":"https:\/\/www.echosens.com\/es\/wp-json\/wp\/v2\/media?parent=3294"}],"curies":[{"name":"wp","href":"https:\/\/api.w.org\/{rel}","templated":true}]}}