{"id":3648,"date":"2021-02-09T14:35:26","date_gmt":"2021-02-09T13:35:26","guid":{"rendered":"https:\/\/www.echosens.com\/laurents-story\/"},"modified":"2026-02-03T15:25:19","modified_gmt":"2026-02-03T14:25:19","slug":"la-historia-de-laurent","status":"publish","type":"page","link":"https:\/\/www.echosens.com\/es\/la-historia-de-laurent\/","title":{"rendered":"la historia de Laurent"},"content":{"rendered":"","protected":false},"excerpt":{"rendered":"","protected":false},"author":1,"featured_media":0,"parent":0,"menu_order":0,"comment_status":"closed","ping_status":"closed","template":"templates\/modular.php","meta":{"_acf_changed":false,"_searchwp_excluded":"","footnotes":""},"class_list":["post-3648","page","type-page","status-publish","hentry"],"acf":[],"yoast_head":"<!-- This site is optimized with the Yoast SEO plugin v27.2 - https:\/\/yoast.com\/product\/yoast-seo-wordpress\/ -->\n<title>La historia de Echosens - Echosens<\/title>\n<meta name=\"description\" content=\"Descubra c\u00f3mo la elastograf\u00eda de transici\u00f3n abri\u00f3 camino para FibroScan\u00ae con Laurent Sandrin, fundador y director tecnol\u00f3gico de Echosens.\" \/>\n<meta name=\"robots\" content=\"index, follow, max-snippet:-1, max-image-preview:large, max-video-preview:-1\" \/>\n<link rel=\"canonical\" href=\"https:\/\/www.echosens.com\/es\/la-historia-de-laurent\/\" \/>\n<meta property=\"og:locale\" content=\"es_ES\" \/>\n<meta property=\"og:type\" content=\"article\" \/>\n<meta property=\"og:title\" content=\"La historia de Echosens - Echosens\" \/>\n<meta property=\"og:description\" content=\"Descubra c\u00f3mo la elastograf\u00eda de transici\u00f3n abri\u00f3 camino para FibroScan\u00ae con Laurent Sandrin, fundador y director tecnol\u00f3gico de Echosens.\" \/>\n<meta property=\"og:url\" content=\"https:\/\/www.echosens.com\/es\/la-historia-de-laurent\/\" \/>\n<meta property=\"og:site_name\" content=\"Echosens\" \/>\n<meta property=\"article:publisher\" content=\"https:\/\/www.facebook.com\/fibroscan.echosens\" \/>\n<meta property=\"article:modified_time\" content=\"2026-02-03T14:25:19+00:00\" \/>\n<meta name=\"twitter:card\" content=\"summary_large_image\" \/>\n<meta name=\"twitter:site\" content=\"@Echosens\" \/>\n<script type=\"application\/ld+json\" class=\"yoast-schema-graph\">{\"@context\":\"https:\/\/schema.org\",\"@graph\":[{\"@type\":\"WebPage\",\"@id\":\"https:\/\/www.echosens.com\/es\/la-historia-de-laurent\/\",\"url\":\"https:\/\/www.echosens.com\/es\/la-historia-de-laurent\/\",\"name\":\"La historia de Echosens - Echosens\",\"isPartOf\":{\"@id\":\"https:\/\/www.echosens.com\/es\/#website\"},\"datePublished\":\"2021-02-09T13:35:26+00:00\",\"dateModified\":\"2026-02-03T14:25:19+00:00\",\"description\":\"Descubra c\u00f3mo la elastograf\u00eda de transici\u00f3n abri\u00f3 camino para FibroScan\u00ae con Laurent Sandrin, fundador y director tecnol\u00f3gico de Echosens.\",\"breadcrumb\":{\"@id\":\"https:\/\/www.echosens.com\/es\/la-historia-de-laurent\/#breadcrumb\"},\"inLanguage\":\"es\",\"potentialAction\":[{\"@type\":\"ReadAction\",\"target\":[\"https:\/\/www.echosens.com\/es\/la-historia-de-laurent\/\"]}]},{\"@type\":\"BreadcrumbList\",\"@id\":\"https:\/\/www.echosens.com\/es\/la-historia-de-laurent\/#breadcrumb\",\"itemListElement\":[{\"@type\":\"ListItem\",\"position\":1,\"name\":\"Home\",\"item\":\"https:\/\/www.echosens.com\/es\/\"},{\"@type\":\"ListItem\",\"position\":2,\"name\":\"la historia de Laurent\"}]},{\"@type\":\"WebSite\",\"@id\":\"https:\/\/www.echosens.com\/es\/#website\",\"url\":\"https:\/\/www.echosens.com\/es\/\",\"name\":\"Echosens\",\"description\":\"Un site utilisant WordPress\",\"publisher\":{\"@id\":\"https:\/\/www.echosens.com\/es\/#organization\"},\"potentialAction\":[{\"@type\":\"SearchAction\",\"target\":{\"@type\":\"EntryPoint\",\"urlTemplate\":\"https:\/\/www.echosens.com\/es\/?s={search_term_string}\"},\"query-input\":{\"@type\":\"PropertyValueSpecification\",\"valueRequired\":true,\"valueName\":\"search_term_string\"}}],\"inLanguage\":\"es\"},{\"@type\":\"Organization\",\"@id\":\"https:\/\/www.echosens.com\/es\/#organization\",\"name\":\"ECHOSENS\",\"url\":\"https:\/\/www.echosens.com\/es\/\",\"logo\":{\"@type\":\"ImageObject\",\"inLanguage\":\"es\",\"@id\":\"https:\/\/www.echosens.com\/es\/#\/schema\/logo\/image\/\",\"url\":\"https:\/\/www.echosens.com\/wp-content\/uploads\/2020\/12\/logo.svg\",\"contentUrl\":\"https:\/\/www.echosens.com\/wp-content\/uploads\/2020\/12\/logo.svg\",\"width\":1,\"height\":1,\"caption\":\"ECHOSENS\"},\"image\":{\"@id\":\"https:\/\/www.echosens.com\/es\/#\/schema\/logo\/image\/\"},\"sameAs\":[\"https:\/\/www.facebook.com\/fibroscan.echosens\",\"https:\/\/x.com\/Echosens\",\"https:\/\/www.linkedin.com\/company\/echosens\/\",\"https:\/\/www.youtube.com\/channel\/UC1myqoq18t1dKPTz0u1eEgg\"]}]}<\/script>\n<!-- \/ Yoast SEO plugin. -->","yoast_head_json":{"title":"La historia de Echosens - Echosens","description":"Descubra c\u00f3mo la elastograf\u00eda de transici\u00f3n abri\u00f3 camino para FibroScan\u00ae con Laurent Sandrin, fundador y director tecnol\u00f3gico de Echosens.","robots":{"index":"index","follow":"follow","max-snippet":"max-snippet:-1","max-image-preview":"max-image-preview:large","max-video-preview":"max-video-preview:-1"},"canonical":"https:\/\/www.echosens.com\/es\/la-historia-de-laurent\/","og_locale":"es_ES","og_type":"article","og_title":"La historia de Echosens - Echosens","og_description":"Descubra c\u00f3mo la elastograf\u00eda de transici\u00f3n abri\u00f3 camino para FibroScan\u00ae con Laurent Sandrin, fundador y director tecnol\u00f3gico de Echosens.","og_url":"https:\/\/www.echosens.com\/es\/la-historia-de-laurent\/","og_site_name":"Echosens","article_publisher":"https:\/\/www.facebook.com\/fibroscan.echosens","article_modified_time":"2026-02-03T14:25:19+00:00","twitter_card":"summary_large_image","twitter_site":"@Echosens","schema":{"@context":"https:\/\/schema.org","@graph":[{"@type":"WebPage","@id":"https:\/\/www.echosens.com\/es\/la-historia-de-laurent\/","url":"https:\/\/www.echosens.com\/es\/la-historia-de-laurent\/","name":"La historia de Echosens - Echosens","isPartOf":{"@id":"https:\/\/www.echosens.com\/es\/#website"},"datePublished":"2021-02-09T13:35:26+00:00","dateModified":"2026-02-03T14:25:19+00:00","description":"Descubra c\u00f3mo la elastograf\u00eda de transici\u00f3n abri\u00f3 camino para FibroScan\u00ae con Laurent Sandrin, fundador y director tecnol\u00f3gico de Echosens.","breadcrumb":{"@id":"https:\/\/www.echosens.com\/es\/la-historia-de-laurent\/#breadcrumb"},"inLanguage":"es","potentialAction":[{"@type":"ReadAction","target":["https:\/\/www.echosens.com\/es\/la-historia-de-laurent\/"]}]},{"@type":"BreadcrumbList","@id":"https:\/\/www.echosens.com\/es\/la-historia-de-laurent\/#breadcrumb","itemListElement":[{"@type":"ListItem","position":1,"name":"Home","item":"https:\/\/www.echosens.com\/es\/"},{"@type":"ListItem","position":2,"name":"la historia de Laurent"}]},{"@type":"WebSite","@id":"https:\/\/www.echosens.com\/es\/#website","url":"https:\/\/www.echosens.com\/es\/","name":"Echosens","description":"Un site utilisant WordPress","publisher":{"@id":"https:\/\/www.echosens.com\/es\/#organization"},"potentialAction":[{"@type":"SearchAction","target":{"@type":"EntryPoint","urlTemplate":"https:\/\/www.echosens.com\/es\/?s={search_term_string}"},"query-input":{"@type":"PropertyValueSpecification","valueRequired":true,"valueName":"search_term_string"}}],"inLanguage":"es"},{"@type":"Organization","@id":"https:\/\/www.echosens.com\/es\/#organization","name":"ECHOSENS","url":"https:\/\/www.echosens.com\/es\/","logo":{"@type":"ImageObject","inLanguage":"es","@id":"https:\/\/www.echosens.com\/es\/#\/schema\/logo\/image\/","url":"https:\/\/www.echosens.com\/wp-content\/uploads\/2020\/12\/logo.svg","contentUrl":"https:\/\/www.echosens.com\/wp-content\/uploads\/2020\/12\/logo.svg","width":1,"height":1,"caption":"ECHOSENS"},"image":{"@id":"https:\/\/www.echosens.com\/es\/#\/schema\/logo\/image\/"},"sameAs":["https:\/\/www.facebook.com\/fibroscan.echosens","https:\/\/x.com\/Echosens","https:\/\/www.linkedin.com\/company\/echosens\/","https:\/\/www.youtube.com\/channel\/UC1myqoq18t1dKPTz0u1eEgg"]}]}},"_links":{"self":[{"href":"https:\/\/www.echosens.com\/es\/wp-json\/wp\/v2\/pages\/3648","targetHints":{"allow":["GET"]}}],"collection":[{"href":"https:\/\/www.echosens.com\/es\/wp-json\/wp\/v2\/pages"}],"about":[{"href":"https:\/\/www.echosens.com\/es\/wp-json\/wp\/v2\/types\/page"}],"author":[{"embeddable":true,"href":"https:\/\/www.echosens.com\/es\/wp-json\/wp\/v2\/users\/1"}],"replies":[{"embeddable":true,"href":"https:\/\/www.echosens.com\/es\/wp-json\/wp\/v2\/comments?post=3648"}],"version-history":[{"count":13,"href":"https:\/\/www.echosens.com\/es\/wp-json\/wp\/v2\/pages\/3648\/revisions"}],"predecessor-version":[{"id":287966,"href":"https:\/\/www.echosens.com\/es\/wp-json\/wp\/v2\/pages\/3648\/revisions\/287966"}],"wp:attachment":[{"href":"https:\/\/www.echosens.com\/es\/wp-json\/wp\/v2\/media?parent=3648"}],"curies":[{"name":"wp","href":"https:\/\/api.w.org\/{rel}","templated":true}]}}