{"id":4026,"date":"2020-12-30T11:42:07","date_gmt":"2020-12-30T10:42:07","guid":{"rendered":"https:\/\/www.echosens.com\/privacy-policy\/"},"modified":"2025-10-03T14:48:33","modified_gmt":"2025-10-03T12:48:33","slug":"politica-de-privacidad","status":"publish","type":"page","link":"https:\/\/www.echosens.com\/es\/politica-de-privacidad\/","title":{"rendered":"Pol\u00edtica de privacidad"},"content":{"rendered":"<p>V2 Actualizado el 15 de febrero de 2023<\/p>\n<h2>Introducci\u00f3n<\/h2>\n<p>El aviso de privacidad de Echosens expresa el compromiso de Echosens, inscrita en el registro mercantil y de sociedades de Par\u00eds con el n\u00famero 438 209 157, con domicilio social en 6, rue Ferrus, 75014 Par\u00eds, Francia, en calidad de responsable del tratamiento, de esforzarse por proteger la informaci\u00f3n personal de los usuarios (clientes potenciales, clientes, proveedores, usuarios de Internet, conjuntamente los \u00abUsuarios\u00bb) del sitio web de Echosens (\u00abSitio web\u00bb).<\/p>\n<h2>Objeto del aviso<\/h2>\n<p>El presente aviso tiene por objeto informar a los Usuarios sobre el tratamiento de sus datos personales recogidos en el marco de su utilizaci\u00f3n del Sitio, as\u00ed como sobre sus derechos en relaci\u00f3n con dicho tratamiento.<\/p>\n<h2>Detalles de las operaciones de tratamiento<\/h2>\n<h3>Finalidades del tratamiento<\/h3>\n<p>&#8211; Gesti\u00f3n de las solicitudes\/mensajes enviados a trav\u00e9s de los formularios de contacto espec\u00edficos;<br \/>\n&#8211; Gesti\u00f3n de las comunicaciones comerciales sobre los productos, servicios y eventos de Echosens;<br \/>\n&#8211; Gesti\u00f3n del sitio web;<br \/>\n&#8211; Medidas de audiencia, de rendimiento y realizaci\u00f3n de informes estad\u00edsticos \/ publicidad dirigida (ver pol\u00edtica de Cookies);<br \/>\n&#8211; Mejora de nuestros servicios en l\u00ednea;<br \/>\n&#8211; Contacto con el soporte t\u00e9cnico de Echosens; <br \/>\n&#8211; Inscripci\u00f3n en la Academia Echosens (plataforma de e-learning).<\/p>\n<h3>Base legal del tratamiento<\/h3>\n<p>&#8211; Inter\u00e9s leg\u00edtimo de Echosens para realizar comunicaciones comerciales, gestionar su Sitio Web y las inscripciones en Echosens Academy (plataforma de e-learning); <br \/>\n&#8211; Realizaci\u00f3n de gestiones previas a la celebraci\u00f3n de un contrato.<\/p>\n<h3>Categor\u00eda de informaci\u00f3n personal<\/h3>\n<p>&#8211; Datos de identificaci\u00f3n (nombre, apellidos, direcci\u00f3n IP, regi\u00f3n o pa\u00eds);<br \/>\n&#8211; Datos de contacto (direcci\u00f3n de correo electr\u00f3nico personal o profesional y n\u00famero de tel\u00e9fono); <br \/>\n&#8211; Datos profesionales (empresa, cargo, misiones);<br \/>\n&#8211; Toda la informaci\u00f3n personal especificada en el mensaje enviado a Echosens a trav\u00e9s de formularios de contacto;<br \/>\n&#8211; Datos de registro;<br \/>\n&#8211; Datos de cookies.<\/p>\n<h3>Categor\u00eda de interesados<\/h3>\n<p>&#8211; En funci\u00f3n de la finalidad del tratamiento, clientes, clientes potenciales, proveedores o usuarios de Internet.<\/p>\n<h3>Duraci\u00f3n del tratamiento<\/h3>\n<p>&#8211; Clientes potenciales: 3 a\u00f1os a partir del \u00faltimo contacto con el cliente potencial;<br \/>\n&#8211; Clientes: duraci\u00f3n de la relaci\u00f3n contractual en base activa y 5 a\u00f1os en base intermedia a efectos probatorios;<br \/>\n&#8211; Proveedores: duraci\u00f3n de la relaci\u00f3n contractual en base activa y 5 a\u00f1os en base intermedia a efectos probatorios;<br \/>\n&#8211; Cookies: m\u00e1ximo 25 meses<br \/>\n&#8211; Datos de registro: 1 a\u00f1o desde la recogida.<\/p>\n<h2>Destinatarios de los Datos Personales<\/h2>\n<p>Echosens podr\u00e1 comunicar los datos personales de los Usuarios a destinatarios autorizados y sujetos a una adecuada obligaci\u00f3n de confidencialidad, que podr\u00e1n ser internos o externos seg\u00fan los casos:<\/p>\n<p>Los destinatarios internos son todo el personal de Echosens cuyas obligaciones, funciones y misiones requieran el tratamiento de datos personales de los Usuarios (departamento de atenci\u00f3n al cliente, departamento inform\u00e1tico, etc.) con las \u00fanicas finalidades previstas en el presente Aviso de Privacidad y en el marco de las medidas t\u00e9cnicas y organizativas implantadas por Echosens para preservar la confidencialidad y seguridad de los datos personales;<\/p>\n<p>Los destinatarios externos son, en funci\u00f3n de la finalidad del tratamiento, los siguientes<\/p>\n<ul>\n<li>los prestadores de servicios o encargados del tratamiento que Echosens pueda utilizar en el marco de la gesti\u00f3n de sus relaciones con los Usuarios (por ejemplo: proveedor de alojamiento de sitios web);<\/li>\n<li>entidades encargadas del asesoramiento, la auditor\u00eda (incluida la auditor\u00eda de licencias) y el control financiero de Echosens (auditor legal, abogados, auditores);<\/li>\n<li>autoridades administrativas o judiciales en el \u00e1mbito de sus competencias;<\/li>\n<li>En caso de proyecto de obtenci\u00f3n de fondos, de adquisici\u00f3n o de venta de una actividad o de activos de Echosens por cualquier medio, incluida la venta de la sociedad que ejerce esta actividad o que posee estos activos, el o los compradores potenciales y sus asesores ser\u00e1n auditados antes de la operaci\u00f3n.<\/li>\n<\/ul>\n<p>&nbsp;<\/p>\n<h2>Derechos de los usuarios<\/h2>\n<p>Dependiendo del lugar de ubicaci\u00f3n del Usuario, \u00e9ste podr\u00e1 tener derecho a acceder a su informaci\u00f3n personal. El Usuario tambi\u00e9n puede tener derecho a rectificar y suprimir su informaci\u00f3n personal, as\u00ed como el derecho a oponerse a su tratamiento y a retirar su consentimiento para su tratamiento, si procede. Adem\u00e1s, el Usuario podr\u00e1 ejercer el derecho a la portabilidad de sus datos personales, a la limitaci\u00f3n de su tratamiento y a formular directrices sobre el tratamiento de sus datos personales despu\u00e9s de su fallecimiento.<\/p>\n<p>El Usuario podr\u00e1 ejercer los derechos mencionados poni\u00e9ndose en contacto con Echosens por correo postal a la siguiente direcci\u00f3n Echosens, 6 rue Ferrus, 75014 Par\u00eds, o por correo electr\u00f3nico a la siguiente direcci\u00f3n: <a href=\"mailto:dpo@echosens.com\">dpo@echosens.com<\/a>.<\/p>\n<p>La solicitud del Usuario deber\u00e1 proceder de este \u00faltimo (salvo mandato otorgado a un tercero en debida forma) y ser lo m\u00e1s clara y exhaustiva posible para que Echosens pueda responderle lo antes posible, entre uno y tres meses en funci\u00f3n de su nivel de complejidad.<\/p>\n<p>Echosens podr\u00e1 pedir al Usuario que complete su solicitud si \u00e9sta no es suficientemente precisa, si el derecho que desea ejercer no es f\u00e1cilmente identificable o si no puede establecer su identidad, en cuyo caso Echosens podr\u00e1 pedirle que facilite informaci\u00f3n adicional y, en particular, una prueba de identidad, que se suprimir\u00eda tras la verificaci\u00f3n de su identidad.<\/p>\n<p>Adem\u00e1s, Echosens no estar\u00e1 obligado a responder a la solicitud de un Usuario si \u00e9sta es manifiestamente infundada o excesiva y, en particular, si la solicitud es repetitiva o demasiado compleja para ser procesada, lo que tendr\u00eda el prop\u00f3sito o el efecto de desestabilizar las actividades de Echosens o desviar la finalidad de los derechos de las personas con respecto a su informaci\u00f3n personal.<\/p>\n<h2>Transferencia de informaci\u00f3n personal al extranjero<\/h2>\n<p>La informaci\u00f3n personal de los Usuarios ubicados en el Espacio Econ\u00f3mico Europeo (EEE) puede ser transferida a pa\u00edses fuera del EEE. En esta situaci\u00f3n, Echosens cumple con todas las obligaciones relativas a la transferencia de informaci\u00f3n personal a un tercer pa\u00eds e implementa las salvaguardas apropiadas, tales como cl\u00e1usulas contractuales tipo (CCT), BCR o cualquier otra medida para garantizar la seguridad de la informaci\u00f3n personal.<\/p>\n<h2>Seguridad<\/h2>\n<p>Echosens aplica las medidas de seguridad t\u00e9cnicas y organizativas que considera apropiadas para preservar la confidencialidad y seguridad de la informaci\u00f3n personal que procesa y para evitar su destrucci\u00f3n, p\u00e9rdida, alteraci\u00f3n o divulgaci\u00f3n no autorizadas.<\/p>\n<p>Cuando Echosens recurra a encargados de tratamiento, es decir, a proveedores de servicios en los que haya delegado la totalidad o parte de una operaci\u00f3n de tratamiento y que traten los datos personales de los Usuarios siguiendo sus instrucciones, Echosens se compromete a imponerles contractualmente garant\u00edas de seguridad similares a las que aplica para proteger sus datos personales y se reserva el derecho de auditarlos para garantizar el cumplimiento de sus obligaciones.<\/p>\n<h2>Actualizaci\u00f3n del presente aviso<\/h2>\n<p>Echosens podr\u00e1 modificar, completar o actualizar el presente aviso en cualquier momento para tener en cuenta la evoluci\u00f3n legal, reglamentaria y\/o jurisprudencial, un cambio en las caracter\u00edsticas de las operaciones de tratamiento o la implementaci\u00f3n de un nuevo tratamiento. Cualquier nueva versi\u00f3n del presente aviso se pondr\u00e1 en conocimiento de los Usuarios por cualquier medio que Echosens elija.<\/p>\n<h2>Contactos<\/h2>\n<p>Los Usuarios podr\u00e1n dirigir sus preguntas, quejas, recomendaciones o comentarios en relaci\u00f3n con el presente aviso, por escrito a la siguiente direcci\u00f3n:<br \/>\n&#8211; Por correo postal: Echosens, 6 rue Ferrus, 75014 Par\u00eds<br \/>\n&#8211; Por correo electr\u00f3nico: <a href=\"mailto:dpo@echosens.com\">dpo@echosens.com<\/a><\/p>\n<p>Los usuarios situados en el EEE tambi\u00e9n pueden plantear a su autoridad nacional de protecci\u00f3n de datos cualquier pregunta relativa al tratamiento de sus datos personales o presentar una reclamaci\u00f3n ante esta \u00faltima.<\/p>\n","protected":false},"excerpt":{"rendered":"<p>V2 Actualizado el 15 de febrero de 2023 Introducci\u00f3n El aviso de privacidad de Echosens expresa el compromiso de Echosens, inscrita en el registro mercantil y de sociedades de Par\u00eds con el n\u00famero 438 209 157, con domicilio social en 6, rue Ferrus, 75014 Par\u00eds, Francia, en calidad de responsable del tratamiento, de esforzarse por [&hellip;]<\/p>\n","protected":false},"author":1,"featured_media":0,"parent":0,"menu_order":0,"comment_status":"closed","ping_status":"closed","template":"templates\/cms.php","meta":{"_acf_changed":false,"_searchwp_excluded":"","footnotes":""},"class_list":["post-4026","page","type-page","status-publish","hentry"],"acf":[],"yoast_head":"<!-- This site is optimized with the Yoast SEO plugin v27.2 - https:\/\/yoast.com\/product\/yoast-seo-wordpress\/ -->\n<title>Pol\u00edtica de privacidad - Echosens<\/title>\n<meta name=\"description\" content=\"El aviso de privacidad de Echosens expresa el compromiso de Echosens, inscrita en el Registro Mercantil de Par\u00eds.\" \/>\n<meta name=\"robots\" content=\"index, follow, max-snippet:-1, max-image-preview:large, max-video-preview:-1\" \/>\n<link rel=\"canonical\" href=\"https:\/\/www.echosens.com\/es\/politica-de-privacidad\/\" \/>\n<meta property=\"og:locale\" content=\"es_ES\" \/>\n<meta property=\"og:type\" content=\"article\" \/>\n<meta property=\"og:title\" content=\"Pol\u00edtica de privacidad - Echosens\" \/>\n<meta property=\"og:description\" content=\"El aviso de privacidad de Echosens expresa el compromiso de Echosens, inscrita en el Registro Mercantil de Par\u00eds.\" \/>\n<meta property=\"og:url\" content=\"https:\/\/www.echosens.com\/es\/politica-de-privacidad\/\" \/>\n<meta property=\"og:site_name\" content=\"Echosens\" \/>\n<meta property=\"article:publisher\" content=\"https:\/\/www.facebook.com\/fibroscan.echosens\" \/>\n<meta property=\"article:modified_time\" content=\"2025-10-03T12:48:33+00:00\" \/>\n<meta name=\"twitter:card\" content=\"summary_large_image\" \/>\n<meta name=\"twitter:site\" content=\"@Echosens\" \/>\n<meta name=\"twitter:label1\" content=\"Tiempo de lectura\" \/>\n\t<meta name=\"twitter:data1\" content=\"6 minutos\" \/>\n<script type=\"application\/ld+json\" class=\"yoast-schema-graph\">{\"@context\":\"https:\/\/schema.org\",\"@graph\":[{\"@type\":\"WebPage\",\"@id\":\"https:\/\/www.echosens.com\/es\/politica-de-privacidad\/\",\"url\":\"https:\/\/www.echosens.com\/es\/politica-de-privacidad\/\",\"name\":\"Pol\u00edtica de privacidad - Echosens\",\"isPartOf\":{\"@id\":\"https:\/\/www.echosens.com\/es\/#website\"},\"datePublished\":\"2020-12-30T10:42:07+00:00\",\"dateModified\":\"2025-10-03T12:48:33+00:00\",\"description\":\"El aviso de privacidad de Echosens expresa el compromiso de Echosens, inscrita en el Registro Mercantil de Par\u00eds.\",\"breadcrumb\":{\"@id\":\"https:\/\/www.echosens.com\/es\/politica-de-privacidad\/#breadcrumb\"},\"inLanguage\":\"es\",\"potentialAction\":[{\"@type\":\"ReadAction\",\"target\":[\"https:\/\/www.echosens.com\/es\/politica-de-privacidad\/\"]}]},{\"@type\":\"BreadcrumbList\",\"@id\":\"https:\/\/www.echosens.com\/es\/politica-de-privacidad\/#breadcrumb\",\"itemListElement\":[{\"@type\":\"ListItem\",\"position\":1,\"name\":\"Home\",\"item\":\"https:\/\/www.echosens.com\/es\/\"},{\"@type\":\"ListItem\",\"position\":2,\"name\":\"Pol\u00edtica de privacidad\"}]},{\"@type\":\"WebSite\",\"@id\":\"https:\/\/www.echosens.com\/es\/#website\",\"url\":\"https:\/\/www.echosens.com\/es\/\",\"name\":\"Echosens\",\"description\":\"Un site utilisant WordPress\",\"publisher\":{\"@id\":\"https:\/\/www.echosens.com\/es\/#organization\"},\"potentialAction\":[{\"@type\":\"SearchAction\",\"target\":{\"@type\":\"EntryPoint\",\"urlTemplate\":\"https:\/\/www.echosens.com\/es\/?s={search_term_string}\"},\"query-input\":{\"@type\":\"PropertyValueSpecification\",\"valueRequired\":true,\"valueName\":\"search_term_string\"}}],\"inLanguage\":\"es\"},{\"@type\":\"Organization\",\"@id\":\"https:\/\/www.echosens.com\/es\/#organization\",\"name\":\"ECHOSENS\",\"url\":\"https:\/\/www.echosens.com\/es\/\",\"logo\":{\"@type\":\"ImageObject\",\"inLanguage\":\"es\",\"@id\":\"https:\/\/www.echosens.com\/es\/#\/schema\/logo\/image\/\",\"url\":\"https:\/\/www.echosens.com\/wp-content\/uploads\/2020\/12\/logo.svg\",\"contentUrl\":\"https:\/\/www.echosens.com\/wp-content\/uploads\/2020\/12\/logo.svg\",\"width\":1,\"height\":1,\"caption\":\"ECHOSENS\"},\"image\":{\"@id\":\"https:\/\/www.echosens.com\/es\/#\/schema\/logo\/image\/\"},\"sameAs\":[\"https:\/\/www.facebook.com\/fibroscan.echosens\",\"https:\/\/x.com\/Echosens\",\"https:\/\/www.linkedin.com\/company\/echosens\/\",\"https:\/\/www.youtube.com\/channel\/UC1myqoq18t1dKPTz0u1eEgg\"]}]}<\/script>\n<!-- \/ Yoast SEO plugin. -->","yoast_head_json":{"title":"Pol\u00edtica de privacidad - Echosens","description":"El aviso de privacidad de Echosens expresa el compromiso de Echosens, inscrita en el Registro Mercantil de Par\u00eds.","robots":{"index":"index","follow":"follow","max-snippet":"max-snippet:-1","max-image-preview":"max-image-preview:large","max-video-preview":"max-video-preview:-1"},"canonical":"https:\/\/www.echosens.com\/es\/politica-de-privacidad\/","og_locale":"es_ES","og_type":"article","og_title":"Pol\u00edtica de privacidad - Echosens","og_description":"El aviso de privacidad de Echosens expresa el compromiso de Echosens, inscrita en el Registro Mercantil de Par\u00eds.","og_url":"https:\/\/www.echosens.com\/es\/politica-de-privacidad\/","og_site_name":"Echosens","article_publisher":"https:\/\/www.facebook.com\/fibroscan.echosens","article_modified_time":"2025-10-03T12:48:33+00:00","twitter_card":"summary_large_image","twitter_site":"@Echosens","twitter_misc":{"Tiempo de lectura":"6 minutos"},"schema":{"@context":"https:\/\/schema.org","@graph":[{"@type":"WebPage","@id":"https:\/\/www.echosens.com\/es\/politica-de-privacidad\/","url":"https:\/\/www.echosens.com\/es\/politica-de-privacidad\/","name":"Pol\u00edtica de privacidad - Echosens","isPartOf":{"@id":"https:\/\/www.echosens.com\/es\/#website"},"datePublished":"2020-12-30T10:42:07+00:00","dateModified":"2025-10-03T12:48:33+00:00","description":"El aviso de privacidad de Echosens expresa el compromiso de Echosens, inscrita en el Registro Mercantil de Par\u00eds.","breadcrumb":{"@id":"https:\/\/www.echosens.com\/es\/politica-de-privacidad\/#breadcrumb"},"inLanguage":"es","potentialAction":[{"@type":"ReadAction","target":["https:\/\/www.echosens.com\/es\/politica-de-privacidad\/"]}]},{"@type":"BreadcrumbList","@id":"https:\/\/www.echosens.com\/es\/politica-de-privacidad\/#breadcrumb","itemListElement":[{"@type":"ListItem","position":1,"name":"Home","item":"https:\/\/www.echosens.com\/es\/"},{"@type":"ListItem","position":2,"name":"Pol\u00edtica de privacidad"}]},{"@type":"WebSite","@id":"https:\/\/www.echosens.com\/es\/#website","url":"https:\/\/www.echosens.com\/es\/","name":"Echosens","description":"Un site utilisant WordPress","publisher":{"@id":"https:\/\/www.echosens.com\/es\/#organization"},"potentialAction":[{"@type":"SearchAction","target":{"@type":"EntryPoint","urlTemplate":"https:\/\/www.echosens.com\/es\/?s={search_term_string}"},"query-input":{"@type":"PropertyValueSpecification","valueRequired":true,"valueName":"search_term_string"}}],"inLanguage":"es"},{"@type":"Organization","@id":"https:\/\/www.echosens.com\/es\/#organization","name":"ECHOSENS","url":"https:\/\/www.echosens.com\/es\/","logo":{"@type":"ImageObject","inLanguage":"es","@id":"https:\/\/www.echosens.com\/es\/#\/schema\/logo\/image\/","url":"https:\/\/www.echosens.com\/wp-content\/uploads\/2020\/12\/logo.svg","contentUrl":"https:\/\/www.echosens.com\/wp-content\/uploads\/2020\/12\/logo.svg","width":1,"height":1,"caption":"ECHOSENS"},"image":{"@id":"https:\/\/www.echosens.com\/es\/#\/schema\/logo\/image\/"},"sameAs":["https:\/\/www.facebook.com\/fibroscan.echosens","https:\/\/x.com\/Echosens","https:\/\/www.linkedin.com\/company\/echosens\/","https:\/\/www.youtube.com\/channel\/UC1myqoq18t1dKPTz0u1eEgg"]}]}},"_links":{"self":[{"href":"https:\/\/www.echosens.com\/es\/wp-json\/wp\/v2\/pages\/4026","targetHints":{"allow":["GET"]}}],"collection":[{"href":"https:\/\/www.echosens.com\/es\/wp-json\/wp\/v2\/pages"}],"about":[{"href":"https:\/\/www.echosens.com\/es\/wp-json\/wp\/v2\/types\/page"}],"author":[{"embeddable":true,"href":"https:\/\/www.echosens.com\/es\/wp-json\/wp\/v2\/users\/1"}],"replies":[{"embeddable":true,"href":"https:\/\/www.echosens.com\/es\/wp-json\/wp\/v2\/comments?post=4026"}],"version-history":[{"count":10,"href":"https:\/\/www.echosens.com\/es\/wp-json\/wp\/v2\/pages\/4026\/revisions"}],"predecessor-version":[{"id":92169,"href":"https:\/\/www.echosens.com\/es\/wp-json\/wp\/v2\/pages\/4026\/revisions\/92169"}],"wp:attachment":[{"href":"https:\/\/www.echosens.com\/es\/wp-json\/wp\/v2\/media?parent=4026"}],"curies":[{"name":"wp","href":"https:\/\/api.w.org\/{rel}","templated":true}]}}