{"id":4051,"date":"2020-12-30T11:41:45","date_gmt":"2020-12-30T10:41:45","guid":{"rendered":"https:\/\/www.echosens.com\/legal-notice\/"},"modified":"2025-10-03T14:42:34","modified_gmt":"2025-10-03T12:42:34","slug":"avisos-legales","status":"publish","type":"page","link":"https:\/\/www.echosens.com\/es\/avisos-legales\/","title":{"rendered":"Avisos legales"},"content":{"rendered":"<p><strong>Editor<\/strong><\/p>\n<p>De conformidad con las disposiciones de la Ley francesa n\u00ba 2004-575 de 21 de junio de 2004 sobre la confianza en la econom\u00eda digital, el editor del sitio web https:\/\/echosens.com es<\/p>\n<p>Echosens SA, sociedad an\u00f3nima con consejo de administraci\u00f3n (soci\u00e9t\u00e9 anonyme \u00e0 conseil d&#8217;administration) Con un capital social de 270.934,44 euros<\/p>\n<p>Sede social: 6, rue Ferrus &#8211; 75014 Par\u00eds, Francia<\/p>\n<p>Tel. +33.1.44.82.78.50<\/p>\n<p>Direcci\u00f3n de correo electr\u00f3nico: contact@echosens.com\u00a0<\/p>\n<p>N\u00famero de IVA intracomunitario: VAT FR 63 438 209 157<\/p>\n<p>SIRET : 438 209 157 00090<\/p>\n<p>&nbsp;<\/p>\n<p><strong>\u00a0<\/strong><\/p>\n<p><strong>Director de la publicaci\u00f3n <\/strong><\/p>\n<p>El director de la publicaci\u00f3n es M. Dominique Legros, director general de Echosens SA.<\/p>\n<p>&nbsp;<\/p>\n<p><strong>Alojamiento<\/strong><\/p>\n<p>Las referencias del proveedor de servicios de alojamiento que garantiza el almacenamiento directo y permanente del sitio https:\/\/www.echosens.com\/ son las siguientes<\/p>\n<p>SAS AVENIR TELEMATIQUE &#8211; ATE<\/p>\n<p>21 Avenue de la Cr\u00e9ativit\u00e9<\/p>\n<p>59650 Villeneuve d&#8217;Ascq &#8211; Francia<\/p>\n<p>Tel. +33 (0)3 28 800 300<\/p>\n<p>Direcci\u00f3n de correo electr\u00f3nico: https:\/\/www.ate.info\/contact\/<\/p>\n<p>&nbsp;<\/p>\n<p><strong>Propiedad intelectual <\/strong><\/p>\n<p>El contenido del sitio, su estructura, as\u00ed como el software, los textos, las im\u00e1genes (animadas o no), las fotograf\u00edas, su conocimiento y todos los dem\u00e1s elementos que componen el sitio son propiedad exclusiva de Echosens.<\/p>\n<p>Cualquier representaci\u00f3n total o parcial de este sitio por cualquier persona, sin la autorizaci\u00f3n expresa y previa de Echosens, est\u00e1 estrictamente prohibida y constituir\u00eda una infracci\u00f3n sancionada por los art\u00edculos pertinentes del C\u00f3digo de la Propiedad Intelectual franc\u00e9s.<\/p>\n<p>Lo mismo ocurre con las bases de datos mencionadas, en su caso, en el sitio web, que tambi\u00e9n est\u00e1n protegidas por la ley.<\/p>\n<p>Los signos distintivos de Echosens, como las marcas, los nombres de dominio, las denominaciones, los logotipos, etc. que se mencionan en el sitio web tambi\u00e9n se benefician de la protecci\u00f3n del C\u00f3digo de la Propiedad Intelectual franc\u00e9s.<\/p>\n<p>Por lo tanto, queda prohibida cualquier reproducci\u00f3n total o parcial de estos signos distintivos realizada a partir de elementos del sitio sin la autorizaci\u00f3n expresa y previa de Echosens.<\/p>\n<p>Echosens&#x2122; y FibroScan<sup>\u00ae<\/sup>\u00a0son marcas comerciales propiedad de Echosens SA. Todos los derechos reservados.<\/p>\n<p>&nbsp;<\/p>\n<p><strong>Im\u00e1genes<\/strong><\/p>\n<p>www.gettyimages.com<\/p>\n<p>www.shutterstock.com<\/p>\n<p>\u00a9 Alexis Paoli para Moore Design<\/p>\n<p>\u00a9 Echosens<\/p>\n<p>&nbsp;<\/p>\n<p><!-- OneTrust Cookies List start --><\/p>\n<div id=\"ot-sdk-cookie-policy\">\u00a0<\/div>\n<p><!-- OneTrust Cookies List end --><\/p>\n","protected":false},"excerpt":{"rendered":"<p>Editor De conformidad con las disposiciones de la Ley francesa n\u00ba 2004-575 de 21 de junio de 2004 sobre la confianza en la econom\u00eda digital, el editor del sitio web https:\/\/echosens.com es Echosens SA, sociedad an\u00f3nima con consejo de administraci\u00f3n (soci\u00e9t\u00e9 anonyme \u00e0 conseil d&#8217;administration) Con un capital social de 270.934,44 euros Sede social: 6, [&hellip;]<\/p>\n","protected":false},"author":1,"featured_media":0,"parent":0,"menu_order":0,"comment_status":"closed","ping_status":"closed","template":"templates\/cms.php","meta":{"_acf_changed":false,"_searchwp_excluded":"","footnotes":""},"class_list":["post-4051","page","type-page","status-publish","hentry"],"acf":[],"yoast_head":"<!-- This site is optimized with the Yoast SEO plugin v27.2 - https:\/\/yoast.com\/product\/yoast-seo-wordpress\/ -->\n<title>Avisos legales - Echosens<\/title>\n<meta name=\"description\" content=\"Aviso legal del sitio web www.echosens.com. Echosens fabrica FibroScan\u00ae, una soluci\u00f3n no invasiva para el tratamiento de enfermedades hep\u00e1ticas.\" \/>\n<meta name=\"robots\" content=\"index, follow, max-snippet:-1, max-image-preview:large, max-video-preview:-1\" \/>\n<link rel=\"canonical\" href=\"https:\/\/www.echosens.com\/es\/avisos-legales\/\" \/>\n<meta property=\"og:locale\" content=\"es_ES\" \/>\n<meta property=\"og:type\" content=\"article\" \/>\n<meta property=\"og:title\" content=\"Avisos legales - Echosens\" \/>\n<meta property=\"og:description\" content=\"Aviso legal del sitio web www.echosens.com. Echosens fabrica FibroScan\u00ae, una soluci\u00f3n no invasiva para el tratamiento de enfermedades hep\u00e1ticas.\" \/>\n<meta property=\"og:url\" content=\"https:\/\/www.echosens.com\/es\/avisos-legales\/\" \/>\n<meta property=\"og:site_name\" content=\"Echosens\" \/>\n<meta property=\"article:publisher\" content=\"https:\/\/www.facebook.com\/fibroscan.echosens\" \/>\n<meta property=\"article:modified_time\" content=\"2025-10-03T12:42:34+00:00\" \/>\n<meta name=\"twitter:card\" content=\"summary_large_image\" \/>\n<meta name=\"twitter:site\" content=\"@Echosens\" \/>\n<meta name=\"twitter:label1\" content=\"Tiempo de lectura\" \/>\n\t<meta name=\"twitter:data1\" content=\"2 minutos\" \/>\n<script type=\"application\/ld+json\" class=\"yoast-schema-graph\">{\"@context\":\"https:\/\/schema.org\",\"@graph\":[{\"@type\":\"WebPage\",\"@id\":\"https:\/\/www.echosens.com\/es\/avisos-legales\/\",\"url\":\"https:\/\/www.echosens.com\/es\/avisos-legales\/\",\"name\":\"Avisos legales - Echosens\",\"isPartOf\":{\"@id\":\"https:\/\/www.echosens.com\/es\/#website\"},\"datePublished\":\"2020-12-30T10:41:45+00:00\",\"dateModified\":\"2025-10-03T12:42:34+00:00\",\"description\":\"Aviso legal del sitio web www.echosens.com. Echosens fabrica FibroScan\u00ae, una soluci\u00f3n no invasiva para el tratamiento de enfermedades hep\u00e1ticas.\",\"breadcrumb\":{\"@id\":\"https:\/\/www.echosens.com\/es\/avisos-legales\/#breadcrumb\"},\"inLanguage\":\"es\",\"potentialAction\":[{\"@type\":\"ReadAction\",\"target\":[\"https:\/\/www.echosens.com\/es\/avisos-legales\/\"]}]},{\"@type\":\"BreadcrumbList\",\"@id\":\"https:\/\/www.echosens.com\/es\/avisos-legales\/#breadcrumb\",\"itemListElement\":[{\"@type\":\"ListItem\",\"position\":1,\"name\":\"Home\",\"item\":\"https:\/\/www.echosens.com\/es\/\"},{\"@type\":\"ListItem\",\"position\":2,\"name\":\"Avisos legales\"}]},{\"@type\":\"WebSite\",\"@id\":\"https:\/\/www.echosens.com\/es\/#website\",\"url\":\"https:\/\/www.echosens.com\/es\/\",\"name\":\"Echosens\",\"description\":\"Un site utilisant WordPress\",\"publisher\":{\"@id\":\"https:\/\/www.echosens.com\/es\/#organization\"},\"potentialAction\":[{\"@type\":\"SearchAction\",\"target\":{\"@type\":\"EntryPoint\",\"urlTemplate\":\"https:\/\/www.echosens.com\/es\/?s={search_term_string}\"},\"query-input\":{\"@type\":\"PropertyValueSpecification\",\"valueRequired\":true,\"valueName\":\"search_term_string\"}}],\"inLanguage\":\"es\"},{\"@type\":\"Organization\",\"@id\":\"https:\/\/www.echosens.com\/es\/#organization\",\"name\":\"ECHOSENS\",\"url\":\"https:\/\/www.echosens.com\/es\/\",\"logo\":{\"@type\":\"ImageObject\",\"inLanguage\":\"es\",\"@id\":\"https:\/\/www.echosens.com\/es\/#\/schema\/logo\/image\/\",\"url\":\"https:\/\/www.echosens.com\/wp-content\/uploads\/2020\/12\/logo.svg\",\"contentUrl\":\"https:\/\/www.echosens.com\/wp-content\/uploads\/2020\/12\/logo.svg\",\"width\":1,\"height\":1,\"caption\":\"ECHOSENS\"},\"image\":{\"@id\":\"https:\/\/www.echosens.com\/es\/#\/schema\/logo\/image\/\"},\"sameAs\":[\"https:\/\/www.facebook.com\/fibroscan.echosens\",\"https:\/\/x.com\/Echosens\",\"https:\/\/www.linkedin.com\/company\/echosens\/\",\"https:\/\/www.youtube.com\/channel\/UC1myqoq18t1dKPTz0u1eEgg\"]}]}<\/script>\n<!-- \/ Yoast SEO plugin. -->","yoast_head_json":{"title":"Avisos legales - Echosens","description":"Aviso legal del sitio web www.echosens.com. Echosens fabrica FibroScan\u00ae, una soluci\u00f3n no invasiva para el tratamiento de enfermedades hep\u00e1ticas.","robots":{"index":"index","follow":"follow","max-snippet":"max-snippet:-1","max-image-preview":"max-image-preview:large","max-video-preview":"max-video-preview:-1"},"canonical":"https:\/\/www.echosens.com\/es\/avisos-legales\/","og_locale":"es_ES","og_type":"article","og_title":"Avisos legales - Echosens","og_description":"Aviso legal del sitio web www.echosens.com. Echosens fabrica FibroScan\u00ae, una soluci\u00f3n no invasiva para el tratamiento de enfermedades hep\u00e1ticas.","og_url":"https:\/\/www.echosens.com\/es\/avisos-legales\/","og_site_name":"Echosens","article_publisher":"https:\/\/www.facebook.com\/fibroscan.echosens","article_modified_time":"2025-10-03T12:42:34+00:00","twitter_card":"summary_large_image","twitter_site":"@Echosens","twitter_misc":{"Tiempo de lectura":"2 minutos"},"schema":{"@context":"https:\/\/schema.org","@graph":[{"@type":"WebPage","@id":"https:\/\/www.echosens.com\/es\/avisos-legales\/","url":"https:\/\/www.echosens.com\/es\/avisos-legales\/","name":"Avisos legales - Echosens","isPartOf":{"@id":"https:\/\/www.echosens.com\/es\/#website"},"datePublished":"2020-12-30T10:41:45+00:00","dateModified":"2025-10-03T12:42:34+00:00","description":"Aviso legal del sitio web www.echosens.com. Echosens fabrica FibroScan\u00ae, una soluci\u00f3n no invasiva para el tratamiento de enfermedades hep\u00e1ticas.","breadcrumb":{"@id":"https:\/\/www.echosens.com\/es\/avisos-legales\/#breadcrumb"},"inLanguage":"es","potentialAction":[{"@type":"ReadAction","target":["https:\/\/www.echosens.com\/es\/avisos-legales\/"]}]},{"@type":"BreadcrumbList","@id":"https:\/\/www.echosens.com\/es\/avisos-legales\/#breadcrumb","itemListElement":[{"@type":"ListItem","position":1,"name":"Home","item":"https:\/\/www.echosens.com\/es\/"},{"@type":"ListItem","position":2,"name":"Avisos legales"}]},{"@type":"WebSite","@id":"https:\/\/www.echosens.com\/es\/#website","url":"https:\/\/www.echosens.com\/es\/","name":"Echosens","description":"Un site utilisant WordPress","publisher":{"@id":"https:\/\/www.echosens.com\/es\/#organization"},"potentialAction":[{"@type":"SearchAction","target":{"@type":"EntryPoint","urlTemplate":"https:\/\/www.echosens.com\/es\/?s={search_term_string}"},"query-input":{"@type":"PropertyValueSpecification","valueRequired":true,"valueName":"search_term_string"}}],"inLanguage":"es"},{"@type":"Organization","@id":"https:\/\/www.echosens.com\/es\/#organization","name":"ECHOSENS","url":"https:\/\/www.echosens.com\/es\/","logo":{"@type":"ImageObject","inLanguage":"es","@id":"https:\/\/www.echosens.com\/es\/#\/schema\/logo\/image\/","url":"https:\/\/www.echosens.com\/wp-content\/uploads\/2020\/12\/logo.svg","contentUrl":"https:\/\/www.echosens.com\/wp-content\/uploads\/2020\/12\/logo.svg","width":1,"height":1,"caption":"ECHOSENS"},"image":{"@id":"https:\/\/www.echosens.com\/es\/#\/schema\/logo\/image\/"},"sameAs":["https:\/\/www.facebook.com\/fibroscan.echosens","https:\/\/x.com\/Echosens","https:\/\/www.linkedin.com\/company\/echosens\/","https:\/\/www.youtube.com\/channel\/UC1myqoq18t1dKPTz0u1eEgg"]}]}},"_links":{"self":[{"href":"https:\/\/www.echosens.com\/es\/wp-json\/wp\/v2\/pages\/4051","targetHints":{"allow":["GET"]}}],"collection":[{"href":"https:\/\/www.echosens.com\/es\/wp-json\/wp\/v2\/pages"}],"about":[{"href":"https:\/\/www.echosens.com\/es\/wp-json\/wp\/v2\/types\/page"}],"author":[{"embeddable":true,"href":"https:\/\/www.echosens.com\/es\/wp-json\/wp\/v2\/users\/1"}],"replies":[{"embeddable":true,"href":"https:\/\/www.echosens.com\/es\/wp-json\/wp\/v2\/comments?post=4051"}],"version-history":[{"count":14,"href":"https:\/\/www.echosens.com\/es\/wp-json\/wp\/v2\/pages\/4051\/revisions"}],"predecessor-version":[{"id":231152,"href":"https:\/\/www.echosens.com\/es\/wp-json\/wp\/v2\/pages\/4051\/revisions\/231152"}],"wp:attachment":[{"href":"https:\/\/www.echosens.com\/es\/wp-json\/wp\/v2\/media?parent=4051"}],"curies":[{"name":"wp","href":"https:\/\/api.w.org\/{rel}","templated":true}]}}