{"id":92186,"date":"2023-02-01T14:37:20","date_gmt":"2023-02-01T13:37:20","guid":{"rendered":"https:\/\/www.echosens.com\/fs-go-test-your-eligibility\/"},"modified":"2023-03-15T12:14:21","modified_gmt":"2023-03-15T11:14:21","slug":"fs-go-compruebe-requisitos","status":"publish","type":"page","link":"https:\/\/www.echosens.com\/es\/fs-go-compruebe-requisitos\/","title":{"rendered":"Compruebe si cumple los requisitos para FibroScan<sup>\u00ae<\/sup> GO"},"content":{"rendered":"","protected":false},"excerpt":{"rendered":"","protected":false},"author":1,"featured_media":0,"parent":0,"menu_order":0,"comment_status":"closed","ping_status":"closed","template":"templates\/quizz_form.php","meta":{"_acf_changed":false,"_searchwp_excluded":"","footnotes":""},"class_list":["post-92186","page","type-page","status-publish","hentry"],"acf":[],"yoast_head":"<!-- This site is optimized with the Yoast SEO plugin v27.4 - https:\/\/yoast.com\/product\/yoast-seo-wordpress\/ -->\n<title>Compruebe si cumple los requisitos para FibroScan\u00ae GO - Echosens<\/title>\n<meta name=\"description\" content=\"Configurador en l\u00ednea de FibroScan GO, herramienta gratuita para evaluar si su negocio es id\u00f3neo para la soluci\u00f3n.\" \/>\n<meta name=\"robots\" content=\"index, follow, max-snippet:-1, max-image-preview:large, max-video-preview:-1\" \/>\n<link rel=\"canonical\" href=\"https:\/\/www.echosens.com\/es\/fs-go-compruebe-requisitos\/\" \/>\n<meta property=\"og:locale\" content=\"es_ES\" \/>\n<meta property=\"og:type\" content=\"article\" \/>\n<meta property=\"og:title\" content=\"Compruebe si cumple los requisitos para FibroScan\u00ae GO - Echosens\" \/>\n<meta property=\"og:description\" content=\"Configurador en l\u00ednea de FibroScan GO, herramienta gratuita para evaluar si su negocio es id\u00f3neo para la soluci\u00f3n.\" \/>\n<meta property=\"og:url\" content=\"https:\/\/www.echosens.com\/es\/fs-go-compruebe-requisitos\/\" \/>\n<meta property=\"og:site_name\" content=\"Echosens\" \/>\n<meta property=\"article:publisher\" content=\"https:\/\/www.facebook.com\/fibroscan.echosens\" \/>\n<meta property=\"article:modified_time\" content=\"2023-03-15T11:14:21+00:00\" \/>\n<meta name=\"twitter:card\" content=\"summary_large_image\" \/>\n<meta name=\"twitter:site\" content=\"@Echosens\" \/>\n<script type=\"application\/ld+json\" class=\"yoast-schema-graph\">{\"@context\":\"https:\\\/\\\/schema.org\",\"@graph\":[{\"@type\":\"WebPage\",\"@id\":\"https:\\\/\\\/www.echosens.com\\\/es\\\/fs-go-compruebe-requisitos\\\/\",\"url\":\"https:\\\/\\\/www.echosens.com\\\/es\\\/fs-go-compruebe-requisitos\\\/\",\"name\":\"Compruebe si cumple los requisitos para FibroScan\u00ae GO - Echosens\",\"isPartOf\":{\"@id\":\"https:\\\/\\\/www.echosens.com\\\/es\\\/#website\"},\"datePublished\":\"2023-02-01T13:37:20+00:00\",\"dateModified\":\"2023-03-15T11:14:21+00:00\",\"description\":\"Configurador en l\u00ednea de FibroScan GO, herramienta gratuita para evaluar si su negocio es id\u00f3neo para la soluci\u00f3n.\",\"breadcrumb\":{\"@id\":\"https:\\\/\\\/www.echosens.com\\\/es\\\/fs-go-compruebe-requisitos\\\/#breadcrumb\"},\"inLanguage\":\"es\",\"potentialAction\":[{\"@type\":\"ReadAction\",\"target\":[\"https:\\\/\\\/www.echosens.com\\\/es\\\/fs-go-compruebe-requisitos\\\/\"]}]},{\"@type\":\"BreadcrumbList\",\"@id\":\"https:\\\/\\\/www.echosens.com\\\/es\\\/fs-go-compruebe-requisitos\\\/#breadcrumb\",\"itemListElement\":[{\"@type\":\"ListItem\",\"position\":1,\"name\":\"Home\",\"item\":\"https:\\\/\\\/www.echosens.com\\\/es\\\/\"},{\"@type\":\"ListItem\",\"position\":2,\"name\":\"Compruebe si cumple los requisitos para FibroScan\u00ae GO\"}]},{\"@type\":\"WebSite\",\"@id\":\"https:\\\/\\\/www.echosens.com\\\/es\\\/#website\",\"url\":\"https:\\\/\\\/www.echosens.com\\\/es\\\/\",\"name\":\"Echosens\",\"description\":\"Un site utilisant WordPress\",\"publisher\":{\"@id\":\"https:\\\/\\\/www.echosens.com\\\/es\\\/#organization\"},\"potentialAction\":[{\"@type\":\"SearchAction\",\"target\":{\"@type\":\"EntryPoint\",\"urlTemplate\":\"https:\\\/\\\/www.echosens.com\\\/es\\\/?s={search_term_string}\"},\"query-input\":{\"@type\":\"PropertyValueSpecification\",\"valueRequired\":true,\"valueName\":\"search_term_string\"}}],\"inLanguage\":\"es\"},{\"@type\":\"Organization\",\"@id\":\"https:\\\/\\\/www.echosens.com\\\/es\\\/#organization\",\"name\":\"ECHOSENS\",\"url\":\"https:\\\/\\\/www.echosens.com\\\/es\\\/\",\"logo\":{\"@type\":\"ImageObject\",\"inLanguage\":\"es\",\"@id\":\"https:\\\/\\\/www.echosens.com\\\/es\\\/#\\\/schema\\\/logo\\\/image\\\/\",\"url\":\"https:\\\/\\\/www.echosens.com\\\/wp-content\\\/uploads\\\/2020\\\/12\\\/logo.svg\",\"contentUrl\":\"https:\\\/\\\/www.echosens.com\\\/wp-content\\\/uploads\\\/2020\\\/12\\\/logo.svg\",\"width\":1,\"height\":1,\"caption\":\"ECHOSENS\"},\"image\":{\"@id\":\"https:\\\/\\\/www.echosens.com\\\/es\\\/#\\\/schema\\\/logo\\\/image\\\/\"},\"sameAs\":[\"https:\\\/\\\/www.facebook.com\\\/fibroscan.echosens\",\"https:\\\/\\\/x.com\\\/Echosens\",\"https:\\\/\\\/www.linkedin.com\\\/company\\\/echosens\\\/\",\"https:\\\/\\\/www.youtube.com\\\/channel\\\/UC1myqoq18t1dKPTz0u1eEgg\"]}]}<\/script>\n<!-- \/ Yoast SEO plugin. -->","yoast_head_json":{"title":"Compruebe si cumple los requisitos para FibroScan\u00ae GO - Echosens","description":"Configurador en l\u00ednea de FibroScan GO, herramienta gratuita para evaluar si su negocio es id\u00f3neo para la soluci\u00f3n.","robots":{"index":"index","follow":"follow","max-snippet":"max-snippet:-1","max-image-preview":"max-image-preview:large","max-video-preview":"max-video-preview:-1"},"canonical":"https:\/\/www.echosens.com\/es\/fs-go-compruebe-requisitos\/","og_locale":"es_ES","og_type":"article","og_title":"Compruebe si cumple los requisitos para FibroScan\u00ae GO - Echosens","og_description":"Configurador en l\u00ednea de FibroScan GO, herramienta gratuita para evaluar si su negocio es id\u00f3neo para la soluci\u00f3n.","og_url":"https:\/\/www.echosens.com\/es\/fs-go-compruebe-requisitos\/","og_site_name":"Echosens","article_publisher":"https:\/\/www.facebook.com\/fibroscan.echosens","article_modified_time":"2023-03-15T11:14:21+00:00","twitter_card":"summary_large_image","twitter_site":"@Echosens","schema":{"@context":"https:\/\/schema.org","@graph":[{"@type":"WebPage","@id":"https:\/\/www.echosens.com\/es\/fs-go-compruebe-requisitos\/","url":"https:\/\/www.echosens.com\/es\/fs-go-compruebe-requisitos\/","name":"Compruebe si cumple los requisitos para FibroScan\u00ae GO - Echosens","isPartOf":{"@id":"https:\/\/www.echosens.com\/es\/#website"},"datePublished":"2023-02-01T13:37:20+00:00","dateModified":"2023-03-15T11:14:21+00:00","description":"Configurador en l\u00ednea de FibroScan GO, herramienta gratuita para evaluar si su negocio es id\u00f3neo para la soluci\u00f3n.","breadcrumb":{"@id":"https:\/\/www.echosens.com\/es\/fs-go-compruebe-requisitos\/#breadcrumb"},"inLanguage":"es","potentialAction":[{"@type":"ReadAction","target":["https:\/\/www.echosens.com\/es\/fs-go-compruebe-requisitos\/"]}]},{"@type":"BreadcrumbList","@id":"https:\/\/www.echosens.com\/es\/fs-go-compruebe-requisitos\/#breadcrumb","itemListElement":[{"@type":"ListItem","position":1,"name":"Home","item":"https:\/\/www.echosens.com\/es\/"},{"@type":"ListItem","position":2,"name":"Compruebe si cumple los requisitos para FibroScan\u00ae GO"}]},{"@type":"WebSite","@id":"https:\/\/www.echosens.com\/es\/#website","url":"https:\/\/www.echosens.com\/es\/","name":"Echosens","description":"Un site utilisant WordPress","publisher":{"@id":"https:\/\/www.echosens.com\/es\/#organization"},"potentialAction":[{"@type":"SearchAction","target":{"@type":"EntryPoint","urlTemplate":"https:\/\/www.echosens.com\/es\/?s={search_term_string}"},"query-input":{"@type":"PropertyValueSpecification","valueRequired":true,"valueName":"search_term_string"}}],"inLanguage":"es"},{"@type":"Organization","@id":"https:\/\/www.echosens.com\/es\/#organization","name":"ECHOSENS","url":"https:\/\/www.echosens.com\/es\/","logo":{"@type":"ImageObject","inLanguage":"es","@id":"https:\/\/www.echosens.com\/es\/#\/schema\/logo\/image\/","url":"https:\/\/www.echosens.com\/wp-content\/uploads\/2020\/12\/logo.svg","contentUrl":"https:\/\/www.echosens.com\/wp-content\/uploads\/2020\/12\/logo.svg","width":1,"height":1,"caption":"ECHOSENS"},"image":{"@id":"https:\/\/www.echosens.com\/es\/#\/schema\/logo\/image\/"},"sameAs":["https:\/\/www.facebook.com\/fibroscan.echosens","https:\/\/x.com\/Echosens","https:\/\/www.linkedin.com\/company\/echosens\/","https:\/\/www.youtube.com\/channel\/UC1myqoq18t1dKPTz0u1eEgg"]}]}},"_links":{"self":[{"href":"https:\/\/www.echosens.com\/es\/wp-json\/wp\/v2\/pages\/92186","targetHints":{"allow":["GET"]}}],"collection":[{"href":"https:\/\/www.echosens.com\/es\/wp-json\/wp\/v2\/pages"}],"about":[{"href":"https:\/\/www.echosens.com\/es\/wp-json\/wp\/v2\/types\/page"}],"author":[{"embeddable":true,"href":"https:\/\/www.echosens.com\/es\/wp-json\/wp\/v2\/users\/1"}],"replies":[{"embeddable":true,"href":"https:\/\/www.echosens.com\/es\/wp-json\/wp\/v2\/comments?post=92186"}],"version-history":[{"count":5,"href":"https:\/\/www.echosens.com\/es\/wp-json\/wp\/v2\/pages\/92186\/revisions"}],"predecessor-version":[{"id":95040,"href":"https:\/\/www.echosens.com\/es\/wp-json\/wp\/v2\/pages\/92186\/revisions\/95040"}],"wp:attachment":[{"href":"https:\/\/www.echosens.com\/es\/wp-json\/wp\/v2\/media?parent=92186"}],"curies":[{"name":"wp","href":"https:\/\/api.w.org\/{rel}","templated":true}]}}