{"id":137335,"date":"2022-10-11T15:06:17","date_gmt":"2022-10-11T13:06:17","guid":{"rendered":"https:\/\/www.echosens.com\/preuves-cliniques\/international-guidelines\/"},"modified":"2025-08-18T11:56:22","modified_gmt":"2025-08-18T09:56:22","slug":"directives-internationales","status":"publish","type":"page","link":"https:\/\/www.echosens.com\/fr\/preuves-cliniques\/directives-internationales\/","title":{"rendered":"Directives internationales"},"content":{"rendered":"","protected":false},"excerpt":{"rendered":"","protected":false},"author":2,"featured_media":0,"parent":3049,"menu_order":0,"comment_status":"closed","ping_status":"closed","template":"templates\/modular.php","meta":{"_acf_changed":false,"_searchwp_excluded":"","footnotes":""},"class_list":["post-137335","page","type-page","status-publish","hentry"],"acf":[],"yoast_head":"<!-- This site is optimized with the Yoast SEO plugin v27.4 - https:\/\/yoast.com\/product\/yoast-seo-wordpress\/ -->\n<title>Directives internationales relatives \u00e0 FibroScan\u00ae - Echosens<\/title>\n<meta name=\"description\" content=\"180 directives internationales recommandent l&#039;utilisation de FibroScan\u00ae. Consultez les plus r\u00e9centes bas\u00e9es sur les meilleures donn\u00e9es de recherche.\" \/>\n<meta name=\"robots\" content=\"index, follow, max-snippet:-1, max-image-preview:large, max-video-preview:-1\" \/>\n<link rel=\"canonical\" href=\"https:\/\/www.echosens.com\/fr\/preuves-cliniques\/directives-internationales\/\" \/>\n<meta property=\"og:locale\" content=\"fr_FR\" \/>\n<meta property=\"og:type\" content=\"article\" \/>\n<meta property=\"og:title\" content=\"Directives internationales relatives \u00e0 FibroScan\u00ae - Echosens\" \/>\n<meta property=\"og:description\" content=\"180 directives internationales recommandent l&#039;utilisation de FibroScan\u00ae. Consultez les plus r\u00e9centes bas\u00e9es sur les meilleures donn\u00e9es de recherche.\" \/>\n<meta property=\"og:url\" content=\"https:\/\/www.echosens.com\/fr\/preuves-cliniques\/directives-internationales\/\" \/>\n<meta property=\"og:site_name\" content=\"Echosens\" \/>\n<meta property=\"article:publisher\" content=\"https:\/\/www.facebook.com\/fibroscan.echosens\" \/>\n<meta property=\"article:modified_time\" content=\"2025-08-18T09:56:22+00:00\" \/>\n<meta name=\"twitter:card\" content=\"summary_large_image\" \/>\n<meta name=\"twitter:site\" content=\"@Echosens\" \/>\n<script type=\"application\/ld+json\" class=\"yoast-schema-graph\">{\"@context\":\"https:\\\/\\\/schema.org\",\"@graph\":[{\"@type\":\"WebPage\",\"@id\":\"https:\\\/\\\/www.echosens.com\\\/fr\\\/preuves-cliniques\\\/directives-internationales\\\/\",\"url\":\"https:\\\/\\\/www.echosens.com\\\/fr\\\/preuves-cliniques\\\/directives-internationales\\\/\",\"name\":\"Directives internationales relatives \u00e0 FibroScan\u00ae - Echosens\",\"isPartOf\":{\"@id\":\"https:\\\/\\\/www.echosens.com\\\/fr\\\/#website\"},\"datePublished\":\"2022-10-11T13:06:17+00:00\",\"dateModified\":\"2025-08-18T09:56:22+00:00\",\"description\":\"180 directives internationales recommandent l'utilisation de FibroScan\u00ae. Consultez les plus r\u00e9centes bas\u00e9es sur les meilleures donn\u00e9es de recherche.\",\"breadcrumb\":{\"@id\":\"https:\\\/\\\/www.echosens.com\\\/fr\\\/preuves-cliniques\\\/directives-internationales\\\/#breadcrumb\"},\"inLanguage\":\"fr-FR\",\"potentialAction\":[{\"@type\":\"ReadAction\",\"target\":[\"https:\\\/\\\/www.echosens.com\\\/fr\\\/preuves-cliniques\\\/directives-internationales\\\/\"]}]},{\"@type\":\"BreadcrumbList\",\"@id\":\"https:\\\/\\\/www.echosens.com\\\/fr\\\/preuves-cliniques\\\/directives-internationales\\\/#breadcrumb\",\"itemListElement\":[{\"@type\":\"ListItem\",\"position\":1,\"name\":\"Home\",\"item\":\"https:\\\/\\\/www.echosens.com\\\/fr\\\/\"},{\"@type\":\"ListItem\",\"position\":2,\"name\":\"Preuves cliniques\",\"item\":\"https:\\\/\\\/www.echosens.com\\\/fr\\\/preuves-cliniques\\\/\"},{\"@type\":\"ListItem\",\"position\":3,\"name\":\"Directives internationales\"}]},{\"@type\":\"WebSite\",\"@id\":\"https:\\\/\\\/www.echosens.com\\\/fr\\\/#website\",\"url\":\"https:\\\/\\\/www.echosens.com\\\/fr\\\/\",\"name\":\"Echosens\",\"description\":\"Un site utilisant WordPress\",\"publisher\":{\"@id\":\"https:\\\/\\\/www.echosens.com\\\/fr\\\/#organization\"},\"potentialAction\":[{\"@type\":\"SearchAction\",\"target\":{\"@type\":\"EntryPoint\",\"urlTemplate\":\"https:\\\/\\\/www.echosens.com\\\/fr\\\/?s={search_term_string}\"},\"query-input\":{\"@type\":\"PropertyValueSpecification\",\"valueRequired\":true,\"valueName\":\"search_term_string\"}}],\"inLanguage\":\"fr-FR\"},{\"@type\":\"Organization\",\"@id\":\"https:\\\/\\\/www.echosens.com\\\/fr\\\/#organization\",\"name\":\"ECHOSENS\",\"url\":\"https:\\\/\\\/www.echosens.com\\\/fr\\\/\",\"logo\":{\"@type\":\"ImageObject\",\"inLanguage\":\"fr-FR\",\"@id\":\"https:\\\/\\\/www.echosens.com\\\/fr\\\/#\\\/schema\\\/logo\\\/image\\\/\",\"url\":\"https:\\\/\\\/www.echosens.com\\\/wp-content\\\/uploads\\\/2020\\\/12\\\/logo.svg\",\"contentUrl\":\"https:\\\/\\\/www.echosens.com\\\/wp-content\\\/uploads\\\/2020\\\/12\\\/logo.svg\",\"width\":1,\"height\":1,\"caption\":\"ECHOSENS\"},\"image\":{\"@id\":\"https:\\\/\\\/www.echosens.com\\\/fr\\\/#\\\/schema\\\/logo\\\/image\\\/\"},\"sameAs\":[\"https:\\\/\\\/www.facebook.com\\\/fibroscan.echosens\",\"https:\\\/\\\/x.com\\\/Echosens\",\"https:\\\/\\\/www.linkedin.com\\\/company\\\/echosens\\\/\",\"https:\\\/\\\/www.youtube.com\\\/channel\\\/UC1myqoq18t1dKPTz0u1eEgg\"]}]}<\/script>\n<!-- \/ Yoast SEO plugin. -->","yoast_head_json":{"title":"Directives internationales relatives \u00e0 FibroScan\u00ae - Echosens","description":"180 directives internationales recommandent l'utilisation de FibroScan\u00ae. Consultez les plus r\u00e9centes bas\u00e9es sur les meilleures donn\u00e9es de recherche.","robots":{"index":"index","follow":"follow","max-snippet":"max-snippet:-1","max-image-preview":"max-image-preview:large","max-video-preview":"max-video-preview:-1"},"canonical":"https:\/\/www.echosens.com\/fr\/preuves-cliniques\/directives-internationales\/","og_locale":"fr_FR","og_type":"article","og_title":"Directives internationales relatives \u00e0 FibroScan\u00ae - Echosens","og_description":"180 directives internationales recommandent l'utilisation de FibroScan\u00ae. Consultez les plus r\u00e9centes bas\u00e9es sur les meilleures donn\u00e9es de recherche.","og_url":"https:\/\/www.echosens.com\/fr\/preuves-cliniques\/directives-internationales\/","og_site_name":"Echosens","article_publisher":"https:\/\/www.facebook.com\/fibroscan.echosens","article_modified_time":"2025-08-18T09:56:22+00:00","twitter_card":"summary_large_image","twitter_site":"@Echosens","schema":{"@context":"https:\/\/schema.org","@graph":[{"@type":"WebPage","@id":"https:\/\/www.echosens.com\/fr\/preuves-cliniques\/directives-internationales\/","url":"https:\/\/www.echosens.com\/fr\/preuves-cliniques\/directives-internationales\/","name":"Directives internationales relatives \u00e0 FibroScan\u00ae - Echosens","isPartOf":{"@id":"https:\/\/www.echosens.com\/fr\/#website"},"datePublished":"2022-10-11T13:06:17+00:00","dateModified":"2025-08-18T09:56:22+00:00","description":"180 directives internationales recommandent l'utilisation de FibroScan\u00ae. Consultez les plus r\u00e9centes bas\u00e9es sur les meilleures donn\u00e9es de recherche.","breadcrumb":{"@id":"https:\/\/www.echosens.com\/fr\/preuves-cliniques\/directives-internationales\/#breadcrumb"},"inLanguage":"fr-FR","potentialAction":[{"@type":"ReadAction","target":["https:\/\/www.echosens.com\/fr\/preuves-cliniques\/directives-internationales\/"]}]},{"@type":"BreadcrumbList","@id":"https:\/\/www.echosens.com\/fr\/preuves-cliniques\/directives-internationales\/#breadcrumb","itemListElement":[{"@type":"ListItem","position":1,"name":"Home","item":"https:\/\/www.echosens.com\/fr\/"},{"@type":"ListItem","position":2,"name":"Preuves cliniques","item":"https:\/\/www.echosens.com\/fr\/preuves-cliniques\/"},{"@type":"ListItem","position":3,"name":"Directives internationales"}]},{"@type":"WebSite","@id":"https:\/\/www.echosens.com\/fr\/#website","url":"https:\/\/www.echosens.com\/fr\/","name":"Echosens","description":"Un site utilisant WordPress","publisher":{"@id":"https:\/\/www.echosens.com\/fr\/#organization"},"potentialAction":[{"@type":"SearchAction","target":{"@type":"EntryPoint","urlTemplate":"https:\/\/www.echosens.com\/fr\/?s={search_term_string}"},"query-input":{"@type":"PropertyValueSpecification","valueRequired":true,"valueName":"search_term_string"}}],"inLanguage":"fr-FR"},{"@type":"Organization","@id":"https:\/\/www.echosens.com\/fr\/#organization","name":"ECHOSENS","url":"https:\/\/www.echosens.com\/fr\/","logo":{"@type":"ImageObject","inLanguage":"fr-FR","@id":"https:\/\/www.echosens.com\/fr\/#\/schema\/logo\/image\/","url":"https:\/\/www.echosens.com\/wp-content\/uploads\/2020\/12\/logo.svg","contentUrl":"https:\/\/www.echosens.com\/wp-content\/uploads\/2020\/12\/logo.svg","width":1,"height":1,"caption":"ECHOSENS"},"image":{"@id":"https:\/\/www.echosens.com\/fr\/#\/schema\/logo\/image\/"},"sameAs":["https:\/\/www.facebook.com\/fibroscan.echosens","https:\/\/x.com\/Echosens","https:\/\/www.linkedin.com\/company\/echosens\/","https:\/\/www.youtube.com\/channel\/UC1myqoq18t1dKPTz0u1eEgg"]}]}},"_links":{"self":[{"href":"https:\/\/www.echosens.com\/fr\/wp-json\/wp\/v2\/pages\/137335","targetHints":{"allow":["GET"]}}],"collection":[{"href":"https:\/\/www.echosens.com\/fr\/wp-json\/wp\/v2\/pages"}],"about":[{"href":"https:\/\/www.echosens.com\/fr\/wp-json\/wp\/v2\/types\/page"}],"author":[{"embeddable":true,"href":"https:\/\/www.echosens.com\/fr\/wp-json\/wp\/v2\/users\/2"}],"replies":[{"embeddable":true,"href":"https:\/\/www.echosens.com\/fr\/wp-json\/wp\/v2\/comments?post=137335"}],"version-history":[{"count":22,"href":"https:\/\/www.echosens.com\/fr\/wp-json\/wp\/v2\/pages\/137335\/revisions"}],"predecessor-version":[{"id":231727,"href":"https:\/\/www.echosens.com\/fr\/wp-json\/wp\/v2\/pages\/137335\/revisions\/231727"}],"up":[{"embeddable":true,"href":"https:\/\/www.echosens.com\/fr\/wp-json\/wp\/v2\/pages\/3049"}],"wp:attachment":[{"href":"https:\/\/www.echosens.com\/fr\/wp-json\/wp\/v2\/media?parent=137335"}],"curies":[{"name":"wp","href":"https:\/\/api.w.org\/{rel}","templated":true}]}}