{"id":230461,"date":"2025-03-21T16:22:30","date_gmt":"2025-03-21T15:22:30","guid":{"rendered":"https:\/\/www.echosens.com\/fib-4-lsm-excellent-diagnostic-performance-screening-advanced-fibrosis\/"},"modified":"2025-03-31T10:09:07","modified_gmt":"2025-03-31T08:09:07","slug":"fib-4-combine-lsm-fibroscan-excellentes-performances-diagnostiques-depistage-fibrose-avancee","status":"publish","type":"page","link":"https:\/\/www.echosens.com\/fr\/fib-4-combine-lsm-fibroscan-excellentes-performances-diagnostiques-depistage-fibrose-avancee\/","title":{"rendered":"L&rsquo;application du FIB-4 combin\u00e9 \u00e0 la mesure de la rigidit\u00e9 du foie (LSM) par l&rsquo;appareil FibroScan\u00ae pr\u00e9sente d&rsquo;excellentes performances diagnostiques dans le d\u00e9pistage de la fibrose avanc\u00e9e en diab\u00e9tologie"},"content":{"rendered":"","protected":false},"excerpt":{"rendered":"","protected":false},"author":13,"featured_media":0,"parent":0,"menu_order":0,"comment_status":"closed","ping_status":"closed","template":"templates\/modular.php","meta":{"_acf_changed":false,"_searchwp_excluded":"","footnotes":""},"class_list":["post-230461","page","type-page","status-publish","hentry"],"acf":[],"yoast_head":"<!-- This site is optimized with the Yoast SEO plugin v27.2 - https:\/\/yoast.com\/product\/yoast-seo-wordpress\/ -->\n<title>FIB4 et LSM pr\u00e9sente d&#039;excellentes performances diagnostiques dans le d\u00e9pistage de la fibrose avanc\u00e9e- Echosens<\/title>\n<meta name=\"description\" content=\"L&#039;application du FIB-4 combin\u00e9 \u00e0 la mesure de la rigidit\u00e9 du foie (LSM) par l&#039;appareil FibroScan\u00ae pr\u00e9sente d&#039;excellentes performances diagnostiques dans le d\u00e9pistage de la fibrose avanc\u00e9e en diab\u00e9tologie\" \/>\n<meta name=\"robots\" content=\"index, follow, max-snippet:-1, max-image-preview:large, max-video-preview:-1\" \/>\n<link rel=\"canonical\" href=\"https:\/\/www.echosens.com\/fr\/fib-4-combine-lsm-fibroscan-excellentes-performances-diagnostiques-depistage-fibrose-avancee\/\" \/>\n<meta property=\"og:locale\" content=\"fr_FR\" \/>\n<meta property=\"og:type\" content=\"article\" \/>\n<meta property=\"og:title\" content=\"FIB4 et LSM pr\u00e9sente d&#039;excellentes performances diagnostiques dans le d\u00e9pistage de la fibrose avanc\u00e9e- Echosens\" \/>\n<meta property=\"og:description\" content=\"L&#039;application du FIB-4 combin\u00e9 \u00e0 la mesure de la rigidit\u00e9 du foie (LSM) par l&#039;appareil FibroScan\u00ae pr\u00e9sente d&#039;excellentes performances diagnostiques dans le d\u00e9pistage de la fibrose avanc\u00e9e en diab\u00e9tologie\" \/>\n<meta property=\"og:url\" content=\"https:\/\/www.echosens.com\/fr\/fib-4-combine-lsm-fibroscan-excellentes-performances-diagnostiques-depistage-fibrose-avancee\/\" \/>\n<meta property=\"og:site_name\" content=\"Echosens\" \/>\n<meta property=\"article:publisher\" content=\"https:\/\/www.facebook.com\/fibroscan.echosens\" \/>\n<meta property=\"article:modified_time\" content=\"2025-03-31T08:09:07+00:00\" \/>\n<meta name=\"twitter:card\" content=\"summary_large_image\" \/>\n<meta name=\"twitter:site\" content=\"@Echosens\" \/>\n<script type=\"application\/ld+json\" class=\"yoast-schema-graph\">{\"@context\":\"https:\/\/schema.org\",\"@graph\":[{\"@type\":\"WebPage\",\"@id\":\"https:\/\/www.echosens.com\/fr\/fib-4-combine-lsm-fibroscan-excellentes-performances-diagnostiques-depistage-fibrose-avancee\/\",\"url\":\"https:\/\/www.echosens.com\/fr\/fib-4-combine-lsm-fibroscan-excellentes-performances-diagnostiques-depistage-fibrose-avancee\/\",\"name\":\"FIB4 et LSM pr\u00e9sente d'excellentes performances diagnostiques dans le d\u00e9pistage de la fibrose avanc\u00e9e- Echosens\",\"isPartOf\":{\"@id\":\"https:\/\/www.echosens.com\/fr\/#website\"},\"datePublished\":\"2025-03-21T15:22:30+00:00\",\"dateModified\":\"2025-03-31T08:09:07+00:00\",\"description\":\"L'application du FIB-4 combin\u00e9 \u00e0 la mesure de la rigidit\u00e9 du foie (LSM) par l'appareil FibroScan\u00ae pr\u00e9sente d'excellentes performances diagnostiques dans le d\u00e9pistage de la fibrose avanc\u00e9e en diab\u00e9tologie\",\"breadcrumb\":{\"@id\":\"https:\/\/www.echosens.com\/fr\/fib-4-combine-lsm-fibroscan-excellentes-performances-diagnostiques-depistage-fibrose-avancee\/#breadcrumb\"},\"inLanguage\":\"fr-FR\",\"potentialAction\":[{\"@type\":\"ReadAction\",\"target\":[\"https:\/\/www.echosens.com\/fr\/fib-4-combine-lsm-fibroscan-excellentes-performances-diagnostiques-depistage-fibrose-avancee\/\"]}]},{\"@type\":\"BreadcrumbList\",\"@id\":\"https:\/\/www.echosens.com\/fr\/fib-4-combine-lsm-fibroscan-excellentes-performances-diagnostiques-depistage-fibrose-avancee\/#breadcrumb\",\"itemListElement\":[{\"@type\":\"ListItem\",\"position\":1,\"name\":\"Home\",\"item\":\"https:\/\/www.echosens.com\/fr\/\"},{\"@type\":\"ListItem\",\"position\":2,\"name\":\"L&#8217;application du FIB-4 combin\u00e9 \u00e0 la mesure de la rigidit\u00e9 du foie (LSM) par l&#8217;appareil FibroScan\u00ae pr\u00e9sente d&#8217;excellentes performances diagnostiques dans le d\u00e9pistage de la fibrose avanc\u00e9e en diab\u00e9tologie\"}]},{\"@type\":\"WebSite\",\"@id\":\"https:\/\/www.echosens.com\/fr\/#website\",\"url\":\"https:\/\/www.echosens.com\/fr\/\",\"name\":\"Echosens\",\"description\":\"Un site utilisant WordPress\",\"publisher\":{\"@id\":\"https:\/\/www.echosens.com\/fr\/#organization\"},\"potentialAction\":[{\"@type\":\"SearchAction\",\"target\":{\"@type\":\"EntryPoint\",\"urlTemplate\":\"https:\/\/www.echosens.com\/fr\/?s={search_term_string}\"},\"query-input\":{\"@type\":\"PropertyValueSpecification\",\"valueRequired\":true,\"valueName\":\"search_term_string\"}}],\"inLanguage\":\"fr-FR\"},{\"@type\":\"Organization\",\"@id\":\"https:\/\/www.echosens.com\/fr\/#organization\",\"name\":\"ECHOSENS\",\"url\":\"https:\/\/www.echosens.com\/fr\/\",\"logo\":{\"@type\":\"ImageObject\",\"inLanguage\":\"fr-FR\",\"@id\":\"https:\/\/www.echosens.com\/fr\/#\/schema\/logo\/image\/\",\"url\":\"https:\/\/www.echosens.com\/wp-content\/uploads\/2020\/12\/logo.svg\",\"contentUrl\":\"https:\/\/www.echosens.com\/wp-content\/uploads\/2020\/12\/logo.svg\",\"width\":1,\"height\":1,\"caption\":\"ECHOSENS\"},\"image\":{\"@id\":\"https:\/\/www.echosens.com\/fr\/#\/schema\/logo\/image\/\"},\"sameAs\":[\"https:\/\/www.facebook.com\/fibroscan.echosens\",\"https:\/\/x.com\/Echosens\",\"https:\/\/www.linkedin.com\/company\/echosens\/\",\"https:\/\/www.youtube.com\/channel\/UC1myqoq18t1dKPTz0u1eEgg\"]}]}<\/script>\n<!-- \/ Yoast SEO plugin. -->","yoast_head_json":{"title":"FIB4 et LSM pr\u00e9sente d'excellentes performances diagnostiques dans le d\u00e9pistage de la fibrose avanc\u00e9e- Echosens","description":"L'application du FIB-4 combin\u00e9 \u00e0 la mesure de la rigidit\u00e9 du foie (LSM) par l'appareil FibroScan\u00ae pr\u00e9sente d'excellentes performances diagnostiques dans le d\u00e9pistage de la fibrose avanc\u00e9e en diab\u00e9tologie","robots":{"index":"index","follow":"follow","max-snippet":"max-snippet:-1","max-image-preview":"max-image-preview:large","max-video-preview":"max-video-preview:-1"},"canonical":"https:\/\/www.echosens.com\/fr\/fib-4-combine-lsm-fibroscan-excellentes-performances-diagnostiques-depistage-fibrose-avancee\/","og_locale":"fr_FR","og_type":"article","og_title":"FIB4 et LSM pr\u00e9sente d'excellentes performances diagnostiques dans le d\u00e9pistage de la fibrose avanc\u00e9e- Echosens","og_description":"L'application du FIB-4 combin\u00e9 \u00e0 la mesure de la rigidit\u00e9 du foie (LSM) par l'appareil FibroScan\u00ae pr\u00e9sente d'excellentes performances diagnostiques dans le d\u00e9pistage de la fibrose avanc\u00e9e en diab\u00e9tologie","og_url":"https:\/\/www.echosens.com\/fr\/fib-4-combine-lsm-fibroscan-excellentes-performances-diagnostiques-depistage-fibrose-avancee\/","og_site_name":"Echosens","article_publisher":"https:\/\/www.facebook.com\/fibroscan.echosens","article_modified_time":"2025-03-31T08:09:07+00:00","twitter_card":"summary_large_image","twitter_site":"@Echosens","schema":{"@context":"https:\/\/schema.org","@graph":[{"@type":"WebPage","@id":"https:\/\/www.echosens.com\/fr\/fib-4-combine-lsm-fibroscan-excellentes-performances-diagnostiques-depistage-fibrose-avancee\/","url":"https:\/\/www.echosens.com\/fr\/fib-4-combine-lsm-fibroscan-excellentes-performances-diagnostiques-depistage-fibrose-avancee\/","name":"FIB4 et LSM pr\u00e9sente d'excellentes performances diagnostiques dans le d\u00e9pistage de la fibrose avanc\u00e9e- Echosens","isPartOf":{"@id":"https:\/\/www.echosens.com\/fr\/#website"},"datePublished":"2025-03-21T15:22:30+00:00","dateModified":"2025-03-31T08:09:07+00:00","description":"L'application du FIB-4 combin\u00e9 \u00e0 la mesure de la rigidit\u00e9 du foie (LSM) par l'appareil FibroScan\u00ae pr\u00e9sente d'excellentes performances diagnostiques dans le d\u00e9pistage de la fibrose avanc\u00e9e en diab\u00e9tologie","breadcrumb":{"@id":"https:\/\/www.echosens.com\/fr\/fib-4-combine-lsm-fibroscan-excellentes-performances-diagnostiques-depistage-fibrose-avancee\/#breadcrumb"},"inLanguage":"fr-FR","potentialAction":[{"@type":"ReadAction","target":["https:\/\/www.echosens.com\/fr\/fib-4-combine-lsm-fibroscan-excellentes-performances-diagnostiques-depistage-fibrose-avancee\/"]}]},{"@type":"BreadcrumbList","@id":"https:\/\/www.echosens.com\/fr\/fib-4-combine-lsm-fibroscan-excellentes-performances-diagnostiques-depistage-fibrose-avancee\/#breadcrumb","itemListElement":[{"@type":"ListItem","position":1,"name":"Home","item":"https:\/\/www.echosens.com\/fr\/"},{"@type":"ListItem","position":2,"name":"L&#8217;application du FIB-4 combin\u00e9 \u00e0 la mesure de la rigidit\u00e9 du foie (LSM) par l&#8217;appareil FibroScan\u00ae pr\u00e9sente d&#8217;excellentes performances diagnostiques dans le d\u00e9pistage de la fibrose avanc\u00e9e en diab\u00e9tologie"}]},{"@type":"WebSite","@id":"https:\/\/www.echosens.com\/fr\/#website","url":"https:\/\/www.echosens.com\/fr\/","name":"Echosens","description":"Un site utilisant WordPress","publisher":{"@id":"https:\/\/www.echosens.com\/fr\/#organization"},"potentialAction":[{"@type":"SearchAction","target":{"@type":"EntryPoint","urlTemplate":"https:\/\/www.echosens.com\/fr\/?s={search_term_string}"},"query-input":{"@type":"PropertyValueSpecification","valueRequired":true,"valueName":"search_term_string"}}],"inLanguage":"fr-FR"},{"@type":"Organization","@id":"https:\/\/www.echosens.com\/fr\/#organization","name":"ECHOSENS","url":"https:\/\/www.echosens.com\/fr\/","logo":{"@type":"ImageObject","inLanguage":"fr-FR","@id":"https:\/\/www.echosens.com\/fr\/#\/schema\/logo\/image\/","url":"https:\/\/www.echosens.com\/wp-content\/uploads\/2020\/12\/logo.svg","contentUrl":"https:\/\/www.echosens.com\/wp-content\/uploads\/2020\/12\/logo.svg","width":1,"height":1,"caption":"ECHOSENS"},"image":{"@id":"https:\/\/www.echosens.com\/fr\/#\/schema\/logo\/image\/"},"sameAs":["https:\/\/www.facebook.com\/fibroscan.echosens","https:\/\/x.com\/Echosens","https:\/\/www.linkedin.com\/company\/echosens\/","https:\/\/www.youtube.com\/channel\/UC1myqoq18t1dKPTz0u1eEgg"]}]}},"_links":{"self":[{"href":"https:\/\/www.echosens.com\/fr\/wp-json\/wp\/v2\/pages\/230461","targetHints":{"allow":["GET"]}}],"collection":[{"href":"https:\/\/www.echosens.com\/fr\/wp-json\/wp\/v2\/pages"}],"about":[{"href":"https:\/\/www.echosens.com\/fr\/wp-json\/wp\/v2\/types\/page"}],"author":[{"embeddable":true,"href":"https:\/\/www.echosens.com\/fr\/wp-json\/wp\/v2\/users\/13"}],"replies":[{"embeddable":true,"href":"https:\/\/www.echosens.com\/fr\/wp-json\/wp\/v2\/comments?post=230461"}],"version-history":[{"count":10,"href":"https:\/\/www.echosens.com\/fr\/wp-json\/wp\/v2\/pages\/230461\/revisions"}],"predecessor-version":[{"id":230606,"href":"https:\/\/www.echosens.com\/fr\/wp-json\/wp\/v2\/pages\/230461\/revisions\/230606"}],"wp:attachment":[{"href":"https:\/\/www.echosens.com\/fr\/wp-json\/wp\/v2\/media?parent=230461"}],"curies":[{"name":"wp","href":"https:\/\/api.w.org\/{rel}","templated":true}]}}