{"id":232149,"date":"2025-07-21T16:10:02","date_gmt":"2025-07-21T14:10:02","guid":{"rendered":"https:\/\/www.echosens.com\/peer-to-peer\/"},"modified":"2026-04-03T11:53:55","modified_gmt":"2026-04-03T09:53:55","slug":"pair-a-pair","status":"publish","type":"page","link":"https:\/\/www.echosens.com\/fr\/pair-a-pair\/","title":{"rendered":"Pair \u00e0 Pair"},"content":{"rendered":"","protected":false},"excerpt":{"rendered":"","protected":false},"author":13,"featured_media":0,"parent":0,"menu_order":0,"comment_status":"closed","ping_status":"closed","template":"templates\/land.php","meta":{"_acf_changed":false,"_searchwp_excluded":"","footnotes":""},"class_list":["post-232149","page","type-page","status-publish","hentry"],"acf":[],"yoast_head":"<!-- This site is optimized with the Yoast SEO plugin v27.2 - https:\/\/yoast.com\/product\/yoast-seo-wordpress\/ -->\n<title>Pair \u00e0 Pair - Echosens<\/title>\n<meta name=\"description\" content=\"Pair \u00e0 Pair . Echangez avec un utilisateur FibroScan\u00ae exp\u00e9riment\u00e9 lors d&#039;un appel t\u00e9l\u00e9phonique individuel d\u00e9di\u00e9.\" \/>\n<meta name=\"robots\" content=\"index, follow, max-snippet:-1, max-image-preview:large, max-video-preview:-1\" \/>\n<link rel=\"canonical\" href=\"https:\/\/www.echosens.com\/fr\/pair-a-pair\/\" \/>\n<meta property=\"og:locale\" content=\"fr_FR\" \/>\n<meta property=\"og:type\" content=\"article\" \/>\n<meta property=\"og:title\" content=\"Pair \u00e0 Pair - Echosens\" \/>\n<meta property=\"og:description\" content=\"Pair \u00e0 Pair . Echangez avec un utilisateur FibroScan\u00ae exp\u00e9riment\u00e9 lors d&#039;un appel t\u00e9l\u00e9phonique individuel d\u00e9di\u00e9.\" \/>\n<meta property=\"og:url\" content=\"https:\/\/www.echosens.com\/fr\/pair-a-pair\/\" \/>\n<meta property=\"og:site_name\" content=\"Echosens\" \/>\n<meta property=\"article:publisher\" content=\"https:\/\/www.facebook.com\/fibroscan.echosens\" \/>\n<meta property=\"article:modified_time\" content=\"2026-04-03T09:53:55+00:00\" \/>\n<meta name=\"twitter:card\" content=\"summary_large_image\" \/>\n<meta name=\"twitter:site\" content=\"@Echosens\" \/>\n<script type=\"application\/ld+json\" class=\"yoast-schema-graph\">{\"@context\":\"https:\/\/schema.org\",\"@graph\":[{\"@type\":\"WebPage\",\"@id\":\"https:\/\/www.echosens.com\/fr\/pair-a-pair\/\",\"url\":\"https:\/\/www.echosens.com\/fr\/pair-a-pair\/\",\"name\":\"Pair \u00e0 Pair - Echosens\",\"isPartOf\":{\"@id\":\"https:\/\/www.echosens.com\/fr\/#website\"},\"datePublished\":\"2025-07-21T14:10:02+00:00\",\"dateModified\":\"2026-04-03T09:53:55+00:00\",\"description\":\"Pair \u00e0 Pair . Echangez avec un utilisateur FibroScan\u00ae exp\u00e9riment\u00e9 lors d'un appel t\u00e9l\u00e9phonique individuel d\u00e9di\u00e9.\",\"breadcrumb\":{\"@id\":\"https:\/\/www.echosens.com\/fr\/pair-a-pair\/#breadcrumb\"},\"inLanguage\":\"fr-FR\",\"potentialAction\":[{\"@type\":\"ReadAction\",\"target\":[\"https:\/\/www.echosens.com\/fr\/pair-a-pair\/\"]}]},{\"@type\":\"BreadcrumbList\",\"@id\":\"https:\/\/www.echosens.com\/fr\/pair-a-pair\/#breadcrumb\",\"itemListElement\":[{\"@type\":\"ListItem\",\"position\":1,\"name\":\"Home\",\"item\":\"https:\/\/www.echosens.com\/fr\/\"},{\"@type\":\"ListItem\",\"position\":2,\"name\":\"Pair \u00e0 Pair\"}]},{\"@type\":\"WebSite\",\"@id\":\"https:\/\/www.echosens.com\/fr\/#website\",\"url\":\"https:\/\/www.echosens.com\/fr\/\",\"name\":\"Echosens\",\"description\":\"Un site utilisant WordPress\",\"publisher\":{\"@id\":\"https:\/\/www.echosens.com\/fr\/#organization\"},\"potentialAction\":[{\"@type\":\"SearchAction\",\"target\":{\"@type\":\"EntryPoint\",\"urlTemplate\":\"https:\/\/www.echosens.com\/fr\/?s={search_term_string}\"},\"query-input\":{\"@type\":\"PropertyValueSpecification\",\"valueRequired\":true,\"valueName\":\"search_term_string\"}}],\"inLanguage\":\"fr-FR\"},{\"@type\":\"Organization\",\"@id\":\"https:\/\/www.echosens.com\/fr\/#organization\",\"name\":\"ECHOSENS\",\"url\":\"https:\/\/www.echosens.com\/fr\/\",\"logo\":{\"@type\":\"ImageObject\",\"inLanguage\":\"fr-FR\",\"@id\":\"https:\/\/www.echosens.com\/fr\/#\/schema\/logo\/image\/\",\"url\":\"https:\/\/www.echosens.com\/wp-content\/uploads\/2020\/12\/logo.svg\",\"contentUrl\":\"https:\/\/www.echosens.com\/wp-content\/uploads\/2020\/12\/logo.svg\",\"width\":1,\"height\":1,\"caption\":\"ECHOSENS\"},\"image\":{\"@id\":\"https:\/\/www.echosens.com\/fr\/#\/schema\/logo\/image\/\"},\"sameAs\":[\"https:\/\/www.facebook.com\/fibroscan.echosens\",\"https:\/\/x.com\/Echosens\",\"https:\/\/www.linkedin.com\/company\/echosens\/\",\"https:\/\/www.youtube.com\/channel\/UC1myqoq18t1dKPTz0u1eEgg\"]}]}<\/script>\n<!-- \/ Yoast SEO plugin. -->","yoast_head_json":{"title":"Pair \u00e0 Pair - Echosens","description":"Pair \u00e0 Pair . Echangez avec un utilisateur FibroScan\u00ae exp\u00e9riment\u00e9 lors d'un appel t\u00e9l\u00e9phonique individuel d\u00e9di\u00e9.","robots":{"index":"index","follow":"follow","max-snippet":"max-snippet:-1","max-image-preview":"max-image-preview:large","max-video-preview":"max-video-preview:-1"},"canonical":"https:\/\/www.echosens.com\/fr\/pair-a-pair\/","og_locale":"fr_FR","og_type":"article","og_title":"Pair \u00e0 Pair - Echosens","og_description":"Pair \u00e0 Pair . Echangez avec un utilisateur FibroScan\u00ae exp\u00e9riment\u00e9 lors d'un appel t\u00e9l\u00e9phonique individuel d\u00e9di\u00e9.","og_url":"https:\/\/www.echosens.com\/fr\/pair-a-pair\/","og_site_name":"Echosens","article_publisher":"https:\/\/www.facebook.com\/fibroscan.echosens","article_modified_time":"2026-04-03T09:53:55+00:00","twitter_card":"summary_large_image","twitter_site":"@Echosens","schema":{"@context":"https:\/\/schema.org","@graph":[{"@type":"WebPage","@id":"https:\/\/www.echosens.com\/fr\/pair-a-pair\/","url":"https:\/\/www.echosens.com\/fr\/pair-a-pair\/","name":"Pair \u00e0 Pair - Echosens","isPartOf":{"@id":"https:\/\/www.echosens.com\/fr\/#website"},"datePublished":"2025-07-21T14:10:02+00:00","dateModified":"2026-04-03T09:53:55+00:00","description":"Pair \u00e0 Pair . Echangez avec un utilisateur FibroScan\u00ae exp\u00e9riment\u00e9 lors d'un appel t\u00e9l\u00e9phonique individuel d\u00e9di\u00e9.","breadcrumb":{"@id":"https:\/\/www.echosens.com\/fr\/pair-a-pair\/#breadcrumb"},"inLanguage":"fr-FR","potentialAction":[{"@type":"ReadAction","target":["https:\/\/www.echosens.com\/fr\/pair-a-pair\/"]}]},{"@type":"BreadcrumbList","@id":"https:\/\/www.echosens.com\/fr\/pair-a-pair\/#breadcrumb","itemListElement":[{"@type":"ListItem","position":1,"name":"Home","item":"https:\/\/www.echosens.com\/fr\/"},{"@type":"ListItem","position":2,"name":"Pair \u00e0 Pair"}]},{"@type":"WebSite","@id":"https:\/\/www.echosens.com\/fr\/#website","url":"https:\/\/www.echosens.com\/fr\/","name":"Echosens","description":"Un site utilisant WordPress","publisher":{"@id":"https:\/\/www.echosens.com\/fr\/#organization"},"potentialAction":[{"@type":"SearchAction","target":{"@type":"EntryPoint","urlTemplate":"https:\/\/www.echosens.com\/fr\/?s={search_term_string}"},"query-input":{"@type":"PropertyValueSpecification","valueRequired":true,"valueName":"search_term_string"}}],"inLanguage":"fr-FR"},{"@type":"Organization","@id":"https:\/\/www.echosens.com\/fr\/#organization","name":"ECHOSENS","url":"https:\/\/www.echosens.com\/fr\/","logo":{"@type":"ImageObject","inLanguage":"fr-FR","@id":"https:\/\/www.echosens.com\/fr\/#\/schema\/logo\/image\/","url":"https:\/\/www.echosens.com\/wp-content\/uploads\/2020\/12\/logo.svg","contentUrl":"https:\/\/www.echosens.com\/wp-content\/uploads\/2020\/12\/logo.svg","width":1,"height":1,"caption":"ECHOSENS"},"image":{"@id":"https:\/\/www.echosens.com\/fr\/#\/schema\/logo\/image\/"},"sameAs":["https:\/\/www.facebook.com\/fibroscan.echosens","https:\/\/x.com\/Echosens","https:\/\/www.linkedin.com\/company\/echosens\/","https:\/\/www.youtube.com\/channel\/UC1myqoq18t1dKPTz0u1eEgg"]}]}},"_links":{"self":[{"href":"https:\/\/www.echosens.com\/fr\/wp-json\/wp\/v2\/pages\/232149","targetHints":{"allow":["GET"]}}],"collection":[{"href":"https:\/\/www.echosens.com\/fr\/wp-json\/wp\/v2\/pages"}],"about":[{"href":"https:\/\/www.echosens.com\/fr\/wp-json\/wp\/v2\/types\/page"}],"author":[{"embeddable":true,"href":"https:\/\/www.echosens.com\/fr\/wp-json\/wp\/v2\/users\/13"}],"replies":[{"embeddable":true,"href":"https:\/\/www.echosens.com\/fr\/wp-json\/wp\/v2\/comments?post=232149"}],"version-history":[{"count":80,"href":"https:\/\/www.echosens.com\/fr\/wp-json\/wp\/v2\/pages\/232149\/revisions"}],"predecessor-version":[{"id":288337,"href":"https:\/\/www.echosens.com\/fr\/wp-json\/wp\/v2\/pages\/232149\/revisions\/288337"}],"wp:attachment":[{"href":"https:\/\/www.echosens.com\/fr\/wp-json\/wp\/v2\/media?parent=232149"}],"curies":[{"name":"wp","href":"https:\/\/api.w.org\/{rel}","templated":true}]}}