{"id":2944,"date":"2020-12-30T11:42:07","date_gmt":"2020-12-30T10:42:07","guid":{"rendered":"https:\/\/www.echosens.com\/privacy-policy\/"},"modified":"2025-12-01T11:42:43","modified_gmt":"2025-12-01T10:42:43","slug":"donnees-personnelles","status":"publish","type":"page","link":"https:\/\/www.echosens.com\/fr\/donnees-personnelles\/","title":{"rendered":"Politique de Confidentialit\u00e9"},"content":{"rendered":"<p>Mise \u00e0 jour Oct. 2025.<\/p>\n<p>&nbsp;<\/p>\n<h2><strong>Introduction<\/strong><\/h2>\n<p>La pr\u00e9sente politique couvre le traitement des donn\u00e9es \u00e0 caract\u00e8re personnel effectu\u00e9 par Echosens dans le cadre de ses activit\u00e9s de commercialisation de dispositifs m\u00e9dicaux et d\u2019offres de services associ\u00e9es.<br \/>\nElle s\u2019adresse \u00e0 ses clients (\u00ab Clients \u00bb), ses prospects (\u00ab Prospects \u00bb), ses prestataires (\u00ab Prestataires \u00bb), ses fournisseurs (\u00ab Fournisseurs \u00bb), les internautes (\u00ab Internautes \u00bb) qui acc\u00e8dent \u00e0 son site en ligne (ensemble, les \u00ab Personnes Concern\u00e9es \u00bb).<\/p>\n<p>\nEchosens traite les donn\u00e9es \u00e0 caract\u00e8re personnel des Personnes Concern\u00e9es en conformit\u00e9 avec la r\u00e8glementation applicable, le R\u00e8glement n\u00b02016\/679 (UE) du 27 avril 2016 dit r\u00e8glement g\u00e9n\u00e9ral sur la protection des donn\u00e9es (\u00ab RGPD \u00bb), la Loi Informatique et Libert\u00e9s du 6 janvier 1978 dans sa version actualis\u00e9e (\u00ab LIL \u00bb) et toute recommandation ou d\u00e9lib\u00e9ration de la CNIL (ensemble, la \u00ab R\u00e8glementation applicable \u00bb).<\/p>\n<p>\nEchosens respecte son obligation de transparence et d\u2019information vis-\u00e0-vis des Personnes Concern\u00e9es en mettant \u00e0 leur disposition la pr\u00e9sente politique de confidentialit\u00e9, dont l\u2019objet est de les informer sur les caract\u00e9ristiques des traitements de donn\u00e9es \u00e0 caract\u00e8re personnel mis en \u0153uvre par Echosens.<\/p>\n<p>&nbsp;<\/p>\n<h2><strong>D\u00e9finition<\/strong><\/h2>\n<p>Les termes commen\u00e7ant par une majuscule sont soit d\u00e9finis aux pr\u00e9sentes, soit ont le sens qui leur est donn\u00e9 par la R\u00e8glementation applicable, et notamment le RGPD, tels que notamment les termes \u00ab Donn\u00e9es \u00e0 caract\u00e8re personnel \u00bb, \u00ab Traitement \u00bb, \u00ab Personnes Concern\u00e9es \u00bb, \u00ab Responsable de traitement \u00bb, \u00ab Sous-traitant \u00bb, \u00ab Destinataire \u00bb ou encore \u00ab Violation de donn\u00e9es \u00bb.<\/p>\n<h2>\u00a0<\/h2>\n<h2><strong>Identit\u00e9 du responsable du traitement<\/strong><\/h2>\n<p>Echosens, soci\u00e9t\u00e9 anonyme immatricul\u00e9e au Registre du Commerce et des Soci\u00e9t\u00e9s (RCS) de Paris sous le num\u00e9ro 438 209 157, dont le si\u00e8ge social est 6 rue Ferrus 75014 Paris, agit en qualit\u00e9 de Responsable de traitement \u00e0 l&rsquo;\u00e9gard des traitements de donn\u00e9es personnelles suivants :<\/p>\n<p>&nbsp;<\/p>\n<h2>Caract\u00e9ristiques des traitements<\/h2>\n<img loading=\"lazy\" decoding=\"async\" class=\"alignnone  wp-image-232741\" src=\"https:\/\/www.echosens.com\/wp-content\/uploads\/2025\/12\/Relations-clients-1--300x181.png\" alt=\"\" width=\"587\" height=\"354\" srcset=\"https:\/\/www.echosens.com\/wp-content\/uploads\/2025\/12\/Relations-clients-1--300x181.png 300w, https:\/\/www.echosens.com\/wp-content\/uploads\/2025\/12\/Relations-clients-1-.png 739w\" sizes=\"auto, (max-width: 587px) 100vw, 587px\" \/>\n<img loading=\"lazy\" decoding=\"async\" class=\"alignnone  wp-image-232743\" src=\"https:\/\/www.echosens.com\/wp-content\/uploads\/2025\/12\/Relations-clients-2-293x300.png\" alt=\"\" width=\"588\" height=\"602\" srcset=\"https:\/\/www.echosens.com\/wp-content\/uploads\/2025\/12\/Relations-clients-2-293x300.png 293w, https:\/\/www.echosens.com\/wp-content\/uploads\/2025\/12\/Relations-clients-2.png 739w\" sizes=\"auto, (max-width: 588px) 100vw, 588px\" \/>\n<img loading=\"lazy\" decoding=\"async\" class=\"alignnone  wp-image-232745\" src=\"https:\/\/www.echosens.com\/wp-content\/uploads\/2025\/12\/Relations-clients-3-300x136.png\" alt=\"\" width=\"589\" height=\"267\" srcset=\"https:\/\/www.echosens.com\/wp-content\/uploads\/2025\/12\/Relations-clients-3-300x136.png 300w, https:\/\/www.echosens.com\/wp-content\/uploads\/2025\/12\/Relations-clients-3.png 742w\" sizes=\"auto, (max-width: 589px) 100vw, 589px\" \/>\n<img loading=\"lazy\" decoding=\"async\" class=\"alignnone  wp-image-232746\" src=\"https:\/\/www.echosens.com\/wp-content\/uploads\/2025\/12\/Relations-clients-4-300x196.png\" alt=\"\" width=\"587\" height=\"383\" srcset=\"https:\/\/www.echosens.com\/wp-content\/uploads\/2025\/12\/Relations-clients-4-300x196.png 300w, https:\/\/www.echosens.com\/wp-content\/uploads\/2025\/12\/Relations-clients-4.png 739w\" sizes=\"auto, (max-width: 587px) 100vw, 587px\" \/>\n<img loading=\"lazy\" decoding=\"async\" class=\"alignnone  wp-image-232748\" src=\"https:\/\/www.echosens.com\/wp-content\/uploads\/2025\/12\/Relations-clients-5-300x166.png\" alt=\"\" width=\"591\" height=\"327\" srcset=\"https:\/\/www.echosens.com\/wp-content\/uploads\/2025\/12\/Relations-clients-5-300x166.png 300w, https:\/\/www.echosens.com\/wp-content\/uploads\/2025\/12\/Relations-clients-5.png 739w\" sizes=\"auto, (max-width: 591px) 100vw, 591px\" \/>\n<img loading=\"lazy\" decoding=\"async\" class=\"alignnone  wp-image-232749\" src=\"https:\/\/www.echosens.com\/wp-content\/uploads\/2025\/12\/Relations-clients-6-285x300.png\" alt=\"\" width=\"589\" height=\"620\" srcset=\"https:\/\/www.echosens.com\/wp-content\/uploads\/2025\/12\/Relations-clients-6-285x300.png 285w, https:\/\/www.echosens.com\/wp-content\/uploads\/2025\/12\/Relations-clients-6.png 742w\" sizes=\"auto, (max-width: 589px) 100vw, 589px\" \/>\n<img loading=\"lazy\" decoding=\"async\" class=\"alignnone  wp-image-232750\" src=\"https:\/\/www.echosens.com\/wp-content\/uploads\/2025\/12\/Relations-clients-7-300x147.png\" alt=\"\" width=\"590\" height=\"289\" srcset=\"https:\/\/www.echosens.com\/wp-content\/uploads\/2025\/12\/Relations-clients-7-300x147.png 300w, https:\/\/www.echosens.com\/wp-content\/uploads\/2025\/12\/Relations-clients-7.png 739w\" sizes=\"auto, (max-width: 590px) 100vw, 590px\" \/>\n<img loading=\"lazy\" decoding=\"async\" class=\"alignnone  wp-image-232752\" src=\"https:\/\/www.echosens.com\/wp-content\/uploads\/2025\/12\/Relations-clients-8-300x145.png\" alt=\"\" width=\"593\" height=\"287\" srcset=\"https:\/\/www.echosens.com\/wp-content\/uploads\/2025\/12\/Relations-clients-8-300x145.png 300w, https:\/\/www.echosens.com\/wp-content\/uploads\/2025\/12\/Relations-clients-8.png 741w\" sizes=\"auto, (max-width: 593px) 100vw, 593px\" \/>\n<img loading=\"lazy\" decoding=\"async\" class=\"alignnone  wp-image-232753\" src=\"https:\/\/www.echosens.com\/wp-content\/uploads\/2025\/12\/Relations-clients-9-300x132.png\" alt=\"\" width=\"597\" height=\"263\" srcset=\"https:\/\/www.echosens.com\/wp-content\/uploads\/2025\/12\/Relations-clients-9-300x132.png 300w, https:\/\/www.echosens.com\/wp-content\/uploads\/2025\/12\/Relations-clients-9.png 745w\" sizes=\"auto, (max-width: 597px) 100vw, 597px\" \/>\n<p>&nbsp;<\/p>\n<h2><strong>Destinataires des donn\u00e9es \u00e0 caract\u00e8re personnel<\/strong><\/h2>\n<p>Echosens est susceptible de communiquer les Donn\u00e9es \u00e0 caract\u00e8re personnel des Personnes Concern\u00e9es \u00e0 des Destinataires autoris\u00e9s et soumis \u00e0 une obligation appropri\u00e9e de confidentialit\u00e9, qui peuvent \u00eatre internes ou externes selon les cas :<\/p>\n<ul>\n<li>Les destinataires internes sont tous les membres du personnel d\u2019Echosens dont les attributions, fonctions et missions justifient qu\u2019ils traitent les Donn\u00e9es \u00e0 caract\u00e8re personnel des Personnes Concern\u00e9es (service client, service commercial, service facturation &amp; comptabilit\u00e9, etc.) pour les seules finalit\u00e9s pr\u00e9vues par la pr\u00e9sente Politique de confidentialit\u00e9 et dans le cadre des mesures techniques et organisationnelles mises en \u0153uvre par Echosens pour pr\u00e9server la confidentialit\u00e9 et la s\u00e9curit\u00e9 des Donn\u00e9es \u00e0 caract\u00e8re personnel ;<\/li>\n<li>Les destinataires externes sont, selon la finalit\u00e9, les suivants :<br \/>\n&#8211; Les \u00e9ventuels prestataires de services ou Sous-traitants auxquels Echosens est susceptible de recourir dans le cadre des traitements susvis\u00e9s (exemple : prestataire d\u2019h\u00e9bergement du site web pour les Internautes) ;<br \/>\n&#8211; Les entit\u00e9s charg\u00e9es du conseil, de l\u2019audit (y compris audit de licences) et du contr\u00f4le financier d\u2019Echosens (commissaire aux comptes, avocats, auditeurs) ;<br \/>\n&#8211; Les autorit\u00e9s administratives ou judiciaires dans le cadre de leurs attributions ;<br \/>\n&#8211; En cas de projet de lev\u00e9e de fonds, d\u2019acquisition ou de cession d\u2019une activit\u00e9 ou d\u2019actifs d\u2019Echosens par quelque moyen que ce soit y compris par cession de l\u2019entreprise exer\u00e7ant cette activit\u00e9 ou poss\u00e9dant ces actifs, le ou les acqu\u00e9reurs potentiels et leurs conseils dans le cadre d\u2019un audit pr\u00e9c\u00e9dent l\u2019op\u00e9ration.<br \/>\n&#8211; En cas d\u2019acquisition par un tiers, les Donn\u00e9es \u00e0 caract\u00e8re personnel des Personnes Concern\u00e9es, si les contrats qui lient les personnes morales \u00e0 qui elles sont rattach\u00e9s sont transf\u00e9r\u00e9s \u00e0 l\u2019acqu\u00e9reur, feront partie des actifs transf\u00e9r\u00e9s et seront \u00e0 ce titre trait\u00e9es par l\u2019acqu\u00e9reur qui agira en qualit\u00e9 de nouveau Responsable de traitement en vertu de sa propre politique de confidentialit\u00e9.<\/li>\n<\/ul>\n<p>&nbsp;<\/p>\n<h2><strong>Destinataires des donn\u00e9es \u00e0 caract\u00e8re personnel<\/strong><\/h2>\n<p>Conform\u00e9ment \u00e0 la R\u00e8glementation applicable, les Personnes Concern\u00e9es ont :<\/p>\n<ul>\n<li>Le droit d\u2019acc\u00e9der \u00e0 leurs Donn\u00e9es \u00e0 caract\u00e8re personnel ;<\/li>\n<li>Le droit d&rsquo;obtenir la rectification de leurs Donn\u00e9es \u00e0 caract\u00e8re personnel, lorsqu&rsquo;elles sont inexactes;<\/li>\n<li>Le droit de s&rsquo;opposer \u00e0 un traitement de Donn\u00e9es \u00e0 caract\u00e8re personnel la concernant fond\u00e9 sur l&rsquo;int\u00e9r\u00eat l\u00e9gitime d&rsquo;Echosens ;<\/li>\n<li>Le droit d&rsquo;obtenir l&rsquo;effacement de leurs Donn\u00e9es \u00e0 caract\u00e8re personnel dans les conditions l\u00e9gales.<\/li>\n<li>Le droit \u00e0 la limitation du traitement, le cas \u00e9ch\u00e9ant.<\/li>\n<li>Les Personnes Concern\u00e9es disposent \u00e9galement du droit de formuler des directives relatives au traitement de leurs donn\u00e9es apr\u00e8s leur d\u00e9c\u00e8s.<\/li>\n<li>Les Personnes Concern\u00e9es peuvent exercer les droits pr\u00e9cit\u00e9s en contactant Echosens par courrier \u00e0 l\u2019adresse suivante : Echosens, 6 rue Ferrus, 75014 Paris, ou par email \u00e0 l\u2019adresse suivante : dpo@echosens.com<\/li>\n<\/ul>\n<p>La demande de la Personne Concern\u00e9e doit \u00e9maner de cette derni\u00e8re (sauf mandat donn\u00e9 \u00e0 un tiers en bonne et due forme) et \u00eatre la plus claire et exhaustive possible afin de permettre \u00e0 Echosens d\u2019y r\u00e9pondre dans les meilleurs d\u00e9lais, compris entre un et trois mois selon son niveau de complexit\u00e9.<\/p>\n<p>\nEchosens pourra \u00e9ventuellement demander \u00e0 la Personne Concern\u00e9e de compl\u00e9ter sa demande si elle n&rsquo;est pas suffisamment pr\u00e9cise, que le droit qu\u2019elle souhaite exercer n\u2019est pas facilement identifiable ou qu\u2019elle ne parvient pas \u00e0 \u00e9tablir son identit\u00e9, auquel cas Echosens peut \u00eatre amen\u00e9e \u00e0 lui demander de fournir des informations compl\u00e9mentaires et notamment un justificatif d\u2019identit\u00e9, qui serait supprim\u00e9 apr\u00e8s v\u00e9rification de son identit\u00e9.<\/p>\n<p>\nEn outre, Echosens ne sera pas tenue de r\u00e9pondre \u00e0 la demande de la Personne Concern\u00e9e si elle pr\u00e9sente un caract\u00e8re manifestement infond\u00e9 ou excessif, et notamment si elle formule des demandes r\u00e9p\u00e9titives ou trop complexes \u00e0 traiter qui auraient pour objet ou pour effet de d\u00e9stabiliser les activit\u00e9s d\u2019Echosens ou encore de d\u00e9voyer l\u2019objet des droits des personnes \u00e0 l\u2019\u00e9gard de leurs donn\u00e9es.<\/p>\n<p>&nbsp;<\/p>\n<h2>Transfert des donn\u00e9es \u00e0 caract\u00e8re personnel \u00e0 l\u2019\u00e9tranger<\/h2>\n<p>Les Donn\u00e9es \u00e0 caract\u00e8re personnel des Personnes Concern\u00e9es peuvent faire l\u2019objet de transferts vers des pays ne faisant pas partie de l&rsquo;Espace \u00e9conomique europ\u00e9en. Dans cette situation, Echosens met en \u0153uvre des garanties appropri\u00e9es telles que des clauses contractuelles types (CCT).<\/p>\n<p>&nbsp;<\/p>\n<h2><strong>S\u00e9curit\u00e9<\/strong><\/h2>\n<p>Echosens met en \u0153uvre les mesures techniques et organisationnelles de s\u00e9curit\u00e9 appropri\u00e9es pour afin de garantir un niveau de s\u00e9curit\u00e9 adapt\u00e9 au risque.<\/p>\n<p>\nLorsqu\u2019Echosens recourt \u00e0 des sous-traitants, c\u2019est-\u00e0-dire des prestataires \u00e0 qui elle a d\u00e9l\u00e9gu\u00e9 tout ou partie d\u2019un Traitement et qui traitent les Donn\u00e9es \u00e0 caract\u00e8re personnel des Personnes Concern\u00e9es conform\u00e9ment \u00e0 ses instructions, Echosens s\u2019engage \u00e0 leur imposer contractuellement des garanties de s\u00e9curit\u00e9 analogues \u00e0 celles qu\u2019elle met en \u0153uvre pour prot\u00e9ger leurs Donn\u00e9es \u00e0 caract\u00e8re personnel et se r\u00e9serve le droit de proc\u00e9der \u00e0 un audit aupr\u00e8s d\u2019eux afin de s\u2019assurer du respect de leurs obligations.<\/p>\n<p>&nbsp;<\/p>\n<h2><strong>Mise \u00e0 jour de la politique<\/strong><\/h2>\n<p>Echosens est susceptible de modifier, compl\u00e9ter ou mettre \u00e0 jour \u00e0 tout moment la pr\u00e9sente politique pour tenir compte d\u2019une \u00e9volution l\u00e9gale, r\u00e8glementaire et\/ou jurisprudentielle, d\u2019une modification des caract\u00e9ristiques des Traitements ou de la mise en \u0153uvre d\u2019un nouveau Traitement. Toute nouvelle version de la pr\u00e9sente politique sera port\u00e9e \u00e0 la connaissance des Personnes Concern\u00e9es par tout moyen au choix d\u2019Echosens.<\/p>\n<p>&nbsp;<\/p>\n<h2><strong>Contacts<\/strong><\/h2>\n<p>Les Personnes Concern\u00e9es peuvent adresser au DPO d&rsquo;Echosens toute question ou r\u00e9clamation relative \u00e0 la pr\u00e9sente politique ou lui faire part de recommandations ou de commentaires relatifs \u00e0 cette derni\u00e8re par \u00e9crit aux coordonn\u00e9es suivantes :<\/p>\n<ul>\n<li>Par courrier : Echosens, 6 rue Ferrus, 75014 Paris<\/li>\n<li>Par email : dpo@echosens.com<\/li>\n<\/ul>\n<p>Les Personnes Concern\u00e9es peuvent \u00e9galement poser toute question \u00e0 la CNIL ou introduire une plainte aupr\u00e8s de cette derni\u00e8re \u00e0 l\u2019adresse suivante : Service des plaintes de la Cnil, 3 place de Fontenoy \u2013 TSA 80751, 75334 Paris Cedex 07 ou par t\u00e9l\u00e9phone au 01.53.73.22.22 ou en ligne en cliquant sur le lien suivant : https:\/\/www.cnil.fr\/fr\/plaintes<\/p>\n","protected":false},"excerpt":{"rendered":"<p>Mise \u00e0 jour Oct. 2025. &nbsp; Introduction La pr\u00e9sente politique couvre le traitement des donn\u00e9es \u00e0 caract\u00e8re personnel effectu\u00e9 par Echosens dans le cadre de ses activit\u00e9s de commercialisation de dispositifs m\u00e9dicaux et d\u2019offres de services associ\u00e9es. Elle s\u2019adresse \u00e0 ses clients (\u00ab Clients \u00bb), ses prospects (\u00ab Prospects \u00bb), ses prestataires (\u00ab Prestataires \u00bb), [&hellip;]<\/p>\n","protected":false},"author":1,"featured_media":0,"parent":0,"menu_order":0,"comment_status":"closed","ping_status":"closed","template":"templates\/cms.php","meta":{"_acf_changed":false,"_searchwp_excluded":"","footnotes":""},"class_list":["post-2944","page","type-page","status-publish","hentry"],"acf":[],"yoast_head":"<!-- This site is optimized with the Yoast SEO plugin v27.2 - https:\/\/yoast.com\/product\/yoast-seo-wordpress\/ -->\n<title>Politique de Confidentialit\u00e9 - Echosens<\/title>\n<meta name=\"description\" content=\"La politique de confidentialit\u00e9 d&#039;Echosens exprime l&#039;engagement d&#039;Echosens, soci\u00e9t\u00e9 immatricul\u00e9e au registre du commerce et des soci\u00e9t\u00e9s de Paris.\" \/>\n<meta name=\"robots\" content=\"index, follow, max-snippet:-1, max-image-preview:large, max-video-preview:-1\" \/>\n<link rel=\"canonical\" href=\"https:\/\/www.echosens.com\/fr\/donnees-personnelles\/\" \/>\n<meta property=\"og:locale\" content=\"fr_FR\" \/>\n<meta property=\"og:type\" content=\"article\" \/>\n<meta property=\"og:title\" content=\"Politique de Confidentialit\u00e9 - Echosens\" \/>\n<meta property=\"og:description\" content=\"La politique de confidentialit\u00e9 d&#039;Echosens exprime l&#039;engagement d&#039;Echosens, soci\u00e9t\u00e9 immatricul\u00e9e au registre du commerce et des soci\u00e9t\u00e9s de Paris.\" \/>\n<meta property=\"og:url\" content=\"https:\/\/www.echosens.com\/fr\/donnees-personnelles\/\" \/>\n<meta property=\"og:site_name\" content=\"Echosens\" \/>\n<meta property=\"article:publisher\" content=\"https:\/\/www.facebook.com\/fibroscan.echosens\" \/>\n<meta property=\"article:modified_time\" content=\"2025-12-01T10:42:43+00:00\" \/>\n<meta property=\"og:image\" content=\"https:\/\/www.echosens.com\/wp-content\/uploads\/2025\/12\/Relations-clients-1-.png\" \/>\n\t<meta property=\"og:image:width\" content=\"739\" \/>\n\t<meta property=\"og:image:height\" content=\"445\" \/>\n\t<meta property=\"og:image:type\" content=\"image\/png\" \/>\n<meta name=\"twitter:card\" content=\"summary_large_image\" \/>\n<meta name=\"twitter:site\" content=\"@Echosens\" \/>\n<meta name=\"twitter:label1\" content=\"Dur\u00e9e de lecture estim\u00e9e\" \/>\n\t<meta name=\"twitter:data1\" content=\"8 minutes\" \/>\n<script type=\"application\/ld+json\" class=\"yoast-schema-graph\">{\"@context\":\"https:\/\/schema.org\",\"@graph\":[{\"@type\":\"WebPage\",\"@id\":\"https:\/\/www.echosens.com\/fr\/donnees-personnelles\/\",\"url\":\"https:\/\/www.echosens.com\/fr\/donnees-personnelles\/\",\"name\":\"Politique de Confidentialit\u00e9 - Echosens\",\"isPartOf\":{\"@id\":\"https:\/\/www.echosens.com\/fr\/#website\"},\"primaryImageOfPage\":{\"@id\":\"https:\/\/www.echosens.com\/fr\/donnees-personnelles\/#primaryimage\"},\"image\":{\"@id\":\"https:\/\/www.echosens.com\/fr\/donnees-personnelles\/#primaryimage\"},\"thumbnailUrl\":\"https:\/\/www.echosens.com\/wp-content\/uploads\/2025\/12\/Relations-clients-1--300x181.png\",\"datePublished\":\"2020-12-30T10:42:07+00:00\",\"dateModified\":\"2025-12-01T10:42:43+00:00\",\"description\":\"La politique de confidentialit\u00e9 d'Echosens exprime l'engagement d'Echosens, soci\u00e9t\u00e9 immatricul\u00e9e au registre du commerce et des soci\u00e9t\u00e9s de Paris.\",\"breadcrumb\":{\"@id\":\"https:\/\/www.echosens.com\/fr\/donnees-personnelles\/#breadcrumb\"},\"inLanguage\":\"fr-FR\",\"potentialAction\":[{\"@type\":\"ReadAction\",\"target\":[\"https:\/\/www.echosens.com\/fr\/donnees-personnelles\/\"]}]},{\"@type\":\"ImageObject\",\"inLanguage\":\"fr-FR\",\"@id\":\"https:\/\/www.echosens.com\/fr\/donnees-personnelles\/#primaryimage\",\"url\":\"https:\/\/www.echosens.com\/wp-content\/uploads\/2025\/12\/Relations-clients-1--300x181.png\",\"contentUrl\":\"https:\/\/www.echosens.com\/wp-content\/uploads\/2025\/12\/Relations-clients-1--300x181.png\"},{\"@type\":\"BreadcrumbList\",\"@id\":\"https:\/\/www.echosens.com\/fr\/donnees-personnelles\/#breadcrumb\",\"itemListElement\":[{\"@type\":\"ListItem\",\"position\":1,\"name\":\"Home\",\"item\":\"https:\/\/www.echosens.com\/fr\/\"},{\"@type\":\"ListItem\",\"position\":2,\"name\":\"Politique de Confidentialit\u00e9\"}]},{\"@type\":\"WebSite\",\"@id\":\"https:\/\/www.echosens.com\/fr\/#website\",\"url\":\"https:\/\/www.echosens.com\/fr\/\",\"name\":\"Echosens\",\"description\":\"Un site utilisant WordPress\",\"publisher\":{\"@id\":\"https:\/\/www.echosens.com\/fr\/#organization\"},\"potentialAction\":[{\"@type\":\"SearchAction\",\"target\":{\"@type\":\"EntryPoint\",\"urlTemplate\":\"https:\/\/www.echosens.com\/fr\/?s={search_term_string}\"},\"query-input\":{\"@type\":\"PropertyValueSpecification\",\"valueRequired\":true,\"valueName\":\"search_term_string\"}}],\"inLanguage\":\"fr-FR\"},{\"@type\":\"Organization\",\"@id\":\"https:\/\/www.echosens.com\/fr\/#organization\",\"name\":\"ECHOSENS\",\"url\":\"https:\/\/www.echosens.com\/fr\/\",\"logo\":{\"@type\":\"ImageObject\",\"inLanguage\":\"fr-FR\",\"@id\":\"https:\/\/www.echosens.com\/fr\/#\/schema\/logo\/image\/\",\"url\":\"https:\/\/www.echosens.com\/wp-content\/uploads\/2020\/12\/logo.svg\",\"contentUrl\":\"https:\/\/www.echosens.com\/wp-content\/uploads\/2020\/12\/logo.svg\",\"width\":1,\"height\":1,\"caption\":\"ECHOSENS\"},\"image\":{\"@id\":\"https:\/\/www.echosens.com\/fr\/#\/schema\/logo\/image\/\"},\"sameAs\":[\"https:\/\/www.facebook.com\/fibroscan.echosens\",\"https:\/\/x.com\/Echosens\",\"https:\/\/www.linkedin.com\/company\/echosens\/\",\"https:\/\/www.youtube.com\/channel\/UC1myqoq18t1dKPTz0u1eEgg\"]}]}<\/script>\n<!-- \/ Yoast SEO plugin. -->","yoast_head_json":{"title":"Politique de Confidentialit\u00e9 - Echosens","description":"La politique de confidentialit\u00e9 d'Echosens exprime l'engagement d'Echosens, soci\u00e9t\u00e9 immatricul\u00e9e au registre du commerce et des soci\u00e9t\u00e9s de Paris.","robots":{"index":"index","follow":"follow","max-snippet":"max-snippet:-1","max-image-preview":"max-image-preview:large","max-video-preview":"max-video-preview:-1"},"canonical":"https:\/\/www.echosens.com\/fr\/donnees-personnelles\/","og_locale":"fr_FR","og_type":"article","og_title":"Politique de Confidentialit\u00e9 - Echosens","og_description":"La politique de confidentialit\u00e9 d'Echosens exprime l'engagement d'Echosens, soci\u00e9t\u00e9 immatricul\u00e9e au registre du commerce et des soci\u00e9t\u00e9s de Paris.","og_url":"https:\/\/www.echosens.com\/fr\/donnees-personnelles\/","og_site_name":"Echosens","article_publisher":"https:\/\/www.facebook.com\/fibroscan.echosens","article_modified_time":"2025-12-01T10:42:43+00:00","og_image":[{"width":739,"height":445,"url":"https:\/\/www.echosens.com\/wp-content\/uploads\/2025\/12\/Relations-clients-1-.png","type":"image\/png"}],"twitter_card":"summary_large_image","twitter_site":"@Echosens","twitter_misc":{"Dur\u00e9e de lecture estim\u00e9e":"8 minutes"},"schema":{"@context":"https:\/\/schema.org","@graph":[{"@type":"WebPage","@id":"https:\/\/www.echosens.com\/fr\/donnees-personnelles\/","url":"https:\/\/www.echosens.com\/fr\/donnees-personnelles\/","name":"Politique de Confidentialit\u00e9 - Echosens","isPartOf":{"@id":"https:\/\/www.echosens.com\/fr\/#website"},"primaryImageOfPage":{"@id":"https:\/\/www.echosens.com\/fr\/donnees-personnelles\/#primaryimage"},"image":{"@id":"https:\/\/www.echosens.com\/fr\/donnees-personnelles\/#primaryimage"},"thumbnailUrl":"https:\/\/www.echosens.com\/wp-content\/uploads\/2025\/12\/Relations-clients-1--300x181.png","datePublished":"2020-12-30T10:42:07+00:00","dateModified":"2025-12-01T10:42:43+00:00","description":"La politique de confidentialit\u00e9 d'Echosens exprime l'engagement d'Echosens, soci\u00e9t\u00e9 immatricul\u00e9e au registre du commerce et des soci\u00e9t\u00e9s de Paris.","breadcrumb":{"@id":"https:\/\/www.echosens.com\/fr\/donnees-personnelles\/#breadcrumb"},"inLanguage":"fr-FR","potentialAction":[{"@type":"ReadAction","target":["https:\/\/www.echosens.com\/fr\/donnees-personnelles\/"]}]},{"@type":"ImageObject","inLanguage":"fr-FR","@id":"https:\/\/www.echosens.com\/fr\/donnees-personnelles\/#primaryimage","url":"https:\/\/www.echosens.com\/wp-content\/uploads\/2025\/12\/Relations-clients-1--300x181.png","contentUrl":"https:\/\/www.echosens.com\/wp-content\/uploads\/2025\/12\/Relations-clients-1--300x181.png"},{"@type":"BreadcrumbList","@id":"https:\/\/www.echosens.com\/fr\/donnees-personnelles\/#breadcrumb","itemListElement":[{"@type":"ListItem","position":1,"name":"Home","item":"https:\/\/www.echosens.com\/fr\/"},{"@type":"ListItem","position":2,"name":"Politique de Confidentialit\u00e9"}]},{"@type":"WebSite","@id":"https:\/\/www.echosens.com\/fr\/#website","url":"https:\/\/www.echosens.com\/fr\/","name":"Echosens","description":"Un site utilisant WordPress","publisher":{"@id":"https:\/\/www.echosens.com\/fr\/#organization"},"potentialAction":[{"@type":"SearchAction","target":{"@type":"EntryPoint","urlTemplate":"https:\/\/www.echosens.com\/fr\/?s={search_term_string}"},"query-input":{"@type":"PropertyValueSpecification","valueRequired":true,"valueName":"search_term_string"}}],"inLanguage":"fr-FR"},{"@type":"Organization","@id":"https:\/\/www.echosens.com\/fr\/#organization","name":"ECHOSENS","url":"https:\/\/www.echosens.com\/fr\/","logo":{"@type":"ImageObject","inLanguage":"fr-FR","@id":"https:\/\/www.echosens.com\/fr\/#\/schema\/logo\/image\/","url":"https:\/\/www.echosens.com\/wp-content\/uploads\/2020\/12\/logo.svg","contentUrl":"https:\/\/www.echosens.com\/wp-content\/uploads\/2020\/12\/logo.svg","width":1,"height":1,"caption":"ECHOSENS"},"image":{"@id":"https:\/\/www.echosens.com\/fr\/#\/schema\/logo\/image\/"},"sameAs":["https:\/\/www.facebook.com\/fibroscan.echosens","https:\/\/x.com\/Echosens","https:\/\/www.linkedin.com\/company\/echosens\/","https:\/\/www.youtube.com\/channel\/UC1myqoq18t1dKPTz0u1eEgg"]}]}},"_links":{"self":[{"href":"https:\/\/www.echosens.com\/fr\/wp-json\/wp\/v2\/pages\/2944","targetHints":{"allow":["GET"]}}],"collection":[{"href":"https:\/\/www.echosens.com\/fr\/wp-json\/wp\/v2\/pages"}],"about":[{"href":"https:\/\/www.echosens.com\/fr\/wp-json\/wp\/v2\/types\/page"}],"author":[{"embeddable":true,"href":"https:\/\/www.echosens.com\/fr\/wp-json\/wp\/v2\/users\/1"}],"replies":[{"embeddable":true,"href":"https:\/\/www.echosens.com\/fr\/wp-json\/wp\/v2\/comments?post=2944"}],"version-history":[{"count":32,"href":"https:\/\/www.echosens.com\/fr\/wp-json\/wp\/v2\/pages\/2944\/revisions"}],"predecessor-version":[{"id":232757,"href":"https:\/\/www.echosens.com\/fr\/wp-json\/wp\/v2\/pages\/2944\/revisions\/232757"}],"wp:attachment":[{"href":"https:\/\/www.echosens.com\/fr\/wp-json\/wp\/v2\/media?parent=2944"}],"curies":[{"name":"wp","href":"https:\/\/api.w.org\/{rel}","templated":true}]}}