{"id":231332,"date":"2025-07-10T09:47:07","date_gmt":"2025-07-10T07:47:07","guid":{"rendered":"https:\/\/www.echosens.com\/?page_id=231332"},"modified":"2025-07-22T14:04:00","modified_gmt":"2025-07-22T12:04:00","slug":"screening-fibrosi-associata-masld-retinica-diabete-tipo-2","status":"publish","type":"page","link":"https:\/\/www.echosens.com\/it\/screening-fibrosi-associata-masld-retinica-diabete-tipo-2\/","title":{"rendered":"Screening della fibrosi epatica avanzata associata alla MASLD in concomitanza con la scansione retinica nei pazienti con diabete di tipo 2"},"content":{"rendered":"","protected":false},"excerpt":{"rendered":"","protected":false},"author":13,"featured_media":0,"parent":0,"menu_order":0,"comment_status":"closed","ping_status":"closed","template":"templates\/modular.php","meta":{"_acf_changed":false,"_searchwp_excluded":"","footnotes":""},"class_list":["post-231332","page","type-page","status-publish","hentry"],"acf":[],"yoast_head":"<!-- This site is optimized with the Yoast SEO plugin v27.2 - https:\/\/yoast.com\/product\/yoast-seo-wordpress\/ -->\n<title>FIB4 and LSM has excellent diagnostic performance in screening with advanced fibrosis - Echosens<\/title>\n<meta name=\"description\" content=\"D\u00e9pistage de la fibrose h\u00e9patique avanc\u00e9e due \u00e0 une MASLD, associ\u00e9 \u00e0 un examen de la r\u00e9tine chez les patients DT2.\" \/>\n<meta name=\"robots\" content=\"index, follow, max-snippet:-1, max-image-preview:large, max-video-preview:-1\" \/>\n<link rel=\"canonical\" href=\"https:\/\/www.echosens.com\/it\/screening-fibrosi-associata-masld-retinica-diabete-tipo-2\/\" \/>\n<meta property=\"og:locale\" content=\"it_IT\" \/>\n<meta property=\"og:type\" content=\"article\" \/>\n<meta property=\"og:title\" content=\"FIB4 and LSM has excellent diagnostic performance in screening with advanced fibrosis - Echosens\" \/>\n<meta property=\"og:description\" content=\"D\u00e9pistage de la fibrose h\u00e9patique avanc\u00e9e due \u00e0 une MASLD, associ\u00e9 \u00e0 un examen de la r\u00e9tine chez les patients DT2.\" \/>\n<meta property=\"og:url\" content=\"https:\/\/www.echosens.com\/it\/screening-fibrosi-associata-masld-retinica-diabete-tipo-2\/\" \/>\n<meta property=\"og:site_name\" content=\"Echosens\" \/>\n<meta property=\"article:publisher\" content=\"https:\/\/www.facebook.com\/fibroscan.echosens\" \/>\n<meta property=\"article:modified_time\" content=\"2025-07-22T12:04:00+00:00\" \/>\n<meta name=\"twitter:card\" content=\"summary_large_image\" \/>\n<meta name=\"twitter:site\" content=\"@Echosens\" \/>\n<script type=\"application\/ld+json\" class=\"yoast-schema-graph\">{\"@context\":\"https:\/\/schema.org\",\"@graph\":[{\"@type\":\"WebPage\",\"@id\":\"https:\/\/www.echosens.com\/it\/screening-fibrosi-associata-masld-retinica-diabete-tipo-2\/\",\"url\":\"https:\/\/www.echosens.com\/it\/screening-fibrosi-associata-masld-retinica-diabete-tipo-2\/\",\"name\":\"FIB4 and LSM has excellent diagnostic performance in screening with advanced fibrosis - Echosens\",\"isPartOf\":{\"@id\":\"https:\/\/www.echosens.com\/it\/#website\"},\"datePublished\":\"2025-07-10T07:47:07+00:00\",\"dateModified\":\"2025-07-22T12:04:00+00:00\",\"description\":\"D\u00e9pistage de la fibrose h\u00e9patique avanc\u00e9e due \u00e0 une MASLD, associ\u00e9 \u00e0 un examen de la r\u00e9tine chez les patients DT2.\",\"breadcrumb\":{\"@id\":\"https:\/\/www.echosens.com\/it\/screening-fibrosi-associata-masld-retinica-diabete-tipo-2\/#breadcrumb\"},\"inLanguage\":\"it-IT\",\"potentialAction\":[{\"@type\":\"ReadAction\",\"target\":[\"https:\/\/www.echosens.com\/it\/screening-fibrosi-associata-masld-retinica-diabete-tipo-2\/\"]}]},{\"@type\":\"BreadcrumbList\",\"@id\":\"https:\/\/www.echosens.com\/it\/screening-fibrosi-associata-masld-retinica-diabete-tipo-2\/#breadcrumb\",\"itemListElement\":[{\"@type\":\"ListItem\",\"position\":1,\"name\":\"Home\",\"item\":\"https:\/\/www.echosens.com\/it\/\"},{\"@type\":\"ListItem\",\"position\":2,\"name\":\"Screening della fibrosi epatica avanzata associata alla MASLD in concomitanza con la scansione retinica nei pazienti con diabete di tipo 2\"}]},{\"@type\":\"WebSite\",\"@id\":\"https:\/\/www.echosens.com\/it\/#website\",\"url\":\"https:\/\/www.echosens.com\/it\/\",\"name\":\"Echosens\",\"description\":\"Un site utilisant WordPress\",\"publisher\":{\"@id\":\"https:\/\/www.echosens.com\/it\/#organization\"},\"potentialAction\":[{\"@type\":\"SearchAction\",\"target\":{\"@type\":\"EntryPoint\",\"urlTemplate\":\"https:\/\/www.echosens.com\/it\/?s={search_term_string}\"},\"query-input\":{\"@type\":\"PropertyValueSpecification\",\"valueRequired\":true,\"valueName\":\"search_term_string\"}}],\"inLanguage\":\"it-IT\"},{\"@type\":\"Organization\",\"@id\":\"https:\/\/www.echosens.com\/it\/#organization\",\"name\":\"ECHOSENS\",\"url\":\"https:\/\/www.echosens.com\/it\/\",\"logo\":{\"@type\":\"ImageObject\",\"inLanguage\":\"it-IT\",\"@id\":\"https:\/\/www.echosens.com\/it\/#\/schema\/logo\/image\/\",\"url\":\"https:\/\/www.echosens.com\/wp-content\/uploads\/2020\/12\/logo.svg\",\"contentUrl\":\"https:\/\/www.echosens.com\/wp-content\/uploads\/2020\/12\/logo.svg\",\"width\":1,\"height\":1,\"caption\":\"ECHOSENS\"},\"image\":{\"@id\":\"https:\/\/www.echosens.com\/it\/#\/schema\/logo\/image\/\"},\"sameAs\":[\"https:\/\/www.facebook.com\/fibroscan.echosens\",\"https:\/\/x.com\/Echosens\",\"https:\/\/www.linkedin.com\/company\/echosens\/\",\"https:\/\/www.youtube.com\/channel\/UC1myqoq18t1dKPTz0u1eEgg\"]}]}<\/script>\n<!-- \/ Yoast SEO plugin. -->","yoast_head_json":{"title":"FIB4 and LSM has excellent diagnostic performance in screening with advanced fibrosis - Echosens","description":"D\u00e9pistage de la fibrose h\u00e9patique avanc\u00e9e due \u00e0 une MASLD, associ\u00e9 \u00e0 un examen de la r\u00e9tine chez les patients DT2.","robots":{"index":"index","follow":"follow","max-snippet":"max-snippet:-1","max-image-preview":"max-image-preview:large","max-video-preview":"max-video-preview:-1"},"canonical":"https:\/\/www.echosens.com\/it\/screening-fibrosi-associata-masld-retinica-diabete-tipo-2\/","og_locale":"it_IT","og_type":"article","og_title":"FIB4 and LSM has excellent diagnostic performance in screening with advanced fibrosis - Echosens","og_description":"D\u00e9pistage de la fibrose h\u00e9patique avanc\u00e9e due \u00e0 une MASLD, associ\u00e9 \u00e0 un examen de la r\u00e9tine chez les patients DT2.","og_url":"https:\/\/www.echosens.com\/it\/screening-fibrosi-associata-masld-retinica-diabete-tipo-2\/","og_site_name":"Echosens","article_publisher":"https:\/\/www.facebook.com\/fibroscan.echosens","article_modified_time":"2025-07-22T12:04:00+00:00","twitter_card":"summary_large_image","twitter_site":"@Echosens","schema":{"@context":"https:\/\/schema.org","@graph":[{"@type":"WebPage","@id":"https:\/\/www.echosens.com\/it\/screening-fibrosi-associata-masld-retinica-diabete-tipo-2\/","url":"https:\/\/www.echosens.com\/it\/screening-fibrosi-associata-masld-retinica-diabete-tipo-2\/","name":"FIB4 and LSM has excellent diagnostic performance in screening with advanced fibrosis - Echosens","isPartOf":{"@id":"https:\/\/www.echosens.com\/it\/#website"},"datePublished":"2025-07-10T07:47:07+00:00","dateModified":"2025-07-22T12:04:00+00:00","description":"D\u00e9pistage de la fibrose h\u00e9patique avanc\u00e9e due \u00e0 une MASLD, associ\u00e9 \u00e0 un examen de la r\u00e9tine chez les patients DT2.","breadcrumb":{"@id":"https:\/\/www.echosens.com\/it\/screening-fibrosi-associata-masld-retinica-diabete-tipo-2\/#breadcrumb"},"inLanguage":"it-IT","potentialAction":[{"@type":"ReadAction","target":["https:\/\/www.echosens.com\/it\/screening-fibrosi-associata-masld-retinica-diabete-tipo-2\/"]}]},{"@type":"BreadcrumbList","@id":"https:\/\/www.echosens.com\/it\/screening-fibrosi-associata-masld-retinica-diabete-tipo-2\/#breadcrumb","itemListElement":[{"@type":"ListItem","position":1,"name":"Home","item":"https:\/\/www.echosens.com\/it\/"},{"@type":"ListItem","position":2,"name":"Screening della fibrosi epatica avanzata associata alla MASLD in concomitanza con la scansione retinica nei pazienti con diabete di tipo 2"}]},{"@type":"WebSite","@id":"https:\/\/www.echosens.com\/it\/#website","url":"https:\/\/www.echosens.com\/it\/","name":"Echosens","description":"Un site utilisant WordPress","publisher":{"@id":"https:\/\/www.echosens.com\/it\/#organization"},"potentialAction":[{"@type":"SearchAction","target":{"@type":"EntryPoint","urlTemplate":"https:\/\/www.echosens.com\/it\/?s={search_term_string}"},"query-input":{"@type":"PropertyValueSpecification","valueRequired":true,"valueName":"search_term_string"}}],"inLanguage":"it-IT"},{"@type":"Organization","@id":"https:\/\/www.echosens.com\/it\/#organization","name":"ECHOSENS","url":"https:\/\/www.echosens.com\/it\/","logo":{"@type":"ImageObject","inLanguage":"it-IT","@id":"https:\/\/www.echosens.com\/it\/#\/schema\/logo\/image\/","url":"https:\/\/www.echosens.com\/wp-content\/uploads\/2020\/12\/logo.svg","contentUrl":"https:\/\/www.echosens.com\/wp-content\/uploads\/2020\/12\/logo.svg","width":1,"height":1,"caption":"ECHOSENS"},"image":{"@id":"https:\/\/www.echosens.com\/it\/#\/schema\/logo\/image\/"},"sameAs":["https:\/\/www.facebook.com\/fibroscan.echosens","https:\/\/x.com\/Echosens","https:\/\/www.linkedin.com\/company\/echosens\/","https:\/\/www.youtube.com\/channel\/UC1myqoq18t1dKPTz0u1eEgg"]}]}},"_links":{"self":[{"href":"https:\/\/www.echosens.com\/it\/wp-json\/wp\/v2\/pages\/231332","targetHints":{"allow":["GET"]}}],"collection":[{"href":"https:\/\/www.echosens.com\/it\/wp-json\/wp\/v2\/pages"}],"about":[{"href":"https:\/\/www.echosens.com\/it\/wp-json\/wp\/v2\/types\/page"}],"author":[{"embeddable":true,"href":"https:\/\/www.echosens.com\/it\/wp-json\/wp\/v2\/users\/13"}],"replies":[{"embeddable":true,"href":"https:\/\/www.echosens.com\/it\/wp-json\/wp\/v2\/comments?post=231332"}],"version-history":[{"count":5,"href":"https:\/\/www.echosens.com\/it\/wp-json\/wp\/v2\/pages\/231332\/revisions"}],"predecessor-version":[{"id":231461,"href":"https:\/\/www.echosens.com\/it\/wp-json\/wp\/v2\/pages\/231332\/revisions\/231461"}],"wp:attachment":[{"href":"https:\/\/www.echosens.com\/it\/wp-json\/wp\/v2\/media?parent=231332"}],"curies":[{"name":"wp","href":"https:\/\/api.w.org\/{rel}","templated":true}]}}