{"id":97320,"date":"2020-12-29T21:36:31","date_gmt":"2020-12-29T20:36:31","guid":{"rendered":"https:\/\/www.echosens.com\/clinical-evidences\/"},"modified":"2026-02-03T14:52:37","modified_gmt":"2026-02-03T13:52:37","slug":"evidenze-cliniche","status":"publish","type":"page","link":"https:\/\/www.echosens.com\/it\/evidenze-cliniche\/","title":{"rendered":"Evidenze cliniche"},"content":{"rendered":"","protected":false},"excerpt":{"rendered":"","protected":false},"author":1,"featured_media":0,"parent":0,"menu_order":0,"comment_status":"closed","ping_status":"closed","template":"templates\/modular.php","meta":{"_acf_changed":false,"_searchwp_excluded":"","footnotes":""},"class_list":["post-97320","page","type-page","status-publish","hentry"],"acf":[],"yoast_head":"<!-- This site is optimized with the Yoast SEO plugin v27.2 - https:\/\/yoast.com\/product\/yoast-seo-wordpress\/ -->\n<title>Evidenze cliniche - ECHOSENS<\/title>\n<meta name=\"description\" content=\"FibroScan\u00ae \u00e8 alimentato da LSM (rigidit\u00e0 epatica), SSM (rigidit\u00e0 della milza) da VCTE\u2122 (elastografia transiente) espressa in kPa e CAP\u2122\" \/>\n<meta name=\"robots\" content=\"index, follow, max-snippet:-1, max-image-preview:large, max-video-preview:-1\" \/>\n<link rel=\"canonical\" href=\"https:\/\/www.echosens.com\/it\/evidenze-cliniche\/\" \/>\n<meta property=\"og:locale\" content=\"it_IT\" \/>\n<meta property=\"og:type\" content=\"article\" \/>\n<meta property=\"og:title\" content=\"Evidenze cliniche - ECHOSENS\" \/>\n<meta property=\"og:description\" content=\"FibroScan\u00ae \u00e8 alimentato da LSM (rigidit\u00e0 epatica), SSM (rigidit\u00e0 della milza) da VCTE\u2122 (elastografia transiente) espressa in kPa e CAP\u2122\" \/>\n<meta property=\"og:url\" content=\"https:\/\/www.echosens.com\/it\/evidenze-cliniche\/\" \/>\n<meta property=\"og:site_name\" content=\"Echosens\" \/>\n<meta property=\"article:publisher\" content=\"https:\/\/www.facebook.com\/fibroscan.echosens\" \/>\n<meta property=\"article:modified_time\" content=\"2026-02-03T13:52:37+00:00\" \/>\n<meta name=\"twitter:card\" content=\"summary_large_image\" \/>\n<meta name=\"twitter:site\" content=\"@Echosens\" \/>\n<script type=\"application\/ld+json\" class=\"yoast-schema-graph\">{\"@context\":\"https:\/\/schema.org\",\"@graph\":[{\"@type\":\"WebPage\",\"@id\":\"https:\/\/www.echosens.com\/it\/evidenze-cliniche\/\",\"url\":\"https:\/\/www.echosens.com\/it\/evidenze-cliniche\/\",\"name\":\"Evidenze cliniche - ECHOSENS\",\"isPartOf\":{\"@id\":\"https:\/\/www.echosens.com\/it\/#website\"},\"datePublished\":\"2020-12-29T20:36:31+00:00\",\"dateModified\":\"2026-02-03T13:52:37+00:00\",\"description\":\"FibroScan\u00ae \u00e8 alimentato da LSM (rigidit\u00e0 epatica), SSM (rigidit\u00e0 della milza) da VCTE\u2122 (elastografia transiente) espressa in kPa e CAP\u2122\",\"breadcrumb\":{\"@id\":\"https:\/\/www.echosens.com\/it\/evidenze-cliniche\/#breadcrumb\"},\"inLanguage\":\"it-IT\",\"potentialAction\":[{\"@type\":\"ReadAction\",\"target\":[\"https:\/\/www.echosens.com\/it\/evidenze-cliniche\/\"]}]},{\"@type\":\"BreadcrumbList\",\"@id\":\"https:\/\/www.echosens.com\/it\/evidenze-cliniche\/#breadcrumb\",\"itemListElement\":[{\"@type\":\"ListItem\",\"position\":1,\"name\":\"Home\",\"item\":\"https:\/\/www.echosens.com\/it\/\"},{\"@type\":\"ListItem\",\"position\":2,\"name\":\"Evidenze cliniche\"}]},{\"@type\":\"WebSite\",\"@id\":\"https:\/\/www.echosens.com\/it\/#website\",\"url\":\"https:\/\/www.echosens.com\/it\/\",\"name\":\"Echosens\",\"description\":\"Un site utilisant WordPress\",\"publisher\":{\"@id\":\"https:\/\/www.echosens.com\/it\/#organization\"},\"potentialAction\":[{\"@type\":\"SearchAction\",\"target\":{\"@type\":\"EntryPoint\",\"urlTemplate\":\"https:\/\/www.echosens.com\/it\/?s={search_term_string}\"},\"query-input\":{\"@type\":\"PropertyValueSpecification\",\"valueRequired\":true,\"valueName\":\"search_term_string\"}}],\"inLanguage\":\"it-IT\"},{\"@type\":\"Organization\",\"@id\":\"https:\/\/www.echosens.com\/it\/#organization\",\"name\":\"ECHOSENS\",\"url\":\"https:\/\/www.echosens.com\/it\/\",\"logo\":{\"@type\":\"ImageObject\",\"inLanguage\":\"it-IT\",\"@id\":\"https:\/\/www.echosens.com\/it\/#\/schema\/logo\/image\/\",\"url\":\"https:\/\/www.echosens.com\/wp-content\/uploads\/2020\/12\/logo.svg\",\"contentUrl\":\"https:\/\/www.echosens.com\/wp-content\/uploads\/2020\/12\/logo.svg\",\"width\":1,\"height\":1,\"caption\":\"ECHOSENS\"},\"image\":{\"@id\":\"https:\/\/www.echosens.com\/it\/#\/schema\/logo\/image\/\"},\"sameAs\":[\"https:\/\/www.facebook.com\/fibroscan.echosens\",\"https:\/\/x.com\/Echosens\",\"https:\/\/www.linkedin.com\/company\/echosens\/\",\"https:\/\/www.youtube.com\/channel\/UC1myqoq18t1dKPTz0u1eEgg\"]}]}<\/script>\n<!-- \/ Yoast SEO plugin. -->","yoast_head_json":{"title":"Evidenze cliniche - ECHOSENS","description":"FibroScan\u00ae \u00e8 alimentato da LSM (rigidit\u00e0 epatica), SSM (rigidit\u00e0 della milza) da VCTE\u2122 (elastografia transiente) espressa in kPa e CAP\u2122","robots":{"index":"index","follow":"follow","max-snippet":"max-snippet:-1","max-image-preview":"max-image-preview:large","max-video-preview":"max-video-preview:-1"},"canonical":"https:\/\/www.echosens.com\/it\/evidenze-cliniche\/","og_locale":"it_IT","og_type":"article","og_title":"Evidenze cliniche - ECHOSENS","og_description":"FibroScan\u00ae \u00e8 alimentato da LSM (rigidit\u00e0 epatica), SSM (rigidit\u00e0 della milza) da VCTE\u2122 (elastografia transiente) espressa in kPa e CAP\u2122","og_url":"https:\/\/www.echosens.com\/it\/evidenze-cliniche\/","og_site_name":"Echosens","article_publisher":"https:\/\/www.facebook.com\/fibroscan.echosens","article_modified_time":"2026-02-03T13:52:37+00:00","twitter_card":"summary_large_image","twitter_site":"@Echosens","schema":{"@context":"https:\/\/schema.org","@graph":[{"@type":"WebPage","@id":"https:\/\/www.echosens.com\/it\/evidenze-cliniche\/","url":"https:\/\/www.echosens.com\/it\/evidenze-cliniche\/","name":"Evidenze cliniche - ECHOSENS","isPartOf":{"@id":"https:\/\/www.echosens.com\/it\/#website"},"datePublished":"2020-12-29T20:36:31+00:00","dateModified":"2026-02-03T13:52:37+00:00","description":"FibroScan\u00ae \u00e8 alimentato da LSM (rigidit\u00e0 epatica), SSM (rigidit\u00e0 della milza) da VCTE\u2122 (elastografia transiente) espressa in kPa e CAP\u2122","breadcrumb":{"@id":"https:\/\/www.echosens.com\/it\/evidenze-cliniche\/#breadcrumb"},"inLanguage":"it-IT","potentialAction":[{"@type":"ReadAction","target":["https:\/\/www.echosens.com\/it\/evidenze-cliniche\/"]}]},{"@type":"BreadcrumbList","@id":"https:\/\/www.echosens.com\/it\/evidenze-cliniche\/#breadcrumb","itemListElement":[{"@type":"ListItem","position":1,"name":"Home","item":"https:\/\/www.echosens.com\/it\/"},{"@type":"ListItem","position":2,"name":"Evidenze cliniche"}]},{"@type":"WebSite","@id":"https:\/\/www.echosens.com\/it\/#website","url":"https:\/\/www.echosens.com\/it\/","name":"Echosens","description":"Un site utilisant WordPress","publisher":{"@id":"https:\/\/www.echosens.com\/it\/#organization"},"potentialAction":[{"@type":"SearchAction","target":{"@type":"EntryPoint","urlTemplate":"https:\/\/www.echosens.com\/it\/?s={search_term_string}"},"query-input":{"@type":"PropertyValueSpecification","valueRequired":true,"valueName":"search_term_string"}}],"inLanguage":"it-IT"},{"@type":"Organization","@id":"https:\/\/www.echosens.com\/it\/#organization","name":"ECHOSENS","url":"https:\/\/www.echosens.com\/it\/","logo":{"@type":"ImageObject","inLanguage":"it-IT","@id":"https:\/\/www.echosens.com\/it\/#\/schema\/logo\/image\/","url":"https:\/\/www.echosens.com\/wp-content\/uploads\/2020\/12\/logo.svg","contentUrl":"https:\/\/www.echosens.com\/wp-content\/uploads\/2020\/12\/logo.svg","width":1,"height":1,"caption":"ECHOSENS"},"image":{"@id":"https:\/\/www.echosens.com\/it\/#\/schema\/logo\/image\/"},"sameAs":["https:\/\/www.facebook.com\/fibroscan.echosens","https:\/\/x.com\/Echosens","https:\/\/www.linkedin.com\/company\/echosens\/","https:\/\/www.youtube.com\/channel\/UC1myqoq18t1dKPTz0u1eEgg"]}]}},"_links":{"self":[{"href":"https:\/\/www.echosens.com\/it\/wp-json\/wp\/v2\/pages\/97320","targetHints":{"allow":["GET"]}}],"collection":[{"href":"https:\/\/www.echosens.com\/it\/wp-json\/wp\/v2\/pages"}],"about":[{"href":"https:\/\/www.echosens.com\/it\/wp-json\/wp\/v2\/types\/page"}],"author":[{"embeddable":true,"href":"https:\/\/www.echosens.com\/it\/wp-json\/wp\/v2\/users\/1"}],"replies":[{"embeddable":true,"href":"https:\/\/www.echosens.com\/it\/wp-json\/wp\/v2\/comments?post=97320"}],"version-history":[{"count":11,"href":"https:\/\/www.echosens.com\/it\/wp-json\/wp\/v2\/pages\/97320\/revisions"}],"predecessor-version":[{"id":287935,"href":"https:\/\/www.echosens.com\/it\/wp-json\/wp\/v2\/pages\/97320\/revisions\/287935"}],"wp:attachment":[{"href":"https:\/\/www.echosens.com\/it\/wp-json\/wp\/v2\/media?parent=97320"}],"curies":[{"name":"wp","href":"https:\/\/api.w.org\/{rel}","templated":true}]}}