{"id":97341,"date":"2020-12-30T11:42:07","date_gmt":"2020-12-30T10:42:07","guid":{"rendered":"https:\/\/www.echosens.com\/privacy-notice\/"},"modified":"2025-10-03T14:49:04","modified_gmt":"2025-10-03T12:49:04","slug":"informativa-sulla-privacy","status":"publish","type":"page","link":"https:\/\/www.echosens.com\/it\/informativa-sulla-privacy\/","title":{"rendered":"Informativa sulla privacy"},"content":{"rendered":"<p>Informativa sulla protezione dei dati raccolti da Echosens sul proprio sito web:\u00a0V2 aggiornata il 15 febbraio 2023<\/p>\n<h2><strong>Introduzione<\/strong><\/h2>\n<p>L\u2019informativa sulla privacy di Echosens esprime l\u2019impegno di Echosens, iscritta al Registro delle imprese e del commercio di Parigi con il numero 438\u00a0209\u00a0157, avente sede legale al 6, rue Ferrus, 75014 Parigi, Francia, agente in veste di titolare del trattamento dei dati, a\u00a0<strong>proteggere i dati personali\u00a0<\/strong>degli utenti (clienti potenziali ed esistenti, fornitori, utenti internet, congiuntamente gli \u201cUtenti\u201d) del sito web di Echosens (\u201cSito web\u201d).<\/p>\n<h2><strong>Finalit\u00e0 dell\u2019informativa<\/strong><\/h2>\n<p>Scopo della presente informativa \u00e8 fornire agli Utenti le informazioni sul trattamento dei loro dati personali raccolti nell\u2019ambito del loro utilizzo del Sito web e sui loro diritti in relazione a tali operazioni di trattamento.<\/p>\n<h2><strong>Dettagli delle operazioni di trattamento<\/strong><\/h2>\n<table width=\"661\">\n<tbody>\n<tr>\n<td width=\"166\">\n<p><strong>Finalit\u00e0 del trattamento<\/strong><\/p>\n<\/td>\n<td width=\"495\">\n<p>\u2013\u00a0\u00a0\u00a0\u00a0\u00a0\u00a0\u00a0 Gestione delle richieste e dei messaggi inoltrati tramite i moduli di contatto dedicati;<\/p>\n<p>\u2013\u00a0\u00a0\u00a0\u00a0\u00a0\u00a0\u00a0 Gestione delle comunicazioni commerciali relative ai prodotti, servizi ed eventi di Echosens;<\/p>\n<p>\u2013\u00a0\u00a0\u00a0\u00a0\u00a0\u00a0\u00a0 Gestione del Sito web;<\/p>\n<p>\u2013\u00a0\u00a0\u00a0\u00a0\u00a0\u00a0\u00a0 Misurazioni dell\u2019audience, delle prestazioni e creazione di rendiconti statistici e pubblicit\u00e0 mirate (si veda la Politica sui cookie);<\/p>\n<p>\u2013\u00a0\u00a0\u00a0\u00a0\u00a0\u00a0\u00a0 Ottimizzazione dei servizi online;<\/p>\n<p>\u2013\u00a0\u00a0\u00a0\u00a0\u00a0\u00a0\u00a0 Presa di contatto con l\u2019assistenza tecnica di Echosens;<\/p>\n<p>\u2013\u00a0\u00a0\u00a0\u00a0\u00a0\u00a0\u00a0 Iscrizione alla Echosens Academy (piattaforma di e-learning).<\/p>\n<\/td>\n<\/tr>\n<tr>\n<td width=\"166\">\n<p><strong>Base giuridica del trattamento<\/strong><\/p>\n<\/td>\n<td width=\"495\">\n<p>\u2013\u00a0\u00a0\u00a0\u00a0\u00a0\u00a0\u00a0 L\u2019interesse legittimo di Echosens a effettuare comunicazioni commerciali, gestire il proprio Sito web e le iscrizioni alla Echosens Academy (piattaforma di e-learning);<\/p>\n<p>\u2013\u00a0\u00a0\u00a0\u00a0\u00a0\u00a0\u00a0 Svolgere le necessarie fasi precedentemente alla stipula di un contratto.<\/p>\n<\/td>\n<\/tr>\n<tr>\n<td width=\"166\">\n<p><strong>Categorie di dati personali<\/strong><\/p>\n<\/td>\n<td width=\"495\">\n<p>\u2013\u00a0\u00a0\u00a0\u00a0\u00a0\u00a0\u00a0 Dati identificativi (nome, cognome, indirizzo IP, area geografica o Paese);<\/p>\n<p>\u2013\u00a0\u00a0\u00a0\u00a0\u00a0\u00a0\u00a0 Recapiti (indirizzo e-mail e numero di telefono personale e professionale);<\/p>\n<p>\u2013\u00a0\u00a0\u00a0\u00a0\u00a0\u00a0\u00a0 Dati professionali (azienda, funzione, incarichi);<\/p>\n<p>\u2013\u00a0\u00a0\u00a0\u00a0\u00a0\u00a0\u00a0 Tutti i dati personali indicati nei messaggi inviati a Echosens tramite i moduli di contatto;<\/p>\n<p>\u2013\u00a0\u00a0\u00a0\u00a0\u00a0\u00a0\u00a0 Dati di registro;<\/p>\n<p>\u2013\u00a0\u00a0\u00a0\u00a0\u00a0\u00a0\u00a0 Dati dei cookie;<\/p>\n<\/td>\n<\/tr>\n<tr>\n<td width=\"166\">\n<p><strong>Categorie di interessati<\/strong><\/p>\n<\/td>\n<td width=\"495\">\n<p>\u2013\u00a0\u00a0\u00a0\u00a0\u00a0\u00a0\u00a0 Secondo le finalit\u00e0 del trattamento, questi possono essere clienti esistenti o potenziali, fornitori o utenti Internet<\/p>\n<\/td>\n<\/tr>\n<tr>\n<td width=\"166\">\n<p><strong>Durata del trattamento<\/strong><\/p>\n<\/td>\n<td width=\"495\">\n<p>\u2013\u00a0\u00a0\u00a0\u00a0\u00a0\u00a0\u00a0 Clienti potenziali: 3 anni dall\u2019ultimo contatto con il cliente potenziale;<\/p>\n<p>\u2013\u00a0\u00a0\u00a0\u00a0\u00a0\u00a0\u00a0 Clienti esistenti: durata del rapporto contrattuale nella banca dati attiva e 5 anni nella banca dati intermedia per finalit\u00e0 probatorie;<\/p>\n<p>\u2013\u00a0\u00a0\u00a0\u00a0\u00a0\u00a0\u00a0 Fornitori: durata del rapporto contrattuale nella banca dati attiva e 5 anni nella banca dati intermedia per finalit\u00e0 probatorie;<\/p>\n<p>\u2013\u00a0\u00a0\u00a0\u00a0\u00a0\u00a0\u00a0 Cookie: massimo 25 mesi<\/p>\n<p>\u2013\u00a0\u00a0\u00a0\u00a0\u00a0\u00a0\u00a0 Dati di registro: 1 anno dalla raccolta.<\/p>\n<\/td>\n<\/tr>\n<\/tbody>\n<\/table>\n<p><strong>\u00a0<\/strong><\/p>\n<h2><strong>Destinatari dei dati personali<\/strong><\/h2>\n<p>Echosens ha facolt\u00e0 di comunicare i dati personali degli Utenti a destinatari autorizzati vincolati da un opportuno obbligo di riservatezza, che potranno essere interni o esterni, a seconda dei casi:<\/p>\n<p>I destinatari interni sono tutti i collaboratori di Echosens le cui mansioni, funzioni e incarichi richiedono il trattamento dei dati personali degli Utenti (Ufficio clienti, Reparto IT ecc.) esclusivamente per le finalit\u00e0 indicate nella presente Informativa sulla privacy e nell\u2019ambito delle misure tecniche e organizzative adottate da Echosens per tutelare la riservatezza e la sicurezza dei dati personali;<\/p>\n<p>I destinatari esterni sono, secondo la finalit\u00e0 del trattamento, i seguenti:<\/p>\n<ul>\n<li>fornitori di servizi o responsabili del trattamento a cui Echosens pu\u00f2 rivolgersi nel contesto della gestione del proprio rapporto con gli Utenti (ad es. fornitore di hosting di siti web);<\/li>\n<li>soggetti incaricati di svolgere attivit\u00e0 di consulenza, revisione (compresa la revisione delle licenze) e controlli finanziari di Echosens (revisore legale, avvocati, revisori contabili);<\/li>\n<li>enti amministrativi o giudiziari nell\u2019ambito dei loro poteri;<\/li>\n<li>nel caso di progetti di raccolta fondi, acquisizione o vendita di attivit\u00e0 o cespiti di Echosens attraverso qualsiasi modalit\u00e0, compresa la vendita della societ\u00e0 che svolge tale attivit\u00e0 o che possiede tali cespiti, il\/i potenziale\/i acquirente\/i e i relativi consulenti saranno sottoposti a verifiche precedentemente all\u2019operazione.<\/li>\n<\/ul>\n<h2>\u00a0<\/h2>\n<h2><strong>Diritti degli Utenti<\/strong><\/h2>\n<p>In base al luogo di residenza degli Utenti, questi potrebbero avere il diritto di accedere ai propri dati personali. L\u2019Utente potrebbe inoltre avere il diritto di rettificare o cancellare i propri dati personali, e il diritto di opporsi al loro trattamento e di revocare il consenso al trattamento, se pertinente. L\u2019Utente potrebbe avere altres\u00ec il diritto alla portabilit\u00e0 dei dati personali, alla limitazione del relativo trattamento e il diritto a stabilire le modalit\u00e0 di trattamento dei propri dati personali post mortem.<a name=\"_Toc82613610\"><\/a><a name=\"_Toc82613577\"><\/a><a name=\"_Toc82613609\"><\/a><a name=\"_Toc82613576\"><\/a><a name=\"_Toc82613608\"><\/a><a name=\"_Toc82613575\"><\/a>\u00a0<\/p>\n<p>Gli Utenti possono esercitare i diritti di cui sopra rivolgendosi a Echosens al seguente indirizzo: Echosens, 6 rue Ferrus, 75014 Paris, France, o tramite posta elettronica all\u2019indirizzo:\u00a0<a href=\"mailto:dpo@echosens.com\"><strong>dpo@echosens.com<\/strong><\/a>.<\/p>\n<p>La richiesta dell\u2019Utente dovr\u00e0 provenire dall\u2019Utente stesso (salvo qualora venga conferita la delega a terzi nella debita forma) e dovr\u00e0 essere il pi\u00f9 possibile chiara ed esaustiva per consentire a Echosens di rispondere tempestivamente, in un periodo compreso tra uno e tre mesi a seconda della sua complessit\u00e0.<\/p>\n<p>Echosens potrebbe richiedere all\u2019Utente di integrare la propria richiesta, se questa non risultasse sufficientemente circostanziata, se il diritto che egli\/ella desidera esercitare non fosse facilmente identificabile o se egli\/ella non fosse in grado di dimostrare la propria identit\u00e0, nel qual caso Echosens potrebbe chiedergli\/le di fornire ulteriori informazioni e in particolare un documento di identit\u00e0, che verrebbe eliminato una volta verificata l\u2019identit\u00e0 stessa.<\/p>\n<p>Echosens inoltre non sar\u00e0 obbligata a rispondere alla richiesta di un Utente qualora questa sia manifestamente infondata o eccessiva, e in particolare se la richiesta \u00e8 ripetitiva o troppo complessa per essere evasa, il che avrebbe lo scopo di destabilizzare le attivit\u00e0 di Echosens o di deviare dalle finalit\u00e0 o dai diritti dell\u2019interessato rispetto ai propri dati personali.<\/p>\n<h2><strong>Trasferimento all\u2019estero dei dati personali<\/strong><\/h2>\n<p>I dati personali degli Utenti che risiedono nello Spazio economico europeo (SEE) possono essere trasferiti in Paesi che non appartengono al SEE. In tale situazione, Echosens rispetta tutti gli obblighi relativi al trasferimento dei dati personali in un Paese terzo e adotta tutte le necessarie misure di salvaguardia, come le clausole contrattuali tipo (CCT), le norme vincolanti d\u2019impresa (NVI) e qualsiasi altra misura atta a garantire la sicurezza dei dati personali.<\/p>\n<h2><strong>Sicurezza<\/strong><\/h2>\n<p>Echosens adotta le misure di sicurezza tecnica e organizzativa che ritiene indicate a tutelare la riservatezza e la sicurezza dei dati personali da essa elaborati e a prevenirne la distruzione, la perdita, l\u2019alterazione o la divulgazione non autorizzate.<\/p>\n<p>Nel caso in cui Echosens faccia ricorso a un responsabile del trattamento, ossia a un fornitore di servizi a cui deleghi in tutto o in parte un\u2019operazione di trattamento e che effettui il trattamento dei dati personali degli Utenti nel rispetto delle sue istruzioni, Echosens si impegna a imporre contrattualmente a tale soggetto l\u2019adozione di garanzie simili a quelle da Echosens stessa adottate al fine di proteggere i dati personali e si riserva il diritto di effettuare dei controlli presso tale fornitore al fine di garantire il rispetto degli obblighi previsti.<\/p>\n<h2><strong>Aggiornamento dell\u2019Informativa sulla privacy<\/strong><\/h2>\n<p>Echosens potr\u00e0 modificare, integrare o aggiornare in qualsiasi momento la presente Informativa al fine di recepire eventuali sviluppi legali, normativi e\/o giuridici, modifiche delle caratteristiche delle modalit\u00e0 di trattamento o l\u2019integrazione di un nuovo trattamento. Eventuali nuove versioni della presente informativa verranno sottoposte all\u2019attenzione degli Utenti con qualsiasi mezzo ritenuto idoneo da Echosens.<\/p>\n<h2>Contatti<\/h2>\n<p>Gli Utenti possono presentare eventuali domande, reclami, raccomandazioni o commenti in relazione alla presente Informativa inviandole per iscritto al seguente indirizzo:<\/p>\n<ul>\n<li>Per posta: Echosens, 6 rue Ferrus, 75014 Paris &#8211; France<\/li>\n<li>Tramite e-mail:\u00a0<a href=\"mailto:dpo@echosens.com\"><strong>dpo@echosens.com<\/strong><\/a><\/li>\n<\/ul>\n<p>Gli Utenti che risiedono nello SEE possono inoltre rivolgere al Garante della Privacy del proprio Paese qualsiasi domanda in merito al trattamento dei propri dati personali o sottoporre ad esso eventuali reclami.<\/p>\n","protected":false},"excerpt":{"rendered":"<p>Informativa sulla protezione dei dati raccolti da Echosens sul proprio sito web:\u00a0V2 aggiornata il 15 febbraio 2023 Introduzione L\u2019informativa sulla privacy di Echosens esprime l\u2019impegno di Echosens, iscritta al Registro delle imprese e del commercio di Parigi con il numero 438\u00a0209\u00a0157, avente sede legale al 6, rue Ferrus, 75014 Parigi, Francia, agente in veste di [&hellip;]<\/p>\n","protected":false},"author":1,"featured_media":0,"parent":0,"menu_order":0,"comment_status":"closed","ping_status":"closed","template":"templates\/cms.php","meta":{"_acf_changed":false,"_searchwp_excluded":"","footnotes":""},"class_list":["post-97341","page","type-page","status-publish","hentry"],"acf":[],"yoast_head":"<!-- This site is optimized with the Yoast SEO plugin v27.2 - https:\/\/yoast.com\/product\/yoast-seo-wordpress\/ -->\n<title>Informativa sulla privacy - Echosens<\/title>\n<meta name=\"description\" content=\"L&#039;informativa sulla privacy di Echosens esprime l&#039;impegno di Echosens, iscritta al registro del commercio e delle imprese di Parigi.\" \/>\n<meta name=\"robots\" content=\"index, follow, max-snippet:-1, max-image-preview:large, max-video-preview:-1\" \/>\n<link rel=\"canonical\" href=\"https:\/\/www.echosens.com\/it\/informativa-sulla-privacy\/\" \/>\n<meta property=\"og:locale\" content=\"it_IT\" \/>\n<meta property=\"og:type\" content=\"article\" \/>\n<meta property=\"og:title\" content=\"Informativa sulla privacy - Echosens\" \/>\n<meta property=\"og:description\" content=\"L&#039;informativa sulla privacy di Echosens esprime l&#039;impegno di Echosens, iscritta al registro del commercio e delle imprese di Parigi.\" \/>\n<meta property=\"og:url\" content=\"https:\/\/www.echosens.com\/it\/informativa-sulla-privacy\/\" \/>\n<meta property=\"og:site_name\" content=\"Echosens\" \/>\n<meta property=\"article:publisher\" content=\"https:\/\/www.facebook.com\/fibroscan.echosens\" \/>\n<meta property=\"article:modified_time\" content=\"2025-10-03T12:49:04+00:00\" \/>\n<meta name=\"twitter:card\" content=\"summary_large_image\" \/>\n<meta name=\"twitter:site\" content=\"@Echosens\" \/>\n<meta name=\"twitter:label1\" content=\"Tempo di lettura stimato\" \/>\n\t<meta name=\"twitter:data1\" content=\"6 minuti\" \/>\n<script type=\"application\/ld+json\" class=\"yoast-schema-graph\">{\"@context\":\"https:\/\/schema.org\",\"@graph\":[{\"@type\":\"WebPage\",\"@id\":\"https:\/\/www.echosens.com\/it\/informativa-sulla-privacy\/\",\"url\":\"https:\/\/www.echosens.com\/it\/informativa-sulla-privacy\/\",\"name\":\"Informativa sulla privacy - Echosens\",\"isPartOf\":{\"@id\":\"https:\/\/www.echosens.com\/it\/#website\"},\"datePublished\":\"2020-12-30T10:42:07+00:00\",\"dateModified\":\"2025-10-03T12:49:04+00:00\",\"description\":\"L'informativa sulla privacy di Echosens esprime l'impegno di Echosens, iscritta al registro del commercio e delle imprese di Parigi.\",\"breadcrumb\":{\"@id\":\"https:\/\/www.echosens.com\/it\/informativa-sulla-privacy\/#breadcrumb\"},\"inLanguage\":\"it-IT\",\"potentialAction\":[{\"@type\":\"ReadAction\",\"target\":[\"https:\/\/www.echosens.com\/it\/informativa-sulla-privacy\/\"]}]},{\"@type\":\"BreadcrumbList\",\"@id\":\"https:\/\/www.echosens.com\/it\/informativa-sulla-privacy\/#breadcrumb\",\"itemListElement\":[{\"@type\":\"ListItem\",\"position\":1,\"name\":\"Home\",\"item\":\"https:\/\/www.echosens.com\/it\/\"},{\"@type\":\"ListItem\",\"position\":2,\"name\":\"Informativa sulla privacy\"}]},{\"@type\":\"WebSite\",\"@id\":\"https:\/\/www.echosens.com\/it\/#website\",\"url\":\"https:\/\/www.echosens.com\/it\/\",\"name\":\"Echosens\",\"description\":\"Un site utilisant WordPress\",\"publisher\":{\"@id\":\"https:\/\/www.echosens.com\/it\/#organization\"},\"potentialAction\":[{\"@type\":\"SearchAction\",\"target\":{\"@type\":\"EntryPoint\",\"urlTemplate\":\"https:\/\/www.echosens.com\/it\/?s={search_term_string}\"},\"query-input\":{\"@type\":\"PropertyValueSpecification\",\"valueRequired\":true,\"valueName\":\"search_term_string\"}}],\"inLanguage\":\"it-IT\"},{\"@type\":\"Organization\",\"@id\":\"https:\/\/www.echosens.com\/it\/#organization\",\"name\":\"ECHOSENS\",\"url\":\"https:\/\/www.echosens.com\/it\/\",\"logo\":{\"@type\":\"ImageObject\",\"inLanguage\":\"it-IT\",\"@id\":\"https:\/\/www.echosens.com\/it\/#\/schema\/logo\/image\/\",\"url\":\"https:\/\/www.echosens.com\/wp-content\/uploads\/2020\/12\/logo.svg\",\"contentUrl\":\"https:\/\/www.echosens.com\/wp-content\/uploads\/2020\/12\/logo.svg\",\"width\":1,\"height\":1,\"caption\":\"ECHOSENS\"},\"image\":{\"@id\":\"https:\/\/www.echosens.com\/it\/#\/schema\/logo\/image\/\"},\"sameAs\":[\"https:\/\/www.facebook.com\/fibroscan.echosens\",\"https:\/\/x.com\/Echosens\",\"https:\/\/www.linkedin.com\/company\/echosens\/\",\"https:\/\/www.youtube.com\/channel\/UC1myqoq18t1dKPTz0u1eEgg\"]}]}<\/script>\n<!-- \/ Yoast SEO plugin. -->","yoast_head_json":{"title":"Informativa sulla privacy - Echosens","description":"L'informativa sulla privacy di Echosens esprime l'impegno di Echosens, iscritta al registro del commercio e delle imprese di Parigi.","robots":{"index":"index","follow":"follow","max-snippet":"max-snippet:-1","max-image-preview":"max-image-preview:large","max-video-preview":"max-video-preview:-1"},"canonical":"https:\/\/www.echosens.com\/it\/informativa-sulla-privacy\/","og_locale":"it_IT","og_type":"article","og_title":"Informativa sulla privacy - Echosens","og_description":"L'informativa sulla privacy di Echosens esprime l'impegno di Echosens, iscritta al registro del commercio e delle imprese di Parigi.","og_url":"https:\/\/www.echosens.com\/it\/informativa-sulla-privacy\/","og_site_name":"Echosens","article_publisher":"https:\/\/www.facebook.com\/fibroscan.echosens","article_modified_time":"2025-10-03T12:49:04+00:00","twitter_card":"summary_large_image","twitter_site":"@Echosens","twitter_misc":{"Tempo di lettura stimato":"6 minuti"},"schema":{"@context":"https:\/\/schema.org","@graph":[{"@type":"WebPage","@id":"https:\/\/www.echosens.com\/it\/informativa-sulla-privacy\/","url":"https:\/\/www.echosens.com\/it\/informativa-sulla-privacy\/","name":"Informativa sulla privacy - Echosens","isPartOf":{"@id":"https:\/\/www.echosens.com\/it\/#website"},"datePublished":"2020-12-30T10:42:07+00:00","dateModified":"2025-10-03T12:49:04+00:00","description":"L'informativa sulla privacy di Echosens esprime l'impegno di Echosens, iscritta al registro del commercio e delle imprese di Parigi.","breadcrumb":{"@id":"https:\/\/www.echosens.com\/it\/informativa-sulla-privacy\/#breadcrumb"},"inLanguage":"it-IT","potentialAction":[{"@type":"ReadAction","target":["https:\/\/www.echosens.com\/it\/informativa-sulla-privacy\/"]}]},{"@type":"BreadcrumbList","@id":"https:\/\/www.echosens.com\/it\/informativa-sulla-privacy\/#breadcrumb","itemListElement":[{"@type":"ListItem","position":1,"name":"Home","item":"https:\/\/www.echosens.com\/it\/"},{"@type":"ListItem","position":2,"name":"Informativa sulla privacy"}]},{"@type":"WebSite","@id":"https:\/\/www.echosens.com\/it\/#website","url":"https:\/\/www.echosens.com\/it\/","name":"Echosens","description":"Un site utilisant WordPress","publisher":{"@id":"https:\/\/www.echosens.com\/it\/#organization"},"potentialAction":[{"@type":"SearchAction","target":{"@type":"EntryPoint","urlTemplate":"https:\/\/www.echosens.com\/it\/?s={search_term_string}"},"query-input":{"@type":"PropertyValueSpecification","valueRequired":true,"valueName":"search_term_string"}}],"inLanguage":"it-IT"},{"@type":"Organization","@id":"https:\/\/www.echosens.com\/it\/#organization","name":"ECHOSENS","url":"https:\/\/www.echosens.com\/it\/","logo":{"@type":"ImageObject","inLanguage":"it-IT","@id":"https:\/\/www.echosens.com\/it\/#\/schema\/logo\/image\/","url":"https:\/\/www.echosens.com\/wp-content\/uploads\/2020\/12\/logo.svg","contentUrl":"https:\/\/www.echosens.com\/wp-content\/uploads\/2020\/12\/logo.svg","width":1,"height":1,"caption":"ECHOSENS"},"image":{"@id":"https:\/\/www.echosens.com\/it\/#\/schema\/logo\/image\/"},"sameAs":["https:\/\/www.facebook.com\/fibroscan.echosens","https:\/\/x.com\/Echosens","https:\/\/www.linkedin.com\/company\/echosens\/","https:\/\/www.youtube.com\/channel\/UC1myqoq18t1dKPTz0u1eEgg"]}]}},"_links":{"self":[{"href":"https:\/\/www.echosens.com\/it\/wp-json\/wp\/v2\/pages\/97341","targetHints":{"allow":["GET"]}}],"collection":[{"href":"https:\/\/www.echosens.com\/it\/wp-json\/wp\/v2\/pages"}],"about":[{"href":"https:\/\/www.echosens.com\/it\/wp-json\/wp\/v2\/types\/page"}],"author":[{"embeddable":true,"href":"https:\/\/www.echosens.com\/it\/wp-json\/wp\/v2\/users\/1"}],"replies":[{"embeddable":true,"href":"https:\/\/www.echosens.com\/it\/wp-json\/wp\/v2\/comments?post=97341"}],"version-history":[{"count":4,"href":"https:\/\/www.echosens.com\/it\/wp-json\/wp\/v2\/pages\/97341\/revisions"}],"predecessor-version":[{"id":97631,"href":"https:\/\/www.echosens.com\/it\/wp-json\/wp\/v2\/pages\/97341\/revisions\/97631"}],"wp:attachment":[{"href":"https:\/\/www.echosens.com\/it\/wp-json\/wp\/v2\/media?parent=97341"}],"curies":[{"name":"wp","href":"https:\/\/api.w.org\/{rel}","templated":true}]}}